{"id":10319,"date":"2022-12-03T17:18:57","date_gmt":"2022-12-03T17:18:57","guid":{"rendered":"http:\/\/promediccomvn469.chiliweb.org\/san-pham\/dmp-max-2\/"},"modified":"2022-12-07T11:36:55","modified_gmt":"2022-12-07T11:36:55","slug":"dmp-max-2","status":"publish","type":"product","link":"https:\/\/promedic.com.vn\/vi\/san-pham\/dmp-max-2\/","title":{"rendered":"Dmp &#8211; max"},"content":{"rendered":"<p><strong>KEM B\u00d4I NGO\u00c0I DA<\/strong><\/p>\n<p><strong>TH\u00c0NH PH\u1ea6N:<\/strong> Trong 100g c\u00f3 ch\u1ee9a:<\/p>\n<ul>\n<li>Dexamethasone sodium phosphate \u2026\u2026. 4.000mcg<\/li>\n<li>Prednisolone &#8230;&#8230;&#8230;&#8230;&#8230;&#8230;&#8230;&#8230;&#8230;.. 4.000mcg<\/li>\n<li>Methyl salicylate&#8230;&#8230;&#8230;&#8230;&#8230;&#8230;&#8230;&#8230;. 1.000mg<\/li>\n<li>Camphor&#8230;&#8230;&#8230;&#8230;&#8230;&#8230;&#8230;&#8230;&#8230;&#8230;&#8230;&#8230;&#8230; 1.500mg<\/li>\n<li>DMSO&#8230;&#8230;&#8230;&#8230;&#8230;&#8230;&#8230;&#8230;&#8230;&#8230;&#8230;&#8230;&#8230;. 10.000mg<\/li>\n<\/ul>\n<p><strong>C\u00d4NG D\u1ee4NG: <\/strong>S\u1eed d\u1ee5ng trong c\u00e1c tr\u01b0\u1eddng h\u1ee3p b\u1ecb \u0111au c\u01a1, c\u0103ng c\u01a1, vi\u00eam kh\u1edbp, \u0111au kh\u1edbp do v\u1eadn \u0111\u1ed9ng m\u1ea1nh.<\/p>\n<p><strong>C\u00c1CH S\u1eec D\u1ee4NG:\u00a0<\/strong>B\u00f4i ngo\u00e0i da v\u00e0 xoa b\u00f3p nh\u1eb9 nh\u00e0ng. S\u1eed d\u1ee5ng 2\u20133 l\u1ea7n m\u1ed7i ng\u00e0y cho \u0111\u1ebfn khi kh\u1ecfi b\u1ec7nh.<\/p>\n<p><strong>CH\u1ec8 D\u00d9NG TRONG TH\u00da Y<\/strong><\/p>\n<p><strong>\u0110\u1ec2 XA T\u1ea6M TAY TR\u1eba EM<\/strong><\/p>\n<p><strong>Kh\u1ed1i l\u01b0\u1ee3ng t\u1ecbnh:<\/strong> 200g<\/p>\n<p><strong>S\u0110K:<\/strong> APC-211<\/p>\n<p><strong>B\u1ea3o qu\u1ea3n:<\/strong> N\u01a1i kh\u00f4 tho\u00e1ng, nhi\u1ec7t \u0111\u1ed9 kh\u00f4ng qu\u00e1 30<sup>\u00b0<\/sup>C.<\/p>\n","protected":false},"excerpt":{"rendered":"<p>KEM B\u00d4I NGO\u00c0I DA TH\u00c0NH PH\u1ea6N: Trong 100g c\u00f3 ch\u1ee9a: Dexamethasone sodium phosphate \u2026\u2026. 4.000mcg Prednisolone &#8230;&#8230;&#8230;&#8230;&#8230;&#8230;&#8230;&#8230;&#8230;.. 4.000mcg Methyl salicylate&#8230;&#8230;&#8230;&#8230;&#8230;&#8230;&#8230;&#8230;. 1.000mg Camphor&#8230;&#8230;&#8230;&#8230;&#8230;&#8230;&#8230;&#8230;&#8230;&#8230;&#8230;&#8230;&#8230; 1.500mg DMSO&#8230;&#8230;&#8230;&#8230;&#8230;&#8230;&#8230;&#8230;&#8230;&#8230;&#8230;&#8230;&#8230;. 10.000mg C\u00d4NG D\u1ee4NG: S\u1eed d\u1ee5ng trong c\u00e1c tr\u01b0\u1eddng h\u1ee3p b\u1ecb \u0111au c\u01a1, c\u0103ng c\u01a1, vi\u00eam kh\u1edbp, \u0111au kh\u1edbp do v\u1eadn \u0111\u1ed9ng m\u1ea1nh. C\u00c1CH S\u1eec D\u1ee4NG:\u00a0B\u00f4i ngo\u00e0i da v\u00e0 xoa b\u00f3p nh\u1eb9 [&hellip;]<\/p>\n","protected":false},"featured_media":10019,"comment_status":"open","ping_status":"closed","template":"","meta":[],"product_cat":[110],"product_tag":[],"_links":{"self":[{"href":"https:\/\/promedic.com.vn\/vi\/wp-json\/wp\/v2\/product\/10319"}],"collection":[{"href":"https:\/\/promedic.com.vn\/vi\/wp-json\/wp\/v2\/product"}],"about":[{"href":"https:\/\/promedic.com.vn\/vi\/wp-json\/wp\/v2\/types\/product"}],"replies":[{"embeddable":true,"href":"https:\/\/promedic.com.vn\/vi\/wp-json\/wp\/v2\/comments?post=10319"}],"wp:featuredmedia":[{"embeddable":true,"href":"https:\/\/promedic.com.vn\/vi\/wp-json\/wp\/v2\/media\/10019"}],"wp:attachment":[{"href":"https:\/\/promedic.com.vn\/vi\/wp-json\/wp\/v2\/media?parent=10319"}],"wp:term":[{"taxonomy":"product_cat","embeddable":true,"href":"https:\/\/promedic.com.vn\/vi\/wp-json\/wp\/v2\/product_cat?post=10319"},{"taxonomy":"product_tag","embeddable":true,"href":"https:\/\/promedic.com.vn\/vi\/wp-json\/wp\/v2\/product_tag?post=10319"}],"curies":[{"name":"wp","href":"https:\/\/api.w.org\/{rel}","templated":true}]}}