{"id":10318,"date":"2022-12-03T17:51:10","date_gmt":"2022-12-03T17:51:10","guid":{"rendered":"http:\/\/promediccomvn469.chiliweb.org\/san-pham\/meximax-2\/"},"modified":"2022-12-07T11:36:55","modified_gmt":"2022-12-07T11:36:55","slug":"meximax-2","status":"publish","type":"product","link":"https:\/\/promedic.com.vn\/vi\/san-pham\/meximax-2\/","title":{"rendered":"Meximax"},"content":{"rendered":"<p><strong>DUNG D\u1ecaCH TI\u00caM GI\u1ea2M \u0110AU, H\u1ea0 S\u1ed0T V\u00c0 CH\u1ed0NG TH\u1ea4P KH\u1edaP<\/strong><\/p>\n<p><strong>TH\u00c0NH PH\u1ea6N:<\/strong><\/p>\n<p>Meloxicam \u2026\u2026\u2026\u2026\u2026\u2026\u2026\u2026\u2026\u2026&#8230;&#8230;.\u2026\u2026\u2026. 5mg<br \/>\nT\u00e1 d\u01b0\u1ee3c v\u1eeba \u0111\u1ee7 \u2026\u2026\u2026\u2026\u2026\u2026\u2026\u2026\u2026\u2026\u2026\u2026\u2026 1ml<\/p>\n<p><strong>CH\u1ec8 \u0110\u1ecaNH:<\/strong>\u00a0Meloxicam \u0111\u01b0\u1ee3c s\u1eed d\u1ee5ng \u0111\u1ec3 gi\u1ea3m \u0111au, h\u1ea1 s\u1ed1t v\u00e0 ch\u1ed1ng th\u1ea5p kh\u1edbp cho ng\u1ef1a, b\u00ea, ngh\u00e9, gia s\u00fac, c\u1eebu, d\u00ea, m\u00e8o v\u00e0 ch\u00f3.\u00a0C\u00f3 th\u1ec3 d\u00f9ng l\u00e0m gi\u1ea3m tri\u1ec7u ch\u1ee9ng l\u00e2m s\u00e0ng trong nhi\u1ec5m khu\u1ea9n \u0111\u01b0\u1eddng h\u00f4 h\u1ea5p c\u1ea5p, gi\u1ea3m \u0111au sau m\u1ed5.<\/p>\n<p><strong>LI\u1ec0U L\u01af\u1ee2NG V\u00c0 C\u00c1CH D\u00d9NG:<\/strong><\/p>\n<ul>\n<li>B\u1eb1ng c\u00e1ch ti\u00eam d\u01b0\u1edbi da:\n<ul>\n<li>Gia s\u00fac, l\u1ea1c \u0111\u00e0, ng\u1ef1a: 1ml\/8-10kg th\u1ec3 tr\u1ecdng\/ng\u00e0y.<\/li>\n<li>B\u00ea, ngh\u00e9, d\u00ea, c\u1eebu: 1ml\/10kg th\u1ec3 tr\u1ecdng\/ng\u00e0y.<\/li>\n<li>Ch\u00f3: 0,4ml\/10kg th\u1ec3 tr\u1ecdng\/ng\u00e0y.<\/li>\n<li>M\u00e8o: 0,12ml\/2kg th\u1ec3 tr\u1ecdng\/ng\u00e0y.<\/li>\n<\/ul>\n<\/li>\n<li>Meloxicam n\u00ean \u0111\u01b0\u1ee3c d\u00f9ng d\u01b0\u1edbi d\u1ea1ng thu\u1ed1c li\u1ec1u duy nh\u1ea5t.\u00a0Kh\u00f4ng \u00e1p d\u1ee5ng li\u1ec1u l\u1eb7p l\u1ea1i cho m\u00e8o.<\/li>\n<\/ul>\n<p><strong>Th\u1eddi gian r\u00fat ti\u1ec1n:<\/strong><\/p>\n<ul>\n<li>\u0110\u1ed1i v\u1edbi th\u1ecbt: 15 ng\u00e0y.<\/li>\n<li>\u0110\u1ed1i v\u1edbi s\u1eefa: 05 ng\u00e0y (10 l\u1ea7n v\u1eaft s\u1eefa).<\/li>\n<\/ul>\n<p><strong>B\u1ea2O QU\u1ea2N:<\/strong>\u00a0\u0110\u1ec3 trong b\u00f3ng r\u00e2m, n\u01a1i kh\u00f4 m\u00e1t, \u1edf nhi\u1ec7t \u0111\u1ed9 ph\u00f2ng.<\/p>\n<p><strong>CH\u1ec8 D\u00c0NH CHO TH\u00da Y<\/strong><\/p>\n<p><strong>Th\u1ec3 t\u00edch th\u1ef1c:<\/strong>\u00a0100ml<\/p>\n<p><strong>Rgt.No:<\/strong>\u00a0APC \u2013 28 \u2013 XK<\/p>\n<p><strong>Mfg.date \u2013 Exp.date \u2013 L\u00f4:<\/strong>\u00a0Hi\u1ec3n th\u1ecb tr\u00ean bao b\u00ec.<\/p>\n","protected":false},"excerpt":{"rendered":"<p>DUNG D\u1ecaCH TI\u00caM GI\u1ea2M \u0110AU, H\u1ea0 S\u1ed0T V\u00c0 CH\u1ed0NG TH\u1ea4P KH\u1edaP TH\u00c0NH PH\u1ea6N: Meloxicam \u2026\u2026\u2026\u2026\u2026\u2026\u2026\u2026\u2026\u2026&#8230;&#8230;.\u2026\u2026\u2026. 5mg T\u00e1 d\u01b0\u1ee3c v\u1eeba \u0111\u1ee7 \u2026\u2026\u2026\u2026\u2026\u2026\u2026\u2026\u2026\u2026\u2026\u2026\u2026 1ml CH\u1ec8 \u0110\u1ecaNH:\u00a0Meloxicam \u0111\u01b0\u1ee3c s\u1eed d\u1ee5ng \u0111\u1ec3 gi\u1ea3m \u0111au, h\u1ea1 s\u1ed1t v\u00e0 ch\u1ed1ng th\u1ea5p kh\u1edbp cho ng\u1ef1a, b\u00ea, ngh\u00e9, gia s\u00fac, c\u1eebu, d\u00ea, m\u00e8o v\u00e0 ch\u00f3.\u00a0C\u00f3 th\u1ec3 d\u00f9ng l\u00e0m gi\u1ea3m tri\u1ec7u ch\u1ee9ng l\u00e2m s\u00e0ng [&hellip;]<\/p>\n","protected":false},"featured_media":10048,"comment_status":"open","ping_status":"closed","template":"","meta":[],"product_cat":[110],"product_tag":[],"_links":{"self":[{"href":"https:\/\/promedic.com.vn\/vi\/wp-json\/wp\/v2\/product\/10318"}],"collection":[{"href":"https:\/\/promedic.com.vn\/vi\/wp-json\/wp\/v2\/product"}],"about":[{"href":"https:\/\/promedic.com.vn\/vi\/wp-json\/wp\/v2\/types\/product"}],"replies":[{"embeddable":true,"href":"https:\/\/promedic.com.vn\/vi\/wp-json\/wp\/v2\/comments?post=10318"}],"wp:featuredmedia":[{"embeddable":true,"href":"https:\/\/promedic.com.vn\/vi\/wp-json\/wp\/v2\/media\/10048"}],"wp:attachment":[{"href":"https:\/\/promedic.com.vn\/vi\/wp-json\/wp\/v2\/media?parent=10318"}],"wp:term":[{"taxonomy":"product_cat","embeddable":true,"href":"https:\/\/promedic.com.vn\/vi\/wp-json\/wp\/v2\/product_cat?post=10318"},{"taxonomy":"product_tag","embeddable":true,"href":"https:\/\/promedic.com.vn\/vi\/wp-json\/wp\/v2\/product_tag?post=10318"}],"curies":[{"name":"wp","href":"https:\/\/api.w.org\/{rel}","templated":true}]}}