{"id":10317,"date":"2022-12-03T18:07:26","date_gmt":"2022-12-03T18:07:26","guid":{"rendered":"http:\/\/promediccomvn469.chiliweb.org\/san-pham\/clofemax-2\/"},"modified":"2022-12-07T11:32:39","modified_gmt":"2022-12-07T11:32:39","slug":"clofemax-2","status":"publish","type":"product","link":"https:\/\/promedic.com.vn\/vi\/san-pham\/clofemax-2\/","title":{"rendered":"Clofemax"},"content":{"rendered":"<p><strong>DUNG D\u1ecaCH TI\u00caM CH\u1ed0NG VI\u00caM, <\/strong><strong>H\u1ea0 S\u1ed0T, <\/strong><strong>GI\u1ea2M \u0110AU<\/strong><\/p>\n<p><strong>TH\u00c0NH PH\u1ea6N:<\/strong><\/p>\n<ul>\n<li>Natri diclofenac \u2026\u2026\u2026\u2026\u2026\u2026\u2026\u2026\u2026\u2026.\u00a025mg<\/li>\n<li>T\u00e1 d\u01b0\u1ee3c v\u1eeba \u0111\u1ee7 \u2026\u2026\u2026\u2026\u2026\u2026\u2026\u2026\u2026\u2026\u2026\u2026\u2026\u2026.. 1ml<\/li>\n<\/ul>\n<p><strong>CH\u1ec8 \u0110\u1ecaNH:<\/strong>\u00a0\u0110i\u1ec1u tr\u1ecb tho\u00e1i h\u00f3a kh\u1edbp, vi\u00eam kh\u1edbp c\u1ea5p ho\u1eb7c m\u00e3n t\u00ednh, vi\u00eam bao ho\u1ea1t d\u1ecbch.\u00a0\u0110au do vi\u00eam c\u01a1, vi\u00eam g\u00e2n, vi\u00eam d\u00e2y th\u1ea7n kinh, ch\u1ea5n th\u01b0\u01a1ng, th\u1ea5p kh\u1edbp v\u00e0 c\u01a1, sau ph\u1eabu thu\u1eadt.\u00a0\u0110i\u1ec1u tr\u1ecb \u0111au b\u1ee5ng co th\u1eaft \u1edf ng\u1ef1a v\u00e0 \u0111\u1ed9ng v\u1eadt.\u00a0K\u1ebft h\u1ee3p v\u1edbi kh\u00e1ng sinh \u0111\u1ec3 \u0111i\u1ec1u tr\u1ecb c\u00e1c b\u1ec7nh truy\u1ec1n nhi\u1ec5m.<\/p>\n<p><strong>LI\u1ec0U L\u01af\u1ee2NG V\u00c0 C\u00c1CH D\u00d9NG:<\/strong><\/p>\n<ul>\n<li>B\u1eb1ng c\u00e1ch ti\u00eam b\u1eafp trong 3-5 ng\u00e0y li\u00ean ti\u1ebfp.\n<ul>\n<li>Gia s\u00fac, ng\u1ef1a: 1ml\/10kg th\u1ec3 tr\u1ecdng\/ng\u00e0y (10\u201315ml\/con).<\/li>\n<li>C\u1eebu, d\u00ea, b\u00ea: 1ml\/10kg th\u1ec3 tr\u1ecdng\/ng\u00e0y (2\u20135ml\/con).<\/li>\n<li>Ch\u00f3 m\u00e8o: 0,3\u20131ml\/con.<\/li>\n<\/ul>\n<\/li>\n<\/ul>\n<p><strong>TH\u1edcI GIAN R\u00daT TI\u1ec0N:<\/strong>\u00a0\u0110\u1ed1i v\u1edbi th\u1ecbt: 4 ng\u00e0y.<\/p>\n<p><strong>KHO:<\/strong><\/p>\n<p><strong>CH\u1ec8 D\u00c0NH CHO TH\u00da Y<\/strong><\/p>\n<p><strong>Th\u1ec3 t\u00edch th\u1ef1c:<\/strong>\u00a0100ml<\/p>\n<p><strong>M\u00e3 s\u1ed1:<\/strong>\u00a0APC \u2013 38 \u2013 XK<\/p>\n<p><strong>Mfg.date \u2013 Exp.date \u2013 L\u00f4:<\/strong>\u00a0Hi\u1ec3n th\u1ecb tr\u00ean bao b\u00ec.<\/p>\n<p><strong>S\u1ea3n xu\u1ea5t t\u1ea1i:<\/strong>\u00a0Th\u00e0nh ph\u1ed1 C\u1ea7n Th\u01a1, Vi\u1ec7t Nam.<\/p>\n","protected":false},"excerpt":{"rendered":"<p>DUNG D\u1ecaCH TI\u00caM CH\u1ed0NG VI\u00caM, H\u1ea0 S\u1ed0T, GI\u1ea2M \u0110AU TH\u00c0NH PH\u1ea6N: Natri diclofenac \u2026\u2026\u2026\u2026\u2026\u2026\u2026\u2026\u2026\u2026.\u00a025mg T\u00e1 d\u01b0\u1ee3c v\u1eeba \u0111\u1ee7 \u2026\u2026\u2026\u2026\u2026\u2026\u2026\u2026\u2026\u2026\u2026\u2026\u2026\u2026.. 1ml CH\u1ec8 \u0110\u1ecaNH:\u00a0\u0110i\u1ec1u tr\u1ecb tho\u00e1i h\u00f3a kh\u1edbp, vi\u00eam kh\u1edbp c\u1ea5p ho\u1eb7c m\u00e3n t\u00ednh, vi\u00eam bao ho\u1ea1t d\u1ecbch.\u00a0\u0110au do vi\u00eam c\u01a1, vi\u00eam g\u00e2n, vi\u00eam d\u00e2y th\u1ea7n kinh, ch\u1ea5n th\u01b0\u01a1ng, th\u1ea5p kh\u1edbp v\u00e0 c\u01a1, sau ph\u1eabu thu\u1eadt.\u00a0\u0110i\u1ec1u tr\u1ecb [&hellip;]<\/p>\n","protected":false},"featured_media":10046,"comment_status":"open","ping_status":"closed","template":"","meta":[],"product_cat":[110],"product_tag":[],"_links":{"self":[{"href":"https:\/\/promedic.com.vn\/vi\/wp-json\/wp\/v2\/product\/10317"}],"collection":[{"href":"https:\/\/promedic.com.vn\/vi\/wp-json\/wp\/v2\/product"}],"about":[{"href":"https:\/\/promedic.com.vn\/vi\/wp-json\/wp\/v2\/types\/product"}],"replies":[{"embeddable":true,"href":"https:\/\/promedic.com.vn\/vi\/wp-json\/wp\/v2\/comments?post=10317"}],"wp:featuredmedia":[{"embeddable":true,"href":"https:\/\/promedic.com.vn\/vi\/wp-json\/wp\/v2\/media\/10046"}],"wp:attachment":[{"href":"https:\/\/promedic.com.vn\/vi\/wp-json\/wp\/v2\/media?parent=10317"}],"wp:term":[{"taxonomy":"product_cat","embeddable":true,"href":"https:\/\/promedic.com.vn\/vi\/wp-json\/wp\/v2\/product_cat?post=10317"},{"taxonomy":"product_tag","embeddable":true,"href":"https:\/\/promedic.com.vn\/vi\/wp-json\/wp\/v2\/product_tag?post=10317"}],"curies":[{"name":"wp","href":"https:\/\/api.w.org\/{rel}","templated":true}]}}