{"id":10315,"date":"2022-12-03T18:20:35","date_gmt":"2022-12-03T18:20:35","guid":{"rendered":"http:\/\/promediccomvn469.chiliweb.org\/san-pham\/flu-max-2\/"},"modified":"2022-12-07T11:32:39","modified_gmt":"2022-12-07T11:32:39","slug":"flu-max-2","status":"publish","type":"product","link":"https:\/\/promedic.com.vn\/vi\/san-pham\/flu-max-2\/","title":{"rendered":"Flu-max"},"content":{"rendered":"<p><strong>DUNG D\u1ecaCH TI\u00caM CH\u1ed0NG VI\u00caM \u2013 GI\u1ea2M \u0110AU \u2013 H\u1ea0 S\u1ed0T\u00a0<\/strong><\/p>\n<p><strong>TH\u00c0NH PH\u1ea6N:<\/strong><\/p>\n<ul>\n<li>Flunixin meglumine \u2026\u2026\u2026\u2026\u2026&#8230;&#8230;&#8230;..\u2026\u2026\u2026\u2026.. 50mg<\/li>\n<li>Dung m\u00f4i v\u1eeba \u0111\u1ee7 \u2026\u2026\u2026\u2026\u2026\u2026\u2026\u2026\u2026\u2026\u2026\u2026\u2026\u2026\u20261ml<\/li>\n<\/ul>\n<p><strong>CH\u1ec8 \u0110\u1ecaNH:<\/strong><\/p>\n<ul>\n<li>Gia s\u00fac: \u0111i\u1ec1u tr\u1ecb vi\u00eam c\u1ea5p t\u00ednh li\u00ean quan \u0111\u1ebfn b\u1ec7nh \u0111\u01b0\u1eddng h\u00f4 h\u1ea5p, ti\u00eau ch\u1ea3y, \u0111au b\u1ee5ng v\u00e0 vi\u00eam v\u00fa.<\/li>\n<li>Ng\u1ef1a: \u0110i\u1ec1u tr\u1ecb \u0111au b\u1ee5ng \u1edf ng\u1ef1a (ch\u1ed1ng vi\u00eam ru\u1ed9t v\u00e0 ch\u1ed1ng n\u1ed9i \u0111\u1ed9c t\u1ed1).<\/li>\n<li>Ch\u00f3, m\u00e8o: \u0111i\u1ec1u tr\u1ecb vi\u00eam v\u00e0 \u0111au.<\/li>\n<\/ul>\n<p><strong>LI\u1ec0U V\u00c0 C\u00c1CH D\u00d9NG<\/strong><strong>:<\/strong> \u00c1p d\u1ee5ng qua \u0111\u01b0\u1eddng ti\u00eam b\u1eafp.<\/p>\n<ul>\n<li>Gia s\u00fac, c\u1eebu, d\u00ea, l\u1ea1c \u0111\u00e0: 1-2 ml\/45kg th\u1ec3 tr\u1ecdng 24 gi\u1edd m\u1ed9t l\u1ea7n, trong 3-5 ng\u00e0y.<\/li>\n<li>Ng\u1ef1a: 1ml\/45kg th\u1ec3 tr\u1ecdng c\u1ee9 24 gi\u1edd m\u1ed9t l\u1ea7n trong 2 ng\u00e0y.<\/li>\n<li>Ch\u00f3: 0,1ml\/5kg th\u1ec3 tr\u1ecdng, 24 gi\u1edd m\u1ed9t l\u1ea7n, trong 3-5 ng\u00e0y.<\/li>\n<li>M\u00e8o: 0,05ml\/5kg th\u1ec3 tr\u1ecdng, 24 gi\u1edd m\u1ed9t l\u1ea7n, trong 3-5 ng\u00e0y.<\/li>\n<\/ul>\n<p><strong>TH\u1edcI GIAN NG\u01afNG D\u00d9NG THU\u1ed0C:<\/strong><\/p>\n<ul>\n<li>B\u00f2 th\u1ecbt: 7 ng\u00e0y.<\/li>\n<li>B\u00f2 s\u1eefa: 1 ng\u00e0y.<\/li>\n<li>Ng\u1ef1a: Kh\u00f4ng d\u00f9ng cho ng\u1ef1a d\u00f9ng l\u00e0m th\u1ee9c \u0103n cho ng\u01b0\u1eddi.<\/li>\n<\/ul>\n<p><strong>CH\u1ec8 D\u00d9NG TRONG TH\u00da Y<\/strong><\/p>\n<p><strong>Th\u1ec3 t\u00edch th\u1ef1c:<\/strong>\u00a050ml, 100ml<\/p>\n<p><strong>S\u0110K: <\/strong>APC \u2013 94<\/p>\n<p><strong>B\u1ea3o qu\u1ea3n:<\/strong> N\u01a1i kh\u00f4 tho\u00e1ng, nhi\u1ec7t \u0111\u1ed9 kh\u00f4ng qu\u00e1 30<sup>o<\/sup>C<\/p>\n","protected":false},"excerpt":{"rendered":"<p>DUNG D\u1ecaCH TI\u00caM CH\u1ed0NG VI\u00caM \u2013 GI\u1ea2M \u0110AU \u2013 H\u1ea0 S\u1ed0T\u00a0 TH\u00c0NH PH\u1ea6N: Flunixin meglumine \u2026\u2026\u2026\u2026\u2026&#8230;&#8230;&#8230;..\u2026\u2026\u2026\u2026.. 50mg Dung m\u00f4i v\u1eeba \u0111\u1ee7 \u2026\u2026\u2026\u2026\u2026\u2026\u2026\u2026\u2026\u2026\u2026\u2026\u2026\u2026\u20261ml CH\u1ec8 \u0110\u1ecaNH: Gia s\u00fac: \u0111i\u1ec1u tr\u1ecb vi\u00eam c\u1ea5p t\u00ednh li\u00ean quan \u0111\u1ebfn b\u1ec7nh \u0111\u01b0\u1eddng h\u00f4 h\u1ea5p, ti\u00eau ch\u1ea3y, \u0111au b\u1ee5ng v\u00e0 vi\u00eam v\u00fa. Ng\u1ef1a: \u0110i\u1ec1u tr\u1ecb \u0111au b\u1ee5ng \u1edf ng\u1ef1a (ch\u1ed1ng vi\u00eam ru\u1ed9t [&hellip;]<\/p>\n","protected":false},"featured_media":10044,"comment_status":"open","ping_status":"closed","template":"","meta":[],"product_cat":[110],"product_tag":[],"_links":{"self":[{"href":"https:\/\/promedic.com.vn\/vi\/wp-json\/wp\/v2\/product\/10315"}],"collection":[{"href":"https:\/\/promedic.com.vn\/vi\/wp-json\/wp\/v2\/product"}],"about":[{"href":"https:\/\/promedic.com.vn\/vi\/wp-json\/wp\/v2\/types\/product"}],"replies":[{"embeddable":true,"href":"https:\/\/promedic.com.vn\/vi\/wp-json\/wp\/v2\/comments?post=10315"}],"wp:featuredmedia":[{"embeddable":true,"href":"https:\/\/promedic.com.vn\/vi\/wp-json\/wp\/v2\/media\/10044"}],"wp:attachment":[{"href":"https:\/\/promedic.com.vn\/vi\/wp-json\/wp\/v2\/media?parent=10315"}],"wp:term":[{"taxonomy":"product_cat","embeddable":true,"href":"https:\/\/promedic.com.vn\/vi\/wp-json\/wp\/v2\/product_cat?post=10315"},{"taxonomy":"product_tag","embeddable":true,"href":"https:\/\/promedic.com.vn\/vi\/wp-json\/wp\/v2\/product_tag?post=10315"}],"curies":[{"name":"wp","href":"https:\/\/api.w.org\/{rel}","templated":true}]}}