{"id":10314,"date":"2022-12-03T18:54:21","date_gmt":"2022-12-03T18:54:21","guid":{"rendered":"http:\/\/promediccomvn469.chiliweb.org\/san-pham\/genta-mas-2\/"},"modified":"2022-12-07T11:33:19","modified_gmt":"2022-12-07T11:33:19","slug":"genta-mas-2","status":"publish","type":"product","link":"https:\/\/promedic.com.vn\/vi\/san-pham\/genta-mas-2\/","title":{"rendered":"Genta \u2013 mas"},"content":{"rendered":"<p><strong>H\u1ed6N D\u1ecaCH B\u01a0M V\u00da <\/strong><strong>\u0110I\u1ec0U TR\u1eca VI\u00caM V\u00da<\/strong><\/p>\n<p><strong>TH\u00c0NH<\/strong><strong> PH\u1ea6N:<\/strong><\/p>\n<ul>\n<li>Gentamicin sulphate&#8230;&#8230;&#8230;&#8230;.\u2026\u2026.200 mg<\/li>\n<li>T\u00e1 d\u01b0\u1ee3c v\u1eeba \u0111\u1ee7\u2026\u2026\u2026\u2026\u2026\u2026\u2026\u2026\u202610 g<\/li>\n<\/ul>\n<p><strong>C\u00d4NG<\/strong><strong> D\u1ee4NG: <\/strong>\u0110i\u1ec1u tr\u1ecb vi\u00eam v\u00fa \u1edf b\u00f2 do vi sinh v\u1eadt nh\u1ea1y c\u1ea3m v\u1edbi Gentamycin, nh\u01b0: Corynebacterium bovis, Enterobacter aerogenes, E.coli, Klebsiella pneumoniae, Pseudomonas aeruginosa, Staphylococcus aureus, Streptococcus agalactiae, Streptococcus uberis, Streptococcus dysperella.<\/p>\n<p><strong>C\u00c1CH<\/strong><strong> V\u00c0 LI\u1ec0U D\u00d9NG<\/strong><strong>:<\/strong><\/p>\n<ul>\n<li>Sau l\u1ea7n v\u1eaft s\u1eefa cu\u1ed1i c\u00f9ng, v\u1ec7 sinh, lau kh\u00f4 r\u1ed3i s\u00e1t tr\u00f9ng b\u1ea7u v\u00fa v\u00e0 n\u00fam v\u00fa.<\/li>\n<li>B\u1ebb n\u1eafp \u0111\u1eady \u1ed1ng b\u01a1m, lu\u1ed3n \u0111\u1ea7u \u1ed1ng b\u01a1m v\u00e0o n\u00fam v\u00fa v\u00e0 b\u01a1m thu\u1ed1c. Sau khi b\u01a1m thu\u1ed1c xong, b\u1ecbt k\u00edn n\u00fam v\u00fa, d\u00f9ng tay xoa nh\u1eb9 b\u1ea7u v\u00fa, vu\u1ed1t t\u1eeb d\u01b0\u1edbi n\u00fam v\u00fa l\u00ean b\u1ea7u v\u00fa \u0111\u1ec3 thu\u1ed1c ph\u00e2n t\u00e1n t\u1ed1t.\n<ul>\n<li>B\u00f2: 1 \u1ed1ng GENTAMYCIN\/1 b\u1ea7u v\u00fa\/ng\u00e0y. S\u1eed d\u1ee5ng 3 ng\u00e0y li\u00ean t\u1ee5c, m\u1ed7i l\u1ea7n c\u00e1ch nhau 24 gi\u1edd.<\/li>\n<\/ul>\n<\/li>\n<\/ul>\n<p><strong>TH\u1edcI GIAN NG\u01afNG D\u00d9NG THU\u1ed0C:<\/strong><\/p>\n<ul>\n<li>\u0110\u1ec3 l\u1ea5y th\u1ecbt: 22 ng\u00e0y.<\/li>\n<li>\u0110\u1ec3 l\u1ea5y s\u1eefa: 7,5 ng\u00e0y.<\/li>\n<\/ul>\n<p><strong>CH\u1ec8<\/strong><strong> D\u00d9NG TRONG TH\u00da Y<\/strong><\/p>\n<p><strong>\u0110\u1ec2 XA T\u1ea6M TAY TR\u1eba EM<\/strong><\/p>\n<p><strong>Kh\u1ed1i<\/strong><strong> l\u01b0\u1ee3ng t\u1ecbnh<\/strong>: 10g<\/p>\n<p><strong>B\u1ea2O<\/strong><strong> QU\u1ea2N<\/strong>: N\u01a1i kh\u00f4 tho\u00e1ng, nhi\u1ec7t \u0111\u1ed9 kh\u00f4ng qu\u00e1 30\u00b0C.<\/p>\n","protected":false},"excerpt":{"rendered":"<p>H\u1ed6N D\u1ecaCH B\u01a0M V\u00da \u0110I\u1ec0U TR\u1eca VI\u00caM V\u00da TH\u00c0NH PH\u1ea6N: Gentamicin sulphate&#8230;&#8230;&#8230;&#8230;.\u2026\u2026.200 mg T\u00e1 d\u01b0\u1ee3c v\u1eeba \u0111\u1ee7\u2026\u2026\u2026\u2026\u2026\u2026\u2026\u2026\u202610 g C\u00d4NG D\u1ee4NG: \u0110i\u1ec1u tr\u1ecb vi\u00eam v\u00fa \u1edf b\u00f2 do vi sinh v\u1eadt nh\u1ea1y c\u1ea3m v\u1edbi Gentamycin, nh\u01b0: Corynebacterium bovis, Enterobacter aerogenes, E.coli, Klebsiella pneumoniae, Pseudomonas aeruginosa, Staphylococcus aureus, Streptococcus agalactiae, Streptococcus uberis, Streptococcus dysperella. C\u00c1CH V\u00c0 LI\u1ec0U [&hellip;]<\/p>\n","protected":false},"featured_media":10050,"comment_status":"open","ping_status":"closed","template":"","meta":[],"product_cat":[111],"product_tag":[],"_links":{"self":[{"href":"https:\/\/promedic.com.vn\/vi\/wp-json\/wp\/v2\/product\/10314"}],"collection":[{"href":"https:\/\/promedic.com.vn\/vi\/wp-json\/wp\/v2\/product"}],"about":[{"href":"https:\/\/promedic.com.vn\/vi\/wp-json\/wp\/v2\/types\/product"}],"replies":[{"embeddable":true,"href":"https:\/\/promedic.com.vn\/vi\/wp-json\/wp\/v2\/comments?post=10314"}],"wp:featuredmedia":[{"embeddable":true,"href":"https:\/\/promedic.com.vn\/vi\/wp-json\/wp\/v2\/media\/10050"}],"wp:attachment":[{"href":"https:\/\/promedic.com.vn\/vi\/wp-json\/wp\/v2\/media?parent=10314"}],"wp:term":[{"taxonomy":"product_cat","embeddable":true,"href":"https:\/\/promedic.com.vn\/vi\/wp-json\/wp\/v2\/product_cat?post=10314"},{"taxonomy":"product_tag","embeddable":true,"href":"https:\/\/promedic.com.vn\/vi\/wp-json\/wp\/v2\/product_tag?post=10314"}],"curies":[{"name":"wp","href":"https:\/\/api.w.org\/{rel}","templated":true}]}}