{"id":10313,"date":"2022-12-03T19:12:58","date_gmt":"2022-12-03T19:12:58","guid":{"rendered":"http:\/\/promediccomvn469.chiliweb.org\/san-pham\/ceftri-sul-2\/"},"modified":"2022-12-07T11:33:19","modified_gmt":"2022-12-07T11:33:19","slug":"ceftri-sul-2","status":"publish","type":"product","link":"https:\/\/promedic.com.vn\/vi\/san-pham\/ceftri-sul-2\/","title":{"rendered":"Ceftri-sul"},"content":{"rendered":"<p><strong>B\u1ed8T TI\u00caM \u0110I\u1ec0U TR\u1eca NHI\u1ec4M KHU\u1ea8N H\u00d4 H\u1ea4P V\u00c0 SINH D\u1ee4C \u2013 NI\u1ec6U<\/strong><\/p>\n<p><strong>TH\u00c0NH PH\u1ea6N:<\/strong>\u00a0M\u1ed7i l\u1ecd ch\u1ee9a:<\/p>\n<ul>\n<li>Ceftriaxone natri \u2026\u2026\u2026\u2026\u2026\u2026\u2026\u2026\u2026\u2026\u2026\u2026.. 5g<\/li>\n<li>Sulbactam natri\u2026\u2026\u2026\u2026\u2026\u2026\u2026\u2026\u2026\u2026\u2026.\u2026 2,5g<\/li>\n<\/ul>\n<p><strong>CH\u1ec8 \u0110\u1ecaNH\u00a0<\/strong><strong>:<\/strong><\/p>\n<p>\u0110i\u1ec1u tr\u1ecb vi\u00eam v\u00fa l\u00e2m s\u00e0ng, c\u1eadn l\u00e2m s\u00e0ng;\u00a0Nhi\u1ec5m tr\u00f9ng \u0111\u01b0\u1eddng h\u00f4 h\u1ea5p, sinh d\u1ee5c-ti\u1ebft ni\u1ec7u;\u00a0Nhi\u1ec5m tr\u00f9ng d\u1ea1 d\u00e0y-ru\u1ed9t;\u00a0Nhi\u1ec5m tr\u00f9ng x\u01b0\u01a1ng kh\u1edbp;\u00a0Nhi\u1ec5m tr\u00f9ng da v\u00e0 m\u00f4 m\u1ec1m;\u00a0\u0110\u1ec3 ng\u0103n ng\u1eeba nhi\u1ec5m tr\u00f9ng th\u1ee9 ph\u00e1t do vi khu\u1ea9n.<\/p>\n<p><strong>LI\u1ec0U L\u01af\u1ee2NG V\u00c0 C\u00c1CH D\u00d9NG\u00a0<\/strong><strong>:<\/strong><\/p>\n<p>Ti\u00eam b\u1eafp (IM) 5-10 mg\/kg tr\u1ecdng l\u01b0\u1ee3ng c\u01a1 th\u1ec3 m\u1ed9t l\u1ea7n m\u1ed7i ng\u00e0y trong 3-5 ng\u00e0y.<\/p>\n<p><strong>TH\u1edcI\u00a0<\/strong><strong>H\u1ea0N R\u00daT TI\u1ec0N<\/strong>\u00a0:<\/p>\n<ul>\n<li>\u0110\u1ed1i v\u1edbi th\u1ecbt: 28 ng\u00e0y.<\/li>\n<li>\u0110\u1ed1i v\u1edbi s\u1eefa: 7 ng\u00e0y<\/li>\n<\/ul>\n<p><strong>B\u1ea2O QU\u1ea2N<\/strong>\u00a0: N\u01a1i kh\u00f4 m\u00e1t, nhi\u1ec7t \u0111\u1ed9 d\u01b0\u1edbi 30\u00b0C.<\/p>\n<p><strong>CH\u1ec8 D\u00c0NH CHO TH\u00da Y<\/strong><\/p>\n<p><strong>Rgt\u00a0<\/strong><strong>.No:<\/strong>\u00a0APC \u2013<\/p>\n<p><strong>Tr\u1ecdng l\u01b0\u1ee3ng t\u1ecbnh:<\/strong>\u00a07,5g<\/p>\n<p>GMP \u2013 GLP \u2013 GSP<\/p>\n","protected":false},"excerpt":{"rendered":"<p>B\u1ed8T TI\u00caM \u0110I\u1ec0U TR\u1eca NHI\u1ec4M KHU\u1ea8N H\u00d4 H\u1ea4P V\u00c0 SINH D\u1ee4C \u2013 NI\u1ec6U TH\u00c0NH PH\u1ea6N:\u00a0M\u1ed7i l\u1ecd ch\u1ee9a: Ceftriaxone natri \u2026\u2026\u2026\u2026\u2026\u2026\u2026\u2026\u2026\u2026\u2026\u2026.. 5g Sulbactam natri\u2026\u2026\u2026\u2026\u2026\u2026\u2026\u2026\u2026\u2026\u2026.\u2026 2,5g CH\u1ec8 \u0110\u1ecaNH\u00a0: \u0110i\u1ec1u tr\u1ecb vi\u00eam v\u00fa l\u00e2m s\u00e0ng, c\u1eadn l\u00e2m s\u00e0ng;\u00a0Nhi\u1ec5m tr\u00f9ng \u0111\u01b0\u1eddng h\u00f4 h\u1ea5p, sinh d\u1ee5c-ti\u1ebft ni\u1ec7u;\u00a0Nhi\u1ec5m tr\u00f9ng d\u1ea1 d\u00e0y-ru\u1ed9t;\u00a0Nhi\u1ec5m tr\u00f9ng x\u01b0\u01a1ng kh\u1edbp;\u00a0Nhi\u1ec5m tr\u00f9ng da v\u00e0 m\u00f4 m\u1ec1m;\u00a0\u0110\u1ec3 ng\u0103n ng\u1eeba [&hellip;]<\/p>\n","protected":false},"featured_media":10057,"comment_status":"open","ping_status":"closed","template":"","meta":[],"product_cat":[111],"product_tag":[],"_links":{"self":[{"href":"https:\/\/promedic.com.vn\/vi\/wp-json\/wp\/v2\/product\/10313"}],"collection":[{"href":"https:\/\/promedic.com.vn\/vi\/wp-json\/wp\/v2\/product"}],"about":[{"href":"https:\/\/promedic.com.vn\/vi\/wp-json\/wp\/v2\/types\/product"}],"replies":[{"embeddable":true,"href":"https:\/\/promedic.com.vn\/vi\/wp-json\/wp\/v2\/comments?post=10313"}],"wp:featuredmedia":[{"embeddable":true,"href":"https:\/\/promedic.com.vn\/vi\/wp-json\/wp\/v2\/media\/10057"}],"wp:attachment":[{"href":"https:\/\/promedic.com.vn\/vi\/wp-json\/wp\/v2\/media?parent=10313"}],"wp:term":[{"taxonomy":"product_cat","embeddable":true,"href":"https:\/\/promedic.com.vn\/vi\/wp-json\/wp\/v2\/product_cat?post=10313"},{"taxonomy":"product_tag","embeddable":true,"href":"https:\/\/promedic.com.vn\/vi\/wp-json\/wp\/v2\/product_tag?post=10313"}],"curies":[{"name":"wp","href":"https:\/\/api.w.org\/{rel}","templated":true}]}}