{"id":10311,"date":"2022-12-03T19:21:57","date_gmt":"2022-12-03T19:21:57","guid":{"rendered":"http:\/\/promediccomvn469.chiliweb.org\/san-pham\/clamox-mas-2\/"},"modified":"2022-12-07T11:33:19","modified_gmt":"2022-12-07T11:33:19","slug":"clamox-mas-2","status":"publish","type":"product","link":"https:\/\/promedic.com.vn\/vi\/san-pham\/clamox-mas-2\/","title":{"rendered":"Clamox-mas"},"content":{"rendered":"<p><strong>H\u1ed6N D\u1ecaCH TR\u1eca VI\u00caM V\u00da<\/strong><\/p>\n<ul>\n<li>VI\u00caM V\u00da TI\u1ec0M \u1ea8N<\/li>\n<li>VI\u00caM V\u00da C\u1ea4P T\u00cdNH<\/li>\n<li>VI\u00caM V\u00da TRONG GIAI \u0110O\u1ea0N C\u1ea0N S\u1eeeA<\/li>\n<\/ul>\n<p><strong>TH\u00c0NH<\/strong><strong> PH\u1ea6N:<\/strong><\/p>\n<ul>\n<li>Amoxicillin trihydrate&#8230;&#8230;&#8230;&#8230;&#8230;&#8230;&#8230;&#8230;&#8230;&#8230;&#8230;&#8230;&#8230;&#8230;&#8230;. 200mg<\/li>\n<li>Clavulanate potassium&#8230;&#8230;&#8230;&#8230;&#8230;&#8230;&#8230;&#8230;&#8230;&#8230;&#8230;&#8230;&#8230;&#8230;.. 50mg<\/li>\n<li>T\u00e1 d\u01b0\u1ee3c v\u1eeba \u0111\u1ee7&#8230;&#8230;&#8230;&#8230;&#8230;&#8230;&#8230;&#8230;&#8230;&#8230;&#8230;&#8230;&#8230;&#8230;&#8230;&#8230;&#8230;&#8230;&#8230;.. 8g<\/li>\n<\/ul>\n<p><strong>C\u00d4NG<\/strong><strong> D\u1ee4NG: <\/strong>Tr\u1ecb vi\u00eam v\u00fa.<\/p>\n<p><strong>C\u00c1CH<\/strong><strong> V\u00c0 LI\u1ec0U D\u00d9NG<\/strong><strong>:<\/strong><\/p>\n<p>Sau khi v\u1eaft c\u1ea1n s\u1eefa, v\u1ec7 sinh, lau kh\u00f4 (s\u1eed d\u1ee5ng kh\u0103n lau ri\u00eang cho m\u1ed7i b\u1ea7u v\u00fa), s\u00e1t tr\u00f9ng b\u1ea7u v\u00fa v\u00e0 n\u00fam v\u00fa.<\/p>\n<p>B\u1ebb n\u1eafp \u0111\u1eady \u1ed1ng b\u01a1m, lu\u1ed3n \u0111\u1ea7u \u1ed1ng b\u01a1m v\u00e0o n\u00fam v\u00fa v\u00e0 b\u01a1m thu\u1ed1c. Sau khi b\u01a1m thu\u1ed1c xong, b\u1ecbt k\u00edn n\u00fam v\u00fa, d\u00f9ng tay xoa nh\u1eb9 b\u1ea7u v\u00fa, vu\u1ed1t t\u1eeb d\u01b0\u1edbi n\u00fam v\u00fa l\u00ean b\u1ea7u v\u00fa \u0111\u1ec3 thu\u1ed1c ph\u00e2n t\u00e1n t\u1ed1t.<\/p>\n<p>S\u1eed d\u1ee5ng trong tr\u01b0\u1eddng h\u1ee3p v\u00fa b\u1ecb vi\u00eam ho\u1eb7c ph\u00f2ng ng\u1eeba vi\u00eam v\u00fa trong giai \u0111o\u1ea1n c\u1ea1n s\u1eefa.<\/p>\n<ul>\n<li>B\u00f2: m\u1ed7i \u1ed1ng MI-CLAMOX d\u00f9ng cho m\u1ed9t b\u1ea7u v\u00fa.<\/li>\n<li>D\u00ea, c\u1eebu: d\u00f9ng \u00bd \u1ed1ng MI-CLAMOX cho m\u1ed7i b\u1ea7u v\u00fa.<\/li>\n<\/ul>\n<p>D\u00f9ng li\u00ean ti\u1ebfp 3 l\u1ea7n. M\u1ed7i l\u1ea7n l\u1eb7p l\u1ea1i sau 12 gi\u1edd.<\/p>\n<p><strong>CH\u1ed0NG CH\u1ec8 \u0110\u1ecaNH: <\/strong>\u1ede \u0111\u1ed9ng v\u1eadt c\u00f3 ti\u1ec1n s\u1eed d\u1ecb \u1ee9ng v\u1edbi b\u1ea5t k\u1ef3 th\u00e0nh ph\u1ea7n n\u00e0o c\u1ee7a thu\u1ed1c.<\/p>\n<p><strong>Th\u1eddi gian ng\u01b0ng d\u00f9ng thu\u1ed1c:<\/strong><\/p>\n<ul>\n<li>\u0110\u1ec3 l\u1ea5y th\u1ecbt: 7 ng\u00e0y.<\/li>\n<li>\u0110\u1ec3 l\u1ea5y s\u1eefa: 84 gi\u1edd.<\/li>\n<\/ul>\n<p><strong>CH\u1ec8<\/strong><strong> D\u00d9NG TRONG TH\u00da Y<\/strong><\/p>\n<p><strong>S\u0110K<\/strong>: APC \u2013 224<\/p>\n<p><strong>Kh\u1ed1i<\/strong><strong> l\u01b0\u1ee3ng t\u1ecbnh<\/strong>: 8g<\/p>\n<p><strong>B\u1ea2O<\/strong><strong> QU\u1ea2N<\/strong>: N\u01a1i kh\u00f4 tho\u00e1ng, nhi\u1ec7t \u0111\u1ed9 kh\u00f4ng qu\u00e1 30\u00b0C<\/p>\n","protected":false},"excerpt":{"rendered":"<p>H\u1ed6N D\u1ecaCH TR\u1eca VI\u00caM V\u00da VI\u00caM V\u00da TI\u1ec0M \u1ea8N VI\u00caM V\u00da C\u1ea4P T\u00cdNH VI\u00caM V\u00da TRONG GIAI \u0110O\u1ea0N C\u1ea0N S\u1eeeA TH\u00c0NH PH\u1ea6N: Amoxicillin trihydrate&#8230;&#8230;&#8230;&#8230;&#8230;&#8230;&#8230;&#8230;&#8230;&#8230;&#8230;&#8230;&#8230;&#8230;&#8230;. 200mg Clavulanate potassium&#8230;&#8230;&#8230;&#8230;&#8230;&#8230;&#8230;&#8230;&#8230;&#8230;&#8230;&#8230;&#8230;&#8230;.. 50mg T\u00e1 d\u01b0\u1ee3c v\u1eeba \u0111\u1ee7&#8230;&#8230;&#8230;&#8230;&#8230;&#8230;&#8230;&#8230;&#8230;&#8230;&#8230;&#8230;&#8230;&#8230;&#8230;&#8230;&#8230;&#8230;&#8230;.. 8g C\u00d4NG D\u1ee4NG: Tr\u1ecb vi\u00eam v\u00fa. C\u00c1CH V\u00c0 LI\u1ec0U D\u00d9NG: Sau khi v\u1eaft c\u1ea1n s\u1eefa, v\u1ec7 sinh, lau kh\u00f4 (s\u1eed d\u1ee5ng kh\u0103n lau [&hellip;]<\/p>\n","protected":false},"featured_media":10063,"comment_status":"open","ping_status":"closed","template":"","meta":[],"product_cat":[111],"product_tag":[],"_links":{"self":[{"href":"https:\/\/promedic.com.vn\/vi\/wp-json\/wp\/v2\/product\/10311"}],"collection":[{"href":"https:\/\/promedic.com.vn\/vi\/wp-json\/wp\/v2\/product"}],"about":[{"href":"https:\/\/promedic.com.vn\/vi\/wp-json\/wp\/v2\/types\/product"}],"replies":[{"embeddable":true,"href":"https:\/\/promedic.com.vn\/vi\/wp-json\/wp\/v2\/comments?post=10311"}],"wp:featuredmedia":[{"embeddable":true,"href":"https:\/\/promedic.com.vn\/vi\/wp-json\/wp\/v2\/media\/10063"}],"wp:attachment":[{"href":"https:\/\/promedic.com.vn\/vi\/wp-json\/wp\/v2\/media?parent=10311"}],"wp:term":[{"taxonomy":"product_cat","embeddable":true,"href":"https:\/\/promedic.com.vn\/vi\/wp-json\/wp\/v2\/product_cat?post=10311"},{"taxonomy":"product_tag","embeddable":true,"href":"https:\/\/promedic.com.vn\/vi\/wp-json\/wp\/v2\/product_tag?post=10311"}],"curies":[{"name":"wp","href":"https:\/\/api.w.org\/{rel}","templated":true}]}}