{"id":10310,"date":"2022-12-03T19:41:14","date_gmt":"2022-12-03T19:41:14","guid":{"rendered":"http:\/\/promediccomvn469.chiliweb.org\/san-pham\/clox-mas-2\/"},"modified":"2022-12-07T11:33:19","modified_gmt":"2022-12-07T11:33:19","slug":"clox-mas-2","status":"publish","type":"product","link":"https:\/\/promedic.com.vn\/vi\/san-pham\/clox-mas-2\/","title":{"rendered":"Clox-mas"},"content":{"rendered":"<p><strong>H\u1ed6N D\u1ecaCH B\u01a0M V\u00da \u2013 \u0110I\u1ec0U TR\u1eca VI\u00caM V\u00da<\/strong><\/p>\n<p><strong>TH\u00c0NH<\/strong><strong> PH\u1ea6N:<\/strong><\/p>\n<ul>\n<li>Ampicillin sodium&#8230;&#8230;&#8230;&#8230;&#8230;&#8230;&#8230;&#8230;&#8230;&#8230;&#8230;&#8230;&#8230;&#8230;&#8230;&#8230;&#8230;&#8230;&#8230;. 250mg<\/li>\n<li>Cloxacillin sodium&#8230;&#8230;&#8230;&#8230;&#8230;&#8230;&#8230;&#8230;&#8230;&#8230;&#8230;&#8230;&#8230;&#8230;&#8230;&#8230;&#8230;&#8230;&#8230; 500mg<\/li>\n<li>T\u00e1 d\u01b0\u1ee3c v\u1eeba \u0111\u1ee7&#8230;&#8230;&#8230;&#8230;&#8230;&#8230;&#8230;&#8230;&#8230;&#8230;&#8230;&#8230;&#8230;&#8230;&#8230;&#8230;&#8230;&#8230;&#8230;&#8230;&#8230;&#8230;. 8g<\/li>\n<\/ul>\n<p><strong>C\u00d4NG<\/strong><strong> D\u1ee4NG: <\/strong>Tr\u1ecb vi\u00eam v\u00fa.<\/p>\n<p><strong>C\u00c1CH<\/strong><strong> V\u00c0 LI\u1ec0U D\u00d9NG<\/strong><strong>:<\/strong><\/p>\n<p>Sau l\u1ea7n v\u1eaft s\u1eefa cu\u1ed1i c\u00f9ng, v\u1ec7 sinh, lau kh\u00f4 r\u1ed3i s\u00e1t tr\u00f9ng b\u1ea7u v\u00fa v\u00e0 n\u00fam v\u00fa.<\/p>\n<p>B\u1ebb n\u1eafp \u0111\u1eady \u1ed1ng b\u01a1m, lu\u1ed3n \u0111\u1ea7u \u1ed1ng b\u01a1m v\u00e0o n\u00fam v\u00fa v\u00e0 b\u01a1m thu\u1ed1c. Sau khi b\u01a1m thu\u1ed1c xong, b\u1ecbt k\u00edn n\u00fam v\u00fa, d\u00f9ng tay xoa nh\u1eb9 b\u1ea7u v\u00fa, vu\u1ed1t t\u1eeb d\u01b0\u1edbi n\u00fam v\u00fa l\u00ean b\u1ea7u v\u00fa \u0111\u1ec3 thu\u1ed1c ph\u00e2n t\u00e1n t\u1ed1t.<\/p>\n<ul>\n<li>B\u00f2:\n<ul>\n<li><strong>Khi cho c\u1ea1n s\u1eefa:<\/strong>\u00a01 \u1ed1ng MAS CLOX\/ 1 b\u1ea7u v\u00fa (s\u1eed d\u1ee5ng cho c\u1ea3 4 b\u1ea7u v\u00fa).<\/li>\n<li><strong>H\u1ed7 tr\u1ee3 ki\u1ec3m so\u00e1t vi\u00eam v\u00fa giai \u0111o\u1ea1n c\u1ea1n s\u1eefa:<\/strong><strong> 1 \u1ed1ng\/ 1 b\u1ea7u v\u00fa, <\/strong>3 tu\u1ea7n l\u1eb7p l\u1ea1i 1 l\u1ea7n trong su\u1ed1t nh\u1eefng th\u00e1ng c\u1ea1n s\u1eefa, cho \u0111\u1ebfn 7 ng\u00e0y tr\u01b0\u1edbc khi b\u00f2 \u0111\u1ebb.<\/li>\n<\/ul>\n<\/li>\n<li>D\u00ea, c\u1eebu: \u00bd \u1ed1ng MAS CLOX\/ 1 b\u1ea7u v\u00fa. T\u00e1c d\u1ee5ng t\u1edbi 30 ng\u00e0y.<\/li>\n<\/ul>\n<p><strong>TH\u1edcI GIAN NG\u01afNG D\u00d9NG THU\u1ed0C:<\/strong><\/p>\n<ul>\n<li>\u0110\u1ec3 l\u1ea5y th\u1ecbt: 28 ng\u00e0y.<\/li>\n<li>\u0110\u1ec3 l\u1ea5y s\u1eefa: 96 gi\u1edd sau khi b\u00f2 \u0111\u1ebb.<\/li>\n<\/ul>\n<p><strong>CH\u1ec8<\/strong><strong> D\u00d9NG TRONG TH\u00da Y<\/strong><\/p>\n<p><strong>S\u0110K<\/strong>: APC \u2013 296<\/p>\n<p><strong>Kh\u1ed1i<\/strong><strong> l\u01b0\u1ee3ng t\u1ecbnh<\/strong>: 8g<\/p>\n<p><strong>B\u1ea2O QU\u1ea2N<\/strong>: N\u01a1i kh\u00f4 tho\u00e1ng, nhi\u1ec7t \u0111\u1ed9 kh\u00f4ng qu\u00e1 30\u00b0C<\/p>\n","protected":false},"excerpt":{"rendered":"<p>H\u1ed6N D\u1ecaCH B\u01a0M V\u00da \u2013 \u0110I\u1ec0U TR\u1eca VI\u00caM V\u00da TH\u00c0NH PH\u1ea6N: Ampicillin sodium&#8230;&#8230;&#8230;&#8230;&#8230;&#8230;&#8230;&#8230;&#8230;&#8230;&#8230;&#8230;&#8230;&#8230;&#8230;&#8230;&#8230;&#8230;&#8230;. 250mg Cloxacillin sodium&#8230;&#8230;&#8230;&#8230;&#8230;&#8230;&#8230;&#8230;&#8230;&#8230;&#8230;&#8230;&#8230;&#8230;&#8230;&#8230;&#8230;&#8230;&#8230; 500mg T\u00e1 d\u01b0\u1ee3c v\u1eeba \u0111\u1ee7&#8230;&#8230;&#8230;&#8230;&#8230;&#8230;&#8230;&#8230;&#8230;&#8230;&#8230;&#8230;&#8230;&#8230;&#8230;&#8230;&#8230;&#8230;&#8230;&#8230;&#8230;&#8230;. 8g C\u00d4NG D\u1ee4NG: Tr\u1ecb vi\u00eam v\u00fa. C\u00c1CH V\u00c0 LI\u1ec0U D\u00d9NG: Sau l\u1ea7n v\u1eaft s\u1eefa cu\u1ed1i c\u00f9ng, v\u1ec7 sinh, lau kh\u00f4 r\u1ed3i s\u00e1t tr\u00f9ng b\u1ea7u v\u00fa v\u00e0 n\u00fam v\u00fa. B\u1ebb n\u1eafp \u0111\u1eady \u1ed1ng b\u01a1m, lu\u1ed3n [&hellip;]<\/p>\n","protected":false},"featured_media":10071,"comment_status":"open","ping_status":"closed","template":"","meta":[],"product_cat":[111],"product_tag":[],"_links":{"self":[{"href":"https:\/\/promedic.com.vn\/vi\/wp-json\/wp\/v2\/product\/10310"}],"collection":[{"href":"https:\/\/promedic.com.vn\/vi\/wp-json\/wp\/v2\/product"}],"about":[{"href":"https:\/\/promedic.com.vn\/vi\/wp-json\/wp\/v2\/types\/product"}],"replies":[{"embeddable":true,"href":"https:\/\/promedic.com.vn\/vi\/wp-json\/wp\/v2\/comments?post=10310"}],"wp:featuredmedia":[{"embeddable":true,"href":"https:\/\/promedic.com.vn\/vi\/wp-json\/wp\/v2\/media\/10071"}],"wp:attachment":[{"href":"https:\/\/promedic.com.vn\/vi\/wp-json\/wp\/v2\/media?parent=10310"}],"wp:term":[{"taxonomy":"product_cat","embeddable":true,"href":"https:\/\/promedic.com.vn\/vi\/wp-json\/wp\/v2\/product_cat?post=10310"},{"taxonomy":"product_tag","embeddable":true,"href":"https:\/\/promedic.com.vn\/vi\/wp-json\/wp\/v2\/product_tag?post=10310"}],"curies":[{"name":"wp","href":"https:\/\/api.w.org\/{rel}","templated":true}]}}