{"id":10309,"date":"2022-12-03T19:45:59","date_gmt":"2022-12-03T19:45:59","guid":{"rendered":"http:\/\/promediccomvn469.chiliweb.org\/san-pham\/peni-g-2\/"},"modified":"2022-12-07T11:33:19","modified_gmt":"2022-12-07T11:33:19","slug":"peni-g-2","status":"publish","type":"product","link":"https:\/\/promedic.com.vn\/vi\/san-pham\/peni-g-2\/","title":{"rendered":"Peni g"},"content":{"rendered":"<p><strong>B\u1ed8T TI\u00caM\u00a0<\/strong><strong>\u0110\u1eb6C TR\u1eca NHI\u1ec4M KHU\u1ea8N V\u1ebeT TH\u01af\u01a0NG \u2013 <\/strong><strong>T\u1ee4 HUY\u1ebeT TR\u00d9NG<\/strong><\/p>\n<p><strong>TH\u00c0NH PH\u1ea6N:<\/strong>\u00a0M\u1ed7i l\u1ecd ch\u1ee9a<\/p>\n<ul>\n<li>Penicilin G Procain\u2026\u2026\u2026\u2026\u2026\u2026\u2026\u2026\u2026\u2026\u00a02.800.000 UI<\/li>\n<li>Penicillin G Kali\u2026\u2026\u2026\u2026\u2026\u2026\u2026\u2026\u2026\u2026\u2026.. 1.200.000 UI<\/li>\n<\/ul>\n<p><strong>CH\u1ec8 \u0110\u1ecaNH:<\/strong>\u00a0\u0110i\u1ec1u tr\u1ecb c\u00e1c b\u1ec7nh nhi\u1ec5m khu\u1ea9n do vi khu\u1ea9n gram d\u01b0\u01a1ng nh\u01b0: nhi\u1ec5m khu\u1ea9n v\u1ebft m\u1ed5, vi\u00eam da, nhi\u1ec5m khu\u1ea9n h\u1eadu ph\u1eabu, vi\u00eam kh\u1edbp, t\u1ee5 huy\u1ebft tr\u00f9ng.<\/p>\n<p><strong>\u00a0<\/strong><strong>LI\u1ec0U L\u01af\u1ee2NG V\u00c0 C\u00c1CH D\u00d9NG:<\/strong><\/p>\n<ul>\n<li>Gia s\u00fac, ng\u1ef1a: 1 l\u1ecd\/200kg th\u1ec3 tr\u1ecdng.<\/li>\n<li>B\u00ea: m\u1ed9t l\u1ecd cho 100-150kg tr\u1ecdng l\u01b0\u1ee3ng c\u01a1 th\u1ec3.<\/li>\n<li>Ch\u00f3, m\u00e8o: 1 l\u1ecd\/60-80kg th\u1ec3 tr\u1ecdng.<\/li>\n<\/ul>\n<p>Cho n\u01b0\u1edbc c\u1ea5t v\u00f4 tr\u00f9ng v\u00e0o l\u1ecd, l\u1eafc \u0111\u1ec1u cho \u0111\u1ebfn khi thu \u0111\u01b0\u1ee3c h\u1ed7n d\u1ecbch.\u00a0B\u1eb1ng c\u00e1ch ti\u00eam b\u1eafp (IM), m\u1ed9t ho\u1eb7c hai l\u1ea7n m\u1ed9t ng\u00e0y trong 4-5 ng\u00e0y li\u00ean ti\u1ebfp.<\/p>\n<p><strong>KHUY\u1ebeN NGH\u1eca:<\/strong>\u00a0Chu\u1ea9n b\u1ecb dung d\u1ecbch m\u1edbi h\u00e0ng ng\u00e0y.<\/p>\n<p><strong>TH\u1edcI H\u1ea0N NG\u01afNG D\u00d9NG THU\u1ed0C:<\/strong><\/p>\n<ul>\n<li>Cho th\u1ecbt:\n<ul>\n<li>gia s\u00fac: 10 ng\u00e0y.<\/li>\n<\/ul>\n<\/li>\n<li>\u0110\u1ed1i v\u1edbi s\u1eefa: 3 ng\u00e0y.<\/li>\n<\/ul>\n<p><strong>Rgt.No:<\/strong>\u00a0APC \u2013 123<\/p>\n<p><strong>Tr\u1ecdng l\u01b0\u1ee3ng t\u1ecbnh:<\/strong>\u00a03,868g<\/p>\n<p>GMP \u2013 GLP \u2013 GSP<\/p>\n","protected":false},"excerpt":{"rendered":"<p>B\u1ed8T TI\u00caM\u00a0\u0110\u1eb6C TR\u1eca NHI\u1ec4M KHU\u1ea8N V\u1ebeT TH\u01af\u01a0NG \u2013 T\u1ee4 HUY\u1ebeT TR\u00d9NG TH\u00c0NH PH\u1ea6N:\u00a0M\u1ed7i l\u1ecd ch\u1ee9a Penicilin G Procain\u2026\u2026\u2026\u2026\u2026\u2026\u2026\u2026\u2026\u2026\u00a02.800.000 UI Penicillin G Kali\u2026\u2026\u2026\u2026\u2026\u2026\u2026\u2026\u2026\u2026\u2026.. 1.200.000 UI CH\u1ec8 \u0110\u1ecaNH:\u00a0\u0110i\u1ec1u tr\u1ecb c\u00e1c b\u1ec7nh nhi\u1ec5m khu\u1ea9n do vi khu\u1ea9n gram d\u01b0\u01a1ng nh\u01b0: nhi\u1ec5m khu\u1ea9n v\u1ebft m\u1ed5, vi\u00eam da, nhi\u1ec5m khu\u1ea9n h\u1eadu ph\u1eabu, vi\u00eam kh\u1edbp, t\u1ee5 huy\u1ebft tr\u00f9ng. \u00a0LI\u1ec0U L\u01af\u1ee2NG V\u00c0 [&hellip;]<\/p>\n","protected":false},"featured_media":10080,"comment_status":"open","ping_status":"closed","template":"","meta":[],"product_cat":[111],"product_tag":[],"_links":{"self":[{"href":"https:\/\/promedic.com.vn\/vi\/wp-json\/wp\/v2\/product\/10309"}],"collection":[{"href":"https:\/\/promedic.com.vn\/vi\/wp-json\/wp\/v2\/product"}],"about":[{"href":"https:\/\/promedic.com.vn\/vi\/wp-json\/wp\/v2\/types\/product"}],"replies":[{"embeddable":true,"href":"https:\/\/promedic.com.vn\/vi\/wp-json\/wp\/v2\/comments?post=10309"}],"wp:featuredmedia":[{"embeddable":true,"href":"https:\/\/promedic.com.vn\/vi\/wp-json\/wp\/v2\/media\/10080"}],"wp:attachment":[{"href":"https:\/\/promedic.com.vn\/vi\/wp-json\/wp\/v2\/media?parent=10309"}],"wp:term":[{"taxonomy":"product_cat","embeddable":true,"href":"https:\/\/promedic.com.vn\/vi\/wp-json\/wp\/v2\/product_cat?post=10309"},{"taxonomy":"product_tag","embeddable":true,"href":"https:\/\/promedic.com.vn\/vi\/wp-json\/wp\/v2\/product_tag?post=10309"}],"curies":[{"name":"wp","href":"https:\/\/api.w.org\/{rel}","templated":true}]}}