{"id":10308,"date":"2022-12-03T20:18:24","date_gmt":"2022-12-03T20:18:24","guid":{"rendered":"http:\/\/promediccomvn469.chiliweb.org\/san-pham\/ampromax-2\/"},"modified":"2022-12-07T11:34:47","modified_gmt":"2022-12-07T11:34:47","slug":"ampromax-2","status":"publish","type":"product","link":"https:\/\/promedic.com.vn\/vi\/san-pham\/ampromax-2\/","title":{"rendered":"Ampromax"},"content":{"rendered":"<p><strong>B\u1ed8T H\u00d2A TAN <\/strong><strong>PH\u00d2NG V\u00c0 \u0110I\u1ec0U TR\u1eca C\u1ea6U TR\u00d9NG<\/strong><\/p>\n<p><strong>TH\u00c0NH PH\u1ea6N:<\/strong><\/p>\n<ul>\n<li>Amprolium HCl\u2026\u2026\u2026\u2026\u2026\u2026. 600mg<\/li>\n<li>T\u00e1 d\u01b0\u1ee3c v\u1eeba \u0111\u1ee7\u2026\u2026\u2026\u2026\u2026\u2026\u2026.. 1g<\/li>\n<\/ul>\n<p><strong>C\u00d4NG D\u1ee4NG: <\/strong>\u0110i\u1ec1u tr\u1ecb v\u00e0 ph\u00f2ng b\u1ec7nh c\u1ea7u tr\u00f9ng, b\u1ec7nh nhi\u1ec5m tr\u00f9ng \u0111\u01b0\u1eddng ti\u00eau h\u00f3a tr\u00ean gia s\u00fac, gia c\u1ea7m.<\/p>\n<p><strong>LI\u1ec0U V\u00c0 C\u00c1CH D\u00d9NG:<\/strong><\/p>\n<p>Tr\u1ed9n v\u00e0o th\u1ee9c \u0103n ho\u1eb7c pha v\u00e0o n\u01b0\u1edbc cho u\u1ed1ng:<\/p>\n<ul>\n<li>B\u00ea, c\u1eebu v\u00e0 d\u00ea:\n<ul>\n<li>Ph\u00f2ng b\u1ec7nh: 1g\/120kg th\u1ec3 tr\u1ecdng. S\u1eed d\u1ee5ng trong 21 ng\u00e0y.<\/li>\n<li>Tr\u1ecb b\u1ec7nh: 1g\/60 kg th\u1ec3 tr\u1ecdng. S\u1eed d\u1ee5ng trong 5 ng\u00e0y.<\/li>\n<\/ul>\n<\/li>\n<li>Gia c\u1ea7m:\n<ul>\n<li>Ph\u00f2ng b\u1ec7nh: 100g\/1000 l\u00edt n\u01b0\u1edbc u\u1ed1ng trong 1-2 tu\u1ea7n.<\/li>\n<li>Tr\u1ecb b\u1ec7nh: 100g\/250-500 l\u00edt n\u01b0\u1edbc u\u1ed1ng trong 5-7 ng\u00e0y.<\/li>\n<\/ul>\n<\/li>\n<\/ul>\n<p><strong>CH\u1ed0NG CH\u1ec8 \u0110\u1ecaNH: <\/strong>Kh\u00f4ng s\u1eed d\u1ee5ng cho g\u00e0 \u0111\u1ebb tr\u1ee9ng.<\/p>\n<p><strong>TH\u1edcI GIAN NG\u01afNG D\u00d9NG THU\u1ed0C<\/strong><strong>:<\/strong><\/p>\n<ul>\n<li>\u0110\u1ec3 l\u1ea5y th\u1ecbt: B\u00ea, d\u00ea, c\u1eebu, gia c\u1ea7m: 3 ng\u00e0y.<\/li>\n<\/ul>\n<p><strong>CH\u1ec8 D\u00d9NG TRONG TH\u00da Y<\/strong><\/p>\n<p><strong>Kh\u1ed1i l\u01b0\u1ee3ng t\u1ecbnh: <\/strong>500g<\/p>\n<p><strong>B\u1ea3o qu\u1ea3n<\/strong>: N\u01a1i kh\u00f4 tho\u00e1ng, nhi\u1ec7t \u0111\u1ed9 kh\u00f4ng qu\u00e1 30\u00b0C<\/p>\n","protected":false},"excerpt":{"rendered":"<p>B\u1ed8T H\u00d2A TAN PH\u00d2NG V\u00c0 \u0110I\u1ec0U TR\u1eca C\u1ea6U TR\u00d9NG TH\u00c0NH PH\u1ea6N: Amprolium HCl\u2026\u2026\u2026\u2026\u2026\u2026. 600mg T\u00e1 d\u01b0\u1ee3c v\u1eeba \u0111\u1ee7\u2026\u2026\u2026\u2026\u2026\u2026\u2026.. 1g C\u00d4NG D\u1ee4NG: \u0110i\u1ec1u tr\u1ecb v\u00e0 ph\u00f2ng b\u1ec7nh c\u1ea7u tr\u00f9ng, b\u1ec7nh nhi\u1ec5m tr\u00f9ng \u0111\u01b0\u1eddng ti\u00eau h\u00f3a tr\u00ean gia s\u00fac, gia c\u1ea7m. LI\u1ec0U V\u00c0 C\u00c1CH D\u00d9NG: Tr\u1ed9n v\u00e0o th\u1ee9c \u0103n ho\u1eb7c pha v\u00e0o n\u01b0\u1edbc cho u\u1ed1ng: B\u00ea, c\u1eebu [&hellip;]<\/p>\n","protected":false},"featured_media":10084,"comment_status":"open","ping_status":"closed","template":"","meta":[],"product_cat":[112],"product_tag":[],"_links":{"self":[{"href":"https:\/\/promedic.com.vn\/vi\/wp-json\/wp\/v2\/product\/10308"}],"collection":[{"href":"https:\/\/promedic.com.vn\/vi\/wp-json\/wp\/v2\/product"}],"about":[{"href":"https:\/\/promedic.com.vn\/vi\/wp-json\/wp\/v2\/types\/product"}],"replies":[{"embeddable":true,"href":"https:\/\/promedic.com.vn\/vi\/wp-json\/wp\/v2\/comments?post=10308"}],"wp:featuredmedia":[{"embeddable":true,"href":"https:\/\/promedic.com.vn\/vi\/wp-json\/wp\/v2\/media\/10084"}],"wp:attachment":[{"href":"https:\/\/promedic.com.vn\/vi\/wp-json\/wp\/v2\/media?parent=10308"}],"wp:term":[{"taxonomy":"product_cat","embeddable":true,"href":"https:\/\/promedic.com.vn\/vi\/wp-json\/wp\/v2\/product_cat?post=10308"},{"taxonomy":"product_tag","embeddable":true,"href":"https:\/\/promedic.com.vn\/vi\/wp-json\/wp\/v2\/product_tag?post=10308"}],"curies":[{"name":"wp","href":"https:\/\/api.w.org\/{rel}","templated":true}]}}