{"id":10307,"date":"2022-12-03T20:29:07","date_gmt":"2022-12-03T20:29:07","guid":{"rendered":"http:\/\/promediccomvn469.chiliweb.org\/san-pham\/ivermec-plus-2\/"},"modified":"2022-12-07T11:34:46","modified_gmt":"2022-12-07T11:34:46","slug":"ivermec-plus-2","status":"publish","type":"product","link":"https:\/\/promedic.com.vn\/vi\/san-pham\/ivermec-plus-2\/","title":{"rendered":"Ivermec plus"},"content":{"rendered":"<p><strong>PASTE U\u1ed0NG <\/strong><strong>TR\u1eca GIUN S\u00c1N<\/strong><\/p>\n<p><strong>TH\u00c0NH PH\u1ea6N: <\/strong>Trong 1g c\u00f3 ch\u1ee9a:<\/p>\n<ul>\n<li>Ivermectin BP\u2026\u2026\u2026\u2026\u2026\u2026\u2026\u2026\u2026\u2026\u2026\u2026\u2026\u2026\u2026\u2026..18,7mg<\/li>\n<li>Praziquantel BP\u2026\u2026\u2026\u2026\u2026\u2026\u2026\u2026\u2026\u2026\u2026\u2026\u2026\u2026\u2026140,3mg<\/li>\n<\/ul>\n<p><strong>C\u00d4NG D\u1ee4NG: <\/strong>Ti\u00eau di\u1ec7t giun \u0111\u0169a tr\u01b0\u1edfng th\u00e0nh v\u00e0 ch\u01b0a tr\u01b0\u1edfng th\u00e0nh, giun ph\u1ed5i, s\u00e1n d\u00e2y \u1edf ng\u1ef1a.<\/p>\n<p><strong>LI\u1ec0U V\u00c0 C\u00c1CH D\u00d9NG: <\/strong>Cho u\u1ed1ng v\u1edbi li\u1ec1u:<\/p>\n<ul>\n<li>Ng\u1ef1a: 1,07g\/100kg th\u1ec3 tr\u1ecdng.<\/li>\n<\/ul>\n<p><strong>TH\u1edcI GIAN NG\u01afNG D\u00d9NG THU\u1ed0C:<\/strong><\/p>\n<ul>\n<li>\u0110\u1ec3 l\u1ea5y th\u1ecbt: Ng\u1ef1a: 30 ng\u00e0y.<\/li>\n<\/ul>\n<p><strong>CH\u1ed0NG CH\u1ec8 \u0110\u1ecaNH: <\/strong>Kh\u00f4ng s\u1eed d\u1ee5ng cho ng\u1ef1a s\u1ea3n xu\u1ea5t s\u1eefa cho ng\u01b0\u1eddi.<\/p>\n<p><strong>\u0110\u1ec2 XA T\u1ea6M TAY TR\u1eba EM.<\/strong><\/p>\n<p><strong>Kh\u1ed1i l\u01b0\u1ee3ng t\u1ecbnh<\/strong>: 7,74g<\/p>\n<p><strong>S\u0110K<\/strong>: APC-168<\/p>\n","protected":false},"excerpt":{"rendered":"<p>PASTE U\u1ed0NG TR\u1eca GIUN S\u00c1N TH\u00c0NH PH\u1ea6N: Trong 1g c\u00f3 ch\u1ee9a: Ivermectin BP\u2026\u2026\u2026\u2026\u2026\u2026\u2026\u2026\u2026\u2026\u2026\u2026\u2026\u2026\u2026\u2026..18,7mg Praziquantel BP\u2026\u2026\u2026\u2026\u2026\u2026\u2026\u2026\u2026\u2026\u2026\u2026\u2026\u2026\u2026140,3mg C\u00d4NG D\u1ee4NG: Ti\u00eau di\u1ec7t giun \u0111\u0169a tr\u01b0\u1edfng th\u00e0nh v\u00e0 ch\u01b0a tr\u01b0\u1edfng th\u00e0nh, giun ph\u1ed5i, s\u00e1n d\u00e2y \u1edf ng\u1ef1a. LI\u1ec0U V\u00c0 C\u00c1CH D\u00d9NG: Cho u\u1ed1ng v\u1edbi li\u1ec1u: Ng\u1ef1a: 1,07g\/100kg th\u1ec3 tr\u1ecdng. TH\u1edcI GIAN NG\u01afNG D\u00d9NG THU\u1ed0C: \u0110\u1ec3 l\u1ea5y th\u1ecbt: Ng\u1ef1a: 30 [&hellip;]<\/p>\n","protected":false},"featured_media":10089,"comment_status":"open","ping_status":"closed","template":"","meta":[],"product_cat":[112],"product_tag":[],"_links":{"self":[{"href":"https:\/\/promedic.com.vn\/vi\/wp-json\/wp\/v2\/product\/10307"}],"collection":[{"href":"https:\/\/promedic.com.vn\/vi\/wp-json\/wp\/v2\/product"}],"about":[{"href":"https:\/\/promedic.com.vn\/vi\/wp-json\/wp\/v2\/types\/product"}],"replies":[{"embeddable":true,"href":"https:\/\/promedic.com.vn\/vi\/wp-json\/wp\/v2\/comments?post=10307"}],"wp:featuredmedia":[{"embeddable":true,"href":"https:\/\/promedic.com.vn\/vi\/wp-json\/wp\/v2\/media\/10089"}],"wp:attachment":[{"href":"https:\/\/promedic.com.vn\/vi\/wp-json\/wp\/v2\/media?parent=10307"}],"wp:term":[{"taxonomy":"product_cat","embeddable":true,"href":"https:\/\/promedic.com.vn\/vi\/wp-json\/wp\/v2\/product_cat?post=10307"},{"taxonomy":"product_tag","embeddable":true,"href":"https:\/\/promedic.com.vn\/vi\/wp-json\/wp\/v2\/product_tag?post=10307"}],"curies":[{"name":"wp","href":"https:\/\/api.w.org\/{rel}","templated":true}]}}