{"id":10305,"date":"2022-12-03T20:45:44","date_gmt":"2022-12-03T20:45:44","guid":{"rendered":"http:\/\/promediccomvn469.chiliweb.org\/san-pham\/pmd-iodine-2\/"},"modified":"2022-12-07T11:36:14","modified_gmt":"2022-12-07T11:36:14","slug":"pmd-iodine-2","status":"publish","type":"product","link":"https:\/\/promedic.com.vn\/vi\/san-pham\/pmd-iodine-2\/","title":{"rendered":"Pmd \u2013 iodine"},"content":{"rendered":"<p><strong>DUNG D\u1ecaCH S\u00c1T TR\u00d9NG <\/strong><strong>S\u00c1T TR\u00d9NG HI\u1ec6U QU\u1ea2 \u2013 PH\u1ed4 R\u1ed8NG \u2013 AN TO\u00c0N<\/strong><\/p>\n<p><strong>\u00a0<\/strong><strong>TH\u00c0NH PH\u1ea6N:<\/strong><\/p>\n<ul>\n<li>Povidone iodine&#8230;&#8230;&#8230;&#8230;&#8230;&#8230;&#8230;&#8230;&#8230; 100g<\/li>\n<li>Dung m\u00f4i v\u1eeba \u0111\u1ee7&#8230;&#8230;&#8230;&#8230;&#8230;&#8230;&#8230;&#8230;&#8230; 1 l\u00edt<\/li>\n<\/ul>\n<p><strong>C\u00d4NG D\u1ee4NG: <\/strong>Thu\u00f4\u0301c sa\u0301t khu\u00e2\u0309n, ch\u00f4\u0301ng n\u00e2\u0301m, sa\u0301t tru\u0300ng chu\u00f4\u0300ng tra\u0323i.<\/p>\n<p><strong>LI\u1ec0U V\u00c0 C\u00c1CH D\u00d9NG:<\/strong><\/p>\n<ul>\n<li>Ti\u00eau \u0111\u1ed9c chu\u1ed3ng tr\u1ea1i: Pha 1 l\u00edt thu\u1ed1c v\u1edbi 100\u2013250 l\u00edt n\u01b0\u1edbc. Phun \u0111\u1ec1u b\u1ec1 m\u1eb7t chu\u1ed3ng, d\u1ee5ng c\u1ee5 ch\u0103n nu\u00f4i v\u00e0 m\u00f4i tr\u01b0\u1eddng xung quanh. Tu\u1ea7n 1\u20132 l\u1ea7n, li\u00ean t\u1ee5c 2\u20133 tu\u1ea7n.<\/li>\n<li>S\u00e1t tr\u00f9ng v\u1ebft th\u01b0\u01a1ng hay n\u1ed1t l\u1edf lo\u00e9t: Pha lo\u00e3ng \u00bd dung d\u1ecbch Iodine r\u1ed3i b\u00f4i tr\u1ef1c ti\u1ebfp l\u00ean v\u1ebft th\u01b0\u01a1ng.<\/li>\n<li>S\u00e1t tr\u00f9ng da, v\u00f9ng m\u1ed5 ngo\u1ea1i khoa: 10ml\/1 l\u00edt n\u01b0\u1edbc.<\/li>\n<li>S\u00e1t tr\u00f9ng b\u1ea7u v\u00fa, n\u00fam v\u00fa v\u00e0 tay v\u1eaft s\u1eefa, th\u1ee5t r\u1eeda d\u1ea1 con, \u00e2m \u0111\u1ea1o: 10 ml\/1 l\u00edt n\u01b0\u1edbc.<\/li>\n<\/ul>\n<p><strong>Th\u1ec3 t\u00edch th\u1ef1c<\/strong>: 1 L\u00edt<\/p>\n<p><strong>S\u0110K:<\/strong> APC-183<\/p>\n<p><strong>CH\u1ec8 D\u00d9NG TRONG TH\u00da Y<\/strong><\/p>\n<p>B\u1ea3o qu\u1ea3n n\u01a1i kh\u00f4 tho\u00e1ng, nhi\u1ec7t \u0111\u1ed9 kh\u00f4ng qu\u00e1 30\u00b0C.<\/p>\n<p><strong>SLSX \u2013 NSX \u2013 HSD:<\/strong> xem tr\u00ean bao b\u00ec.<\/p>\n<p><strong>S\u1ea3n xu\u1ea5t t\u1ea1i:<\/strong> <strong>C\u00f4ng ty TNHH Thu\u1ed1c Th\u00fa Y \u00c1 Ch\u00e2u.<\/strong><\/p>\n<p><strong>\u0110\u1ecba ch\u1ec9:<\/strong> 130 Qu\u1ed1c l\u1ed9 1A, P. Ba L\u00e1ng, Q. C\u00e1i R\u0103ng, TP. C\u1ea7n Th\u01a1, Vi\u1ec7t Nam.<\/p>\n<p><strong>\u0110i\u1ec7n tho\u1ea1i:<\/strong> <a href=\"tel:+842923913347\">(+84).292.3913347<\/a> &#8211; <a href=\"tel:3913348\">3913348<\/a> &#8211; FAX: (+84).292.3913349<\/p>\n","protected":false},"excerpt":{"rendered":"<p>DUNG D\u1ecaCH S\u00c1T TR\u00d9NG S\u00c1T TR\u00d9NG HI\u1ec6U QU\u1ea2 \u2013 PH\u1ed4 R\u1ed8NG \u2013 AN TO\u00c0N \u00a0TH\u00c0NH PH\u1ea6N: Povidone iodine&#8230;&#8230;&#8230;&#8230;&#8230;&#8230;&#8230;&#8230;&#8230; 100g Dung m\u00f4i v\u1eeba \u0111\u1ee7&#8230;&#8230;&#8230;&#8230;&#8230;&#8230;&#8230;&#8230;&#8230; 1 l\u00edt C\u00d4NG D\u1ee4NG: Thu\u00f4\u0301c sa\u0301t khu\u00e2\u0309n, ch\u00f4\u0301ng n\u00e2\u0301m, sa\u0301t tru\u0300ng chu\u00f4\u0300ng tra\u0323i. LI\u1ec0U V\u00c0 C\u00c1CH D\u00d9NG: Ti\u00eau \u0111\u1ed9c chu\u1ed3ng tr\u1ea1i: Pha 1 l\u00edt thu\u1ed1c v\u1edbi 100\u2013250 l\u00edt n\u01b0\u1edbc. Phun \u0111\u1ec1u b\u1ec1 [&hellip;]<\/p>\n","protected":false},"featured_media":10092,"comment_status":"open","ping_status":"closed","template":"","meta":[],"product_cat":[113],"product_tag":[],"_links":{"self":[{"href":"https:\/\/promedic.com.vn\/vi\/wp-json\/wp\/v2\/product\/10305"}],"collection":[{"href":"https:\/\/promedic.com.vn\/vi\/wp-json\/wp\/v2\/product"}],"about":[{"href":"https:\/\/promedic.com.vn\/vi\/wp-json\/wp\/v2\/types\/product"}],"replies":[{"embeddable":true,"href":"https:\/\/promedic.com.vn\/vi\/wp-json\/wp\/v2\/comments?post=10305"}],"wp:featuredmedia":[{"embeddable":true,"href":"https:\/\/promedic.com.vn\/vi\/wp-json\/wp\/v2\/media\/10092"}],"wp:attachment":[{"href":"https:\/\/promedic.com.vn\/vi\/wp-json\/wp\/v2\/media?parent=10305"}],"wp:term":[{"taxonomy":"product_cat","embeddable":true,"href":"https:\/\/promedic.com.vn\/vi\/wp-json\/wp\/v2\/product_cat?post=10305"},{"taxonomy":"product_tag","embeddable":true,"href":"https:\/\/promedic.com.vn\/vi\/wp-json\/wp\/v2\/product_tag?post=10305"}],"curies":[{"name":"wp","href":"https:\/\/api.w.org\/{rel}","templated":true}]}}