{"id":10304,"date":"2022-12-03T21:01:15","date_gmt":"2022-12-03T21:01:15","guid":{"rendered":"http:\/\/promediccomvn469.chiliweb.org\/san-pham\/pmd-mekon-2\/"},"modified":"2022-12-07T11:36:14","modified_gmt":"2022-12-07T11:36:14","slug":"pmd-mekon-2","status":"publish","type":"product","link":"https:\/\/promedic.com.vn\/vi\/san-pham\/pmd-mekon-2\/","title":{"rendered":"Pmd \u2013 mekon"},"content":{"rendered":"<p><strong>THU\u1ed0C KH\u01af\u0309 TRU\u0300NG DA\u0323NG B\u00d4\u0323T \u2013 <\/strong><strong>TI\u00caU DI\u00ca\u0323T NHANH VIRUS DI\u0323CH TA\u0309 HEO CH\u00c2U PHI, FMD, TAI XANH, DI\u0323CH TA\u0309, CU\u0301M GIA C\u00c2\u0300M VA\u0300 NHI\u00ca\u0300U M\u00c2\u0300M B\u00ca\u0323NH KHA\u0301C<\/strong><\/p>\n<p><strong>Th\u00e0nh ph\u1ea7n:<\/strong><\/p>\n<ul>\n<li>Potassium monopersulfate triple salt (2KHSO<sub>5<\/sub>.KHSO<sub>4<\/sub>.K<sub>2<\/sub>SO<sub>4<\/sub>)&#8230;&#8230;&#8230;&#8230;&#8230;&#8230;. 494g<\/li>\n<li>Sodium hexameta phosphate&#8230;&#8230;&#8230;&#8230;&#8230;&#8230;&#8230;&#8230;&#8230;&#8230;&#8230;&#8230;&#8230;&#8230;&#8230;&#8230;&#8230;&#8230;&#8230;&#8230;&#8230;&#8230;&#8230;&#8230; 224g<\/li>\n<li>Malic acid&#8230;&#8230;&#8230;&#8230;&#8230;&#8230;&#8230;&#8230;&#8230;&#8230;&#8230;&#8230;&#8230;&#8230;&#8230;&#8230;&#8230;&#8230;&#8230;&#8230;&#8230;&#8230;&#8230;&#8230;&#8230;&#8230;&#8230;&#8230;&#8230;&#8230;&#8230;&#8230;&#8230;&#8230;&#8230; 89g<\/li>\n<li>T\u00e1 d\u01b0\u1ee3c v\u1eeba \u0111\u1ee7&#8230;&#8230;&#8230;&#8230;&#8230;&#8230;&#8230;&#8230;&#8230;&#8230;&#8230;&#8230;&#8230;&#8230;&#8230;&#8230;&#8230;&#8230;&#8230;&#8230;&#8230;&#8230;&#8230;&#8230;&#8230;&#8230;&#8230;&#8230;&#8230;&#8230;&#8230;.. 1kg<\/li>\n<\/ul>\n<p><strong>C\u00f4ng d\u1ee5ng: <\/strong>S\u00e1t tr\u00f9ng chu\u1ed3ng tr\u1ea1i, thi\u1ebft b\u1ecb, d\u1ee5ng c\u1ee5 ch\u0103n nu\u00f4i, v\u1ec7 sinh ngu\u1ed3n n\u01b0\u1edbc trong ch\u0103n nu\u00f4i gia su\u0301c, gia c\u00e2\u0300m.<\/p>\n<p><strong>Li\u1ec1u va\u0300 ca\u0301ch d\u00f9ng:<\/strong><\/p>\n<p><strong>* S\u00e1t tr\u00f9ng chu\u1ed3ng tr\u1ea1i gia s\u00fac, gia c\u1ea7m:<\/strong><\/p>\n<ul>\n<li>S\u00e1t tr\u00f9ng \u0111\u1ecbnh k\u1ef3 chu\u1ed3ng tr\u1ea1i gia s\u00fac, gia c\u1ea7m: 100g pha trong 20 l\u00edt n\u01b0\u1edbc. Phun x\u1ecbt ngay trong chu\u1ed3ng c\u00f3 gia s\u00fac, gia c\u1ea7m v\u1edbi l\u01b0\u1ee3ng 300ml dung d\u1ecbch\/m<sup>2<\/sup> n\u1ec1n chu\u1ed3ng.<\/li>\n<li>S\u00e1t tr\u00f9ng trong khu v\u1ef1c b\u1ecb d\u1ecbch b\u1ec7nh \u0111e d\u1ecda: 100g pha trong 10 l\u00edt n\u01b0\u1edbc. Phun x\u1ecbt v\u1edbi l\u01b0\u1ee3ng 300ml dung d\u1ecbch\/m<sup>2<\/sup> n\u1ec1n chu\u1ed3ng.<\/li>\n<li>Phun s\u01b0\u01a1ng tr\u1ef1c ti\u1ebfp l\u00ean gia s\u00fac, gia c\u1ea7m khi x\u1ea3y ra d\u1ecbch b\u1ec7nh: 100g pha trong 20 l\u00edt n\u01b0\u1edbc. Phun v\u1edbi l\u01b0\u1ee3ng 100ml dung d\u1ecbch thu\u1ed1c\/m<sup>2<\/sup> n\u1ec1n chu\u1ed3ng. Phun h\u00e0ng ng\u00e0y \u0111\u1ec3 ng\u0103n ch\u1eb7n d\u1ecbch b\u1ec7nh l\u00e2y lan.<\/li>\n<li>H\u1ed1 nh\u00fang s\u00e1t tr\u00f9ng: 100g pha trong 10 l\u00edt n\u01b0\u1edbc. Thay dung d\u1ecbch m\u1ed7i ng\u00e0y.<\/li>\n<li>S\u00e1t tr\u00f9ng trang thi\u1ebft b\u1ecb: 100g pha trong 10 \u2013 20 l\u00edt n\u01b0\u1edbc. R\u1eeda s\u1ea1ch d\u1ee5ng c\u1ee5, phun 300ml dung d\u1ecbch\/m<sup>2<\/sup> b\u1ec1 m\u1eb7t.<\/li>\n<li>S\u00e1t tr\u00f9ng nh\u00e0 \u1ea5p ho\u1eb7c x\u01b0\u1edfng ch\u1ebf bi\u1ebfn th\u1ee9c \u0103n: 100g pha trong 10 \u2013 20 l\u00edt n\u01b0\u1edbc. X\u1ecbt r\u1eeda ho\u1eb7c phun x\u1ecbt v\u1edbi li\u1ec1u 300ml dung d\u1ecbch\/m<sup>2<\/sup> n\u1ec1n nh\u00e0.<\/li>\n<li>S\u00e1t tr\u00f9ng qu\u1ea7n \u00e1o, gi\u00e0y \u1ee7ng tr\u01b0\u1edbc khi v\u00e0o khu v\u1ef1c nu\u00f4i: 100g pha trong 20 l\u00edt n\u01b0\u1edbc. Phun tr\u1ef1c ti\u1ebfp l\u00ean qu\u1ea7n \u00e1o, gi\u00e0y \u1ee7ng.<\/li>\n<\/ul>\n<p>* <strong>V\u1ec7 sinh n\u01b0\u1edbc u\u1ed1ng:<\/strong><\/p>\n<ul>\n<li>S\u00e1t tr\u00f9ng \u0111\u1ecbnh k\u1ef3 h\u1ec7 th\u1ed1ng \u1ed1ng n\u01b0\u1edbc: 100g pha trong 20 l\u00edt n\u01b0\u1edbc. Cho dung d\u1ecbch thu\u1ed1c v\u00e0o \u0111\u1ea7y h\u1ec7 th\u1ed1ng \u1ed1ng n\u01b0\u1edbc, \u0111\u1ec3 trong 1 gi\u1edd, th\u00e1o b\u1ecf v\u00e0 x\u1ea3 l\u1ea1i b\u1eb1ng n\u01b0\u1edbc s\u1ea1ch.<\/li>\n<li>S\u00e1t tr\u00f9ng n\u01b0\u1edbc u\u1ed1ng khi ngu\u1ed3n n\u01b0\u1edbc u\u1ed1ng kh\u00f4ng \u0111\u1ea3m b\u1ea3o v\u1ec7 sinh ho\u1eb7c c\u00f3 d\u1ecbch b\u1ec7nh x\u1ea3y ra: 100 g pha trong 100 l\u00edt n\u01b0\u1edbc u\u1ed1ng. H\u00f2a tan 100g v\u1edbi 20 l\u00edt n\u01b0\u1edbc tr\u01b0\u1edbc, sau \u0111\u00f3 \u0111\u1ed5 v\u00e0o 80 l\u00edt n\u01b0\u1edbc c\u00f2n l\u1ea1i r\u1ed3i khu\u1ea5y \u0111\u1ec1u. \u00c1p d\u1ee5ng cho h\u1ec7 th\u1ed1ng u\u1ed1ng t\u1ef1 \u0111\u1ed9ng ho\u1eb7c d\u00f9ng d\u1ee5ng c\u1ee5 ch\u1ee9a n\u01b0\u1edbc.<\/li>\n<\/ul>\n<p><strong>L\u01afU \u00dd:<\/strong><\/p>\n<ul>\n<li>Kh\u00f4ng \u0111\u1ec3 b\u1ed9t ho\u1eb7c dung d\u1ecbch thu\u1ed1c ti\u1ebfp x\u00fac v\u1edbi m\u1eaft.<\/li>\n<li>S\u1eed d\u1ee5ng g\u0103ng tay ho\u1eb7c kh\u1ea9u trang khi pha thu\u1ed1c, phun thu\u00f4\u0301c.<\/li>\n<\/ul>\n<p><strong>CH\u1ed0NG CH\u1ec8\u00a0 \u0110\u1ecaNH: <\/strong>Kh\u00f4ng d\u00f9ng qu\u00e1 li\u1ec1u ch\u1ec9 \u0111\u1ecbnh.<\/p>\n<p><strong>TH\u1edcI GIAN NG\u01afNG S\u1eec D\u1ee4NG THU\u1ed0C:<\/strong> Kh\u00f4ng c\u1ea7n th\u1eddi gian ng\u01b0ng d\u00f9ng thu\u1ed1c.<\/p>\n<p><strong>B\u1ea2O QU\u1ea2N:<\/strong> N\u01a1i kh\u00f4 r\u00e1o, tho\u00e1ng m\u00e1t, tr\u00e1nh \u00e1nh s\u00e1ng tr\u1ef1c ti\u1ebfp.<\/p>\n<p><strong>Kh\u1ed1i l\u01b0\u1ee3ng t\u1ecbnh: <\/strong>1kg<\/p>\n<p><strong>S\u0110K: APC-<\/strong><strong>232<\/strong><\/p>\n<p><strong>CH\u1ec8 D\u00d9NG TRONG TH\u00da Y<\/strong><\/p>\n<p><strong>S\u1ea3n xu\u1ea5t t\u1ea1i:<\/strong> <strong>C\u00f4ng ty TNHH Thu\u1ed1c Th\u00fa Y \u00c1 Ch\u00e2u.<\/strong><\/p>\n<p><strong>\u0110\u1ecba ch\u1ec9:<\/strong> 130 Qu\u1ed1c l\u1ed9 1A, P.Ba L\u00e1ng, Q.C\u00e1i R\u0103ng, TP. C\u1ea7n Th\u01a1, Vi\u1ec7t Nam.<\/p>\n<p><strong>\u0110i\u1ec7n tho\u1ea1i:<\/strong> <a href=\"tel:+842923913347\">(+84).292.3913347<\/a> &#8211; <a href=\"tel:3913348\">3913348<\/a> &#8211; FAX: (+84).292.3913349<\/p>\n","protected":false},"excerpt":{"rendered":"<p>THU\u1ed0C KH\u01af\u0309 TRU\u0300NG DA\u0323NG B\u00d4\u0323T \u2013 TI\u00caU DI\u00ca\u0323T NHANH VIRUS DI\u0323CH TA\u0309 HEO CH\u00c2U PHI, FMD, TAI XANH, DI\u0323CH TA\u0309, CU\u0301M GIA C\u00c2\u0300M VA\u0300 NHI\u00ca\u0300U M\u00c2\u0300M B\u00ca\u0323NH KHA\u0301C Th\u00e0nh ph\u1ea7n: Potassium monopersulfate triple salt (2KHSO5.KHSO4.K2SO4)&#8230;&#8230;&#8230;&#8230;&#8230;&#8230;. 494g Sodium hexameta phosphate&#8230;&#8230;&#8230;&#8230;&#8230;&#8230;&#8230;&#8230;&#8230;&#8230;&#8230;&#8230;&#8230;&#8230;&#8230;&#8230;&#8230;&#8230;&#8230;&#8230;&#8230;&#8230;&#8230;&#8230; 224g Malic acid&#8230;&#8230;&#8230;&#8230;&#8230;&#8230;&#8230;&#8230;&#8230;&#8230;&#8230;&#8230;&#8230;&#8230;&#8230;&#8230;&#8230;&#8230;&#8230;&#8230;&#8230;&#8230;&#8230;&#8230;&#8230;&#8230;&#8230;&#8230;&#8230;&#8230;&#8230;&#8230;&#8230;&#8230;&#8230; 89g T\u00e1 d\u01b0\u1ee3c v\u1eeba \u0111\u1ee7&#8230;&#8230;&#8230;&#8230;&#8230;&#8230;&#8230;&#8230;&#8230;&#8230;&#8230;&#8230;&#8230;&#8230;&#8230;&#8230;&#8230;&#8230;&#8230;&#8230;&#8230;&#8230;&#8230;&#8230;&#8230;&#8230;&#8230;&#8230;&#8230;&#8230;&#8230;.. 1kg C\u00f4ng d\u1ee5ng: S\u00e1t tr\u00f9ng chu\u1ed3ng tr\u1ea1i, thi\u1ebft [&hellip;]<\/p>\n","protected":false},"featured_media":10099,"comment_status":"open","ping_status":"closed","template":"","meta":[],"product_cat":[113],"product_tag":[],"_links":{"self":[{"href":"https:\/\/promedic.com.vn\/vi\/wp-json\/wp\/v2\/product\/10304"}],"collection":[{"href":"https:\/\/promedic.com.vn\/vi\/wp-json\/wp\/v2\/product"}],"about":[{"href":"https:\/\/promedic.com.vn\/vi\/wp-json\/wp\/v2\/types\/product"}],"replies":[{"embeddable":true,"href":"https:\/\/promedic.com.vn\/vi\/wp-json\/wp\/v2\/comments?post=10304"}],"wp:featuredmedia":[{"embeddable":true,"href":"https:\/\/promedic.com.vn\/vi\/wp-json\/wp\/v2\/media\/10099"}],"wp:attachment":[{"href":"https:\/\/promedic.com.vn\/vi\/wp-json\/wp\/v2\/media?parent=10304"}],"wp:term":[{"taxonomy":"product_cat","embeddable":true,"href":"https:\/\/promedic.com.vn\/vi\/wp-json\/wp\/v2\/product_cat?post=10304"},{"taxonomy":"product_tag","embeddable":true,"href":"https:\/\/promedic.com.vn\/vi\/wp-json\/wp\/v2\/product_tag?post=10304"}],"curies":[{"name":"wp","href":"https:\/\/api.w.org\/{rel}","templated":true}]}}