{"id":10303,"date":"2022-12-04T04:18:55","date_gmt":"2022-12-04T04:18:55","guid":{"rendered":"http:\/\/promediccomvn469.chiliweb.org\/san-pham\/pmd-protect-2\/"},"modified":"2022-12-07T11:36:14","modified_gmt":"2022-12-07T11:36:14","slug":"pmd-protect-2","status":"publish","type":"product","link":"https:\/\/promedic.com.vn\/vi\/san-pham\/pmd-protect-2\/","title":{"rendered":"Pmd \u2013 protect"},"content":{"rendered":"<p><strong>DUNG D\u1ecaCH S\u00c1T TR\u00d9NG \u2212 S\u00c1T TR\u00d9NG M\u1ea0NH \u2013 HI\u1ec6U QU\u1ea2 CAO \u2013 AN TO\u00c0N<\/strong><\/p>\n<p><strong>TH\u00c0NH PH\u1ea6N:<\/strong><\/p>\n<ul>\n<li>Glutaraldehyde&#8230;&#8230;&#8230;&#8230;&#8230;&#8230;&#8230;&#8230;&#8230;&#8230;&#8230;&#8230;&#8230;&#8230;&#8230;&#8230;&#8230;&#8230;&#8230;&#8230;&#8230; 100g<\/li>\n<li>Alkyl benzyldimethyl ammonium chloride&#8230;&#8230;&#8230;&#8230;&#8230;&#8230;&#8230;.. 152g<\/li>\n<li>Dung m\u00f4i v\u1eeba \u0111\u1ee7&#8230;&#8230;&#8230;&#8230;&#8230;&#8230;&#8230;&#8230;&#8230;&#8230;&#8230;&#8230;&#8230;&#8230;&#8230;&#8230;&#8230;&#8230;&#8230;&#8230;.. 1 l\u00edt<\/li>\n<\/ul>\n<p><strong>C\u00d4NG D\u1ee4NG: <\/strong>Ti\u00eau \u0111\u1ed9c chu\u1ed3ng tr\u1ea1i, ph\u01b0\u01a1ng ti\u1ec7n v\u1eadn chuy\u1ec3n, kh\u1eed tr\u00f9ng m\u00e1ng \u0103n, m\u00e1ng u\u1ed1ng, d\u1ee5ng c\u1ee5, s\u00e1t tr\u00f9ng tr\u1ef1c ti\u1ebfp tr\u00ean v\u1eadt nu\u00f4i.<\/p>\n<p><strong>\u00a0<\/strong><strong>LI\u1ec0U D\u00d9NG:<\/strong><\/p>\n<ul>\n<li>Ti\u00eau \u0111\u1ed9c h\u1ed1 s\u00e1t tr\u00f9ng, x\u00e1c ch\u1ebft: pha 10ml\/0,5-1 l\u00edt n\u01b0\u1edbc.<\/li>\n<li>S\u00e1t tr\u00f9ng chu\u1ed3ng tr\u1ea1i \u0111\u1ecbnh k\u00ec ho\u1eb7c cu\u1ed1i k\u00ec: pha 3,3ml\/0,5-1 l\u00edt n\u01b0\u1edbc.<\/li>\n<li>S\u00e1t tr\u00f9ng chu\u1ed3ng tr\u1ea1i khi c\u00f3 d\u1ecbch b\u1ec7nh do virus: pha 5\u20136ml\/0,5-1 l\u00edt n\u01b0\u1edbc.<\/li>\n<li>S\u00e1t tr\u00f9ng chu\u1ed3ng tr\u1ea1i khi c\u00f3 d\u1ecbch b\u1ec7nh do vi tr\u00f9ng: pha 4ml\/0,5-1 l\u00edt n\u01b0\u1edbc.<\/li>\n<li>S\u00e1t tr\u00f9ng xe ch\u1edf gia s\u00fac, gia c\u1ea7m, l\u00f2 m\u1ed5, khu v\u1ef1c v\u1eaft s\u1eefa: pha 2,5ml\/0,5-1 l\u00edt n\u01b0\u1edbc.<\/li>\n<li>Kh\u1eed tr\u00f9ng tr\u1ee9ng tr\u01b0\u1edbc khi \u1ea5p: pha 1ml\/0,5-1 l\u00edt n\u01b0\u1edbc.<\/li>\n<\/ul>\n<p><strong>S\u0110K:<\/strong> APC \u2013 184<\/p>\n<p><strong>Th\u1ec3 t\u00edch th\u1ef1c:<\/strong> 1 L\u00edt<\/p>\n<p><strong>CH\u1ec8 D\u00d9NG TRONG TH\u00da Y.<\/strong><\/p>\n<p>B\u1ea3o qu\u1ea3n n\u01a1i kh\u00f4 tho\u00e1ng, nhi\u1ec7t \u0111\u1ed9 kh\u00f4ng qu\u00e1 30\u00b0C.<\/p>\n<p><strong>S\u1ea3n xu\u1ea5t t\u1ea1i:<\/strong> <strong>C\u00f4ng ty TNHH Thu\u1ed1c Th\u00fa Y \u00c1 Ch\u00e2u.<\/strong><\/p>\n<p><strong>\u0110\u1ecba ch\u1ec9:<\/strong> 130 Qu\u1ed1c l\u1ed9 1A, P.Ba L\u00e1ng, Q.C\u00e1i R\u0103ng, TP. C\u1ea7n Th\u01a1, Vi\u1ec7t Nam.<\/p>\n<p><strong>\u0110i\u1ec7n tho\u1ea1i:<\/strong> <a href=\"tel:+842923913347\">(+84).292.3913347<\/a> &#8211; <a href=\"tel:3913348\">3913348<\/a> &#8211; FAX: (+84).292.3913349<\/p>\n","protected":false},"excerpt":{"rendered":"<p>DUNG D\u1ecaCH S\u00c1T TR\u00d9NG \u2212 S\u00c1T TR\u00d9NG M\u1ea0NH \u2013 HI\u1ec6U QU\u1ea2 CAO \u2013 AN TO\u00c0N TH\u00c0NH PH\u1ea6N: Glutaraldehyde&#8230;&#8230;&#8230;&#8230;&#8230;&#8230;&#8230;&#8230;&#8230;&#8230;&#8230;&#8230;&#8230;&#8230;&#8230;&#8230;&#8230;&#8230;&#8230;&#8230;&#8230; 100g Alkyl benzyldimethyl ammonium chloride&#8230;&#8230;&#8230;&#8230;&#8230;&#8230;&#8230;.. 152g Dung m\u00f4i v\u1eeba \u0111\u1ee7&#8230;&#8230;&#8230;&#8230;&#8230;&#8230;&#8230;&#8230;&#8230;&#8230;&#8230;&#8230;&#8230;&#8230;&#8230;&#8230;&#8230;&#8230;&#8230;&#8230;.. 1 l\u00edt C\u00d4NG D\u1ee4NG: Ti\u00eau \u0111\u1ed9c chu\u1ed3ng tr\u1ea1i, ph\u01b0\u01a1ng ti\u1ec7n v\u1eadn chuy\u1ec3n, kh\u1eed tr\u00f9ng m\u00e1ng \u0103n, m\u00e1ng u\u1ed1ng, d\u1ee5ng c\u1ee5, s\u00e1t tr\u00f9ng tr\u1ef1c ti\u1ebfp tr\u00ean v\u1eadt nu\u00f4i. [&hellip;]<\/p>\n","protected":false},"featured_media":10101,"comment_status":"open","ping_status":"closed","template":"","meta":[],"product_cat":[113],"product_tag":[],"_links":{"self":[{"href":"https:\/\/promedic.com.vn\/vi\/wp-json\/wp\/v2\/product\/10303"}],"collection":[{"href":"https:\/\/promedic.com.vn\/vi\/wp-json\/wp\/v2\/product"}],"about":[{"href":"https:\/\/promedic.com.vn\/vi\/wp-json\/wp\/v2\/types\/product"}],"replies":[{"embeddable":true,"href":"https:\/\/promedic.com.vn\/vi\/wp-json\/wp\/v2\/comments?post=10303"}],"wp:featuredmedia":[{"embeddable":true,"href":"https:\/\/promedic.com.vn\/vi\/wp-json\/wp\/v2\/media\/10101"}],"wp:attachment":[{"href":"https:\/\/promedic.com.vn\/vi\/wp-json\/wp\/v2\/media?parent=10303"}],"wp:term":[{"taxonomy":"product_cat","embeddable":true,"href":"https:\/\/promedic.com.vn\/vi\/wp-json\/wp\/v2\/product_cat?post=10303"},{"taxonomy":"product_tag","embeddable":true,"href":"https:\/\/promedic.com.vn\/vi\/wp-json\/wp\/v2\/product_tag?post=10303"}],"curies":[{"name":"wp","href":"https:\/\/api.w.org\/{rel}","templated":true}]}}