{"id":10299,"date":"2022-12-04T04:59:08","date_gmt":"2022-12-04T04:59:08","guid":{"rendered":"http:\/\/promediccomvn469.chiliweb.org\/san-pham\/pmd-prosii-2\/"},"modified":"2022-12-07T11:26:24","modified_gmt":"2022-12-07T11:26:24","slug":"pmd-prosii-2","status":"publish","type":"product","link":"https:\/\/promedic.com.vn\/vi\/san-pham\/pmd-prosii-2\/","title":{"rendered":"Pmd-prosii"},"content":{"rendered":"<p><strong>B\u1ed4 SUNG VI SINH V\u1eacT C\u00d3 L\u1ee2I <\/strong><strong>CHO GIA S\u00daC V\u00c0 GIA C\u1ea6M<\/strong><\/p>\n<p><strong>TH\u00c0NH PH\u1ea6N<\/strong>:<\/p>\n<ul>\n<li><em>Bacillus clausii<\/em> (min)&#8230;&#8230;&#8230;&#8230;&#8230;&#8230;&#8230;&#8230;&#8230;&#8230;&#8230;&#8230;&#8230;&#8230;&#8230;&#8230;&#8230;&#8230;&#8230;&#8230;&#8230;&#8230;&#8230;&#8230;&#8230;&#8230;&#8230;&#8230;. 10<sup>7 <\/sup>CFU<\/li>\n<li>T\u00e1 d\u01b0\u1ee3c v\u1eeba \u0111\u1ee7&#8230;&#8230;&#8230;&#8230;&#8230;&#8230;&#8230;&#8230;&#8230;&#8230;&#8230;&#8230;&#8230;&#8230;&#8230;&#8230;&#8230;&#8230;&#8230;&#8230;&#8230;&#8230;&#8230;&#8230;&#8230;&#8230;&#8230;&#8230;&#8230;&#8230;&#8230;&#8230;. 100g<\/li>\n<\/ul>\n<p><strong>C\u00d4NG D\u1ee4NG:<\/strong><\/p>\n<ul>\n<li>Ki\u1ec3m so\u00e1t hi\u1ec7u qu\u1ea3 b\u1ec7nh ti\u00eau ch\u1ea3y.<\/li>\n<li>Ph\u00f2ng ng\u1eeba b\u1ec7nh \u0111\u01b0\u1eddng ti\u00eau h\u00f3a.<\/li>\n<li>C\u1ea3i thi\u1ec7n s\u1ef1 c\u00e2n b\u1eb1ng h\u1ec7 vi sinh v\u1eadt \u0111\u01b0\u1eddng ru\u1ed9t.<\/li>\n<li>S\u1ea3n xu\u1ea5t amylase, protease v\u00e0 axit h\u1eefu c\u01a1 \u0111\u1ec3 t\u0103ng c\u01b0\u1eddng ti\u00eau h\u00f3a.<\/li>\n<li>T\u0103ng c\u01b0\u1eddng kh\u1ea3 n\u0103ng mi\u1ec5n d\u1ecbch.<\/li>\n<\/ul>\n<p><strong>LI\u1ec0U V\u00c0 C\u00c1CH D\u00d9NG:<\/strong><\/p>\n<p>Tr\u1ed9n v\u1edbi th\u1ee9c \u0103n ho\u1eb7c pha lo\u00e3ng v\u1edbi n\u01b0\u1edbc u\u1ed1ng.<\/p>\n<ul>\n<li>\u0110\u1ed9ng v\u1eadt nh\u1ecf (d\u01b0\u1edbi 50kg th\u1ec3 tr\u1ecdng): 10g\/4 l\u00edt n\u01b0\u1edbc u\u1ed1ng ho\u1eb7c 10g\/2kg th\u1ee9c \u0103n.<\/li>\n<li>\u0110\u1ed9ng v\u1eadt l\u1edbn (tr\u00ean 50kg th\u1ec3 tr\u1ecdng): 10g\/8 l\u00edt n\u01b0\u1edbc u\u1ed1ng ho\u1eb7c 10g\/4 kg th\u1ee9c \u0103n.<\/li>\n<li>Gia c\u1ea7m: 1g\/ 1-2 l\u00edt n\u01b0\u1edbc u\u1ed1ng ho\u1eb7c 100g\/t\u1ea5n th\u1ee9c \u0103n.<\/li>\n<\/ul>\n<p>S\u1ea3n ph\u1ea9m \u0111\u00e3 pha v\u1edbi n\u01b0\u1edbc ho\u1eb7c tr\u1ed9n v\u1edbi th\u1ee9c \u0103n n\u00ean s\u1eed d\u1ee5ng trong v\u00f2ng m\u1ed9t ng\u00e0y.<\/p>\n<p><strong>Kh\u1ed1i l\u01b0\u1ee3ng t\u1ecbnh<\/strong>: 1kg<\/p>\n<p><strong>S\u0110K<\/strong>: APC \u2013 21 \u2013 XK<\/p>\n<p>B\u1ea3o qu\u1ea3n: N\u01a1i kh\u00f4 tho\u00e1ng, nhi\u1ec7t \u0111\u1ed9 kh\u00f4ng qu\u00e1 30\u00b0C.<\/p>\n<p><strong>CH\u1ec8 D\u00d9NG TRONG TH\u00da Y<\/strong><\/p>\n<p><strong>S\u1ea3n xu\u1ea5t t\u1ea1i:<\/strong> <strong>C\u00f4ng ty TNHH Thu\u1ed1c Th\u00fa Y \u00c1 Ch\u00e2u.<\/strong><\/p>\n<p><strong>\u0110\u1ecba ch\u1ec9:<\/strong> 130 Qu\u1ed1c l\u1ed9 1A, P.Ba L\u00e1ng, Q.C\u00e1i R\u0103ng, TP. C\u1ea7n Th\u01a1, Vi\u1ec7t Nam.<\/p>\n<p><strong>\u0110i\u1ec7n tho\u1ea1i:<\/strong> <a href=\"tel:+842923913347\">(+84).292.3913347<\/a> &#8211; <a href=\"tel:3913348\">3913348<\/a> &#8211; FAX: (+84).292.3913349<\/p>\n","protected":false},"excerpt":{"rendered":"<p>B\u1ed4 SUNG VI SINH V\u1eacT C\u00d3 L\u1ee2I CHO GIA S\u00daC V\u00c0 GIA C\u1ea6M TH\u00c0NH PH\u1ea6N: Bacillus clausii (min)&#8230;&#8230;&#8230;&#8230;&#8230;&#8230;&#8230;&#8230;&#8230;&#8230;&#8230;&#8230;&#8230;&#8230;&#8230;&#8230;&#8230;&#8230;&#8230;&#8230;&#8230;&#8230;&#8230;&#8230;&#8230;&#8230;&#8230;&#8230;. 107 CFU T\u00e1 d\u01b0\u1ee3c v\u1eeba \u0111\u1ee7&#8230;&#8230;&#8230;&#8230;&#8230;&#8230;&#8230;&#8230;&#8230;&#8230;&#8230;&#8230;&#8230;&#8230;&#8230;&#8230;&#8230;&#8230;&#8230;&#8230;&#8230;&#8230;&#8230;&#8230;&#8230;&#8230;&#8230;&#8230;&#8230;&#8230;&#8230;&#8230;. 100g C\u00d4NG D\u1ee4NG: Ki\u1ec3m so\u00e1t hi\u1ec7u qu\u1ea3 b\u1ec7nh ti\u00eau ch\u1ea3y. Ph\u00f2ng ng\u1eeba b\u1ec7nh \u0111\u01b0\u1eddng ti\u00eau h\u00f3a. C\u1ea3i thi\u1ec7n s\u1ef1 c\u00e2n b\u1eb1ng h\u1ec7 vi sinh v\u1eadt \u0111\u01b0\u1eddng ru\u1ed9t. S\u1ea3n xu\u1ea5t amylase, protease [&hellip;]<\/p>\n","protected":false},"featured_media":10117,"comment_status":"open","ping_status":"closed","template":"","meta":[],"product_cat":[114],"product_tag":[],"_links":{"self":[{"href":"https:\/\/promedic.com.vn\/vi\/wp-json\/wp\/v2\/product\/10299"}],"collection":[{"href":"https:\/\/promedic.com.vn\/vi\/wp-json\/wp\/v2\/product"}],"about":[{"href":"https:\/\/promedic.com.vn\/vi\/wp-json\/wp\/v2\/types\/product"}],"replies":[{"embeddable":true,"href":"https:\/\/promedic.com.vn\/vi\/wp-json\/wp\/v2\/comments?post=10299"}],"wp:featuredmedia":[{"embeddable":true,"href":"https:\/\/promedic.com.vn\/vi\/wp-json\/wp\/v2\/media\/10117"}],"wp:attachment":[{"href":"https:\/\/promedic.com.vn\/vi\/wp-json\/wp\/v2\/media?parent=10299"}],"wp:term":[{"taxonomy":"product_cat","embeddable":true,"href":"https:\/\/promedic.com.vn\/vi\/wp-json\/wp\/v2\/product_cat?post=10299"},{"taxonomy":"product_tag","embeddable":true,"href":"https:\/\/promedic.com.vn\/vi\/wp-json\/wp\/v2\/product_tag?post=10299"}],"curies":[{"name":"wp","href":"https:\/\/api.w.org\/{rel}","templated":true}]}}