{"id":10298,"date":"2022-12-04T05:16:04","date_gmt":"2022-12-04T05:16:04","guid":{"rendered":"http:\/\/promediccomvn469.chiliweb.org\/san-pham\/pmd-oxytocin-2\/"},"modified":"2022-12-07T11:28:06","modified_gmt":"2022-12-07T11:28:06","slug":"pmd-oxytocin-2","status":"publish","type":"product","link":"https:\/\/promedic.com.vn\/vi\/san-pham\/pmd-oxytocin-2\/","title":{"rendered":"Pmd-oxytocin"},"content":{"rendered":"<p><strong>DUNG D\u1ecaCH TI\u00caM <\/strong><strong>TH\u00daC \u0110\u1eba \u2013 CH\u1eeeA S\u00d3T NHAU<\/strong><\/p>\n<p><strong>TH\u00c0NH PH\u1ea6N:<\/strong><\/p>\n<ul>\n<li>Oxytocin&#8230;&#8230;&#8230;&#8230;&#8230;&#8230;&#8230;&#8230;&#8230;&#8230;&#8230;&#8230;&#8230;&#8230;&#8230;&#8230;.. 10 IU<\/li>\n<li>Dung m\u00f4i v\u1eeba \u0111\u1ee7&#8230;&#8230;&#8230;&#8230;&#8230;&#8230;&#8230;&#8230;&#8230;&#8230;&#8230;&#8230;&#8230;. ml<\/li>\n<\/ul>\n<p><strong>C\u00d4NG D\u1ee4NG: <\/strong>K\u00edch th\u00edch t\u1eed cung co b\u00f3p \u0111\u1ec3 th\u00fac \u0111\u1ebb, tr\u1ecb s\u00f3t nhau tr\u00ean tr\u00e2u, b\u00f2, ng\u1ef1a, heo, d\u00ea, c\u1eebu, ch\u00f3, m\u00e8o.<\/p>\n<p><strong>LI\u1ec0U \u2013 C\u00c1CH D\u00d9NG: <\/strong><\/p>\n<p>Ti\u00eam b\u1eafp ho\u1eb7c ti\u00eam d\u01b0\u1edbi da \u0111\u1ec3 k\u00edch th\u00edch ti\u1ebft s\u1eefa, t\u0103ng co b\u00f3p \u0111\u1ea9y c\u00e1c ch\u1ea5t d\u01a1 ho\u1eb7c \u1ed5 vi\u00eam h\u00f3a m\u1ee7 trong t\u1eed cung ra ngo\u00e0i. C\u00f3 th\u1ec3 ti\u00eam nh\u1eafc l\u1ea1i 2-3 gi\u1edd, n\u1ebfu c\u1ea7n.<\/p>\n<ul>\n<li>Tr\u00e2u, B\u00f2, Ng\u1ef1a: 2-5ml.<\/li>\n<li>Heo, D\u00ea, C\u1eebu: 1-2ml.<\/li>\n<li>Ch\u00f3, M\u00e8o: 0,5-1ml.<\/li>\n<\/ul>\n<p><strong>TH\u1edcI GIAN NG\u01afNG D\u00d9NG THU\u1ed0C: <\/strong><\/p>\n<ul>\n<li>L\u1ea5y th\u1ecbt: 03 ng\u00e0y.<\/li>\n<li>L\u1ea5y s\u1eefa: 02 ng\u00e0y.<\/li>\n<\/ul>\n<p><strong>L\u01afU<\/strong><strong> \u00dd: <\/strong><\/p>\n<ul>\n<li>Kh\u00f4ng d\u00f9ng qu\u00e1 li\u1ec1u ch\u1ec9 \u0111\u1ecbnh.<\/li>\n<li>Kh\u00f4ng d\u00f9ng thu\u1ed1c khi c\u1ed5 t\u1eed cung ch\u01b0a m\u1edf.<\/li>\n<\/ul>\n<p><strong>Th\u1ec3 t\u00edch th\u1ef1c:<\/strong> 10ml, 20ml, 50ml, 100ml<\/p>\n<p><strong>S\u0110K:<\/strong> APC \u2013 207<\/p>\n<p><strong>CH\u1ec8 D\u00d9NG TRONG TH\u00da Y.<\/strong><\/p>\n<p>B\u1ea3o qu\u1ea3n n\u01a1i kh\u00f4 tho\u00e1ng, nhi\u1ec7t \u0111\u1ed9 kh\u00f4ng qu\u00e1 30\u00b0C.<\/p>\n<p><strong>SLSX \u2013 NSX \u2013 HSD:<\/strong> xem tr\u00ean bao b\u00ec<\/p>\n<p><strong>S\u1ea3n xu\u1ea5t t\u1ea1i:<\/strong> <strong>C\u00f4ng ty TNHH Thu\u1ed1c Th\u00fa Y \u00c1 Ch\u00e2u.<\/strong><\/p>\n<p><strong>\u0110\u1ecba ch\u1ec9:<\/strong> 130 Qu\u1ed1c l\u1ed9 1A, P.Ba L\u00e1ng, Q.C\u00e1i R\u0103ng, TP. C\u1ea7n Th\u01a1, Vi\u1ec7t Nam.<\/p>\n<p><strong>\u0110i\u1ec7n tho\u1ea1i:<\/strong> <a href=\"tel:+842923913347\">(+84).292.3913347<\/a> &#8211; <a href=\"tel:3913348\">3913348<\/a> &#8211; FAX: (+84).292.3913349<\/p>\n","protected":false},"excerpt":{"rendered":"<p>DUNG D\u1ecaCH TI\u00caM TH\u00daC \u0110\u1eba \u2013 CH\u1eeeA S\u00d3T NHAU TH\u00c0NH PH\u1ea6N: Oxytocin&#8230;&#8230;&#8230;&#8230;&#8230;&#8230;&#8230;&#8230;&#8230;&#8230;&#8230;&#8230;&#8230;&#8230;&#8230;&#8230;.. 10 IU Dung m\u00f4i v\u1eeba \u0111\u1ee7&#8230;&#8230;&#8230;&#8230;&#8230;&#8230;&#8230;&#8230;&#8230;&#8230;&#8230;&#8230;&#8230;. ml C\u00d4NG D\u1ee4NG: K\u00edch th\u00edch t\u1eed cung co b\u00f3p \u0111\u1ec3 th\u00fac \u0111\u1ebb, tr\u1ecb s\u00f3t nhau tr\u00ean tr\u00e2u, b\u00f2, ng\u1ef1a, heo, d\u00ea, c\u1eebu, ch\u00f3, m\u00e8o. LI\u1ec0U \u2013 C\u00c1CH D\u00d9NG: Ti\u00eam b\u1eafp ho\u1eb7c ti\u00eam d\u01b0\u1edbi da \u0111\u1ec3 k\u00edch th\u00edch [&hellip;]<\/p>\n","protected":false},"featured_media":10121,"comment_status":"open","ping_status":"closed","template":"","meta":[],"product_cat":[116],"product_tag":[],"_links":{"self":[{"href":"https:\/\/promedic.com.vn\/vi\/wp-json\/wp\/v2\/product\/10298"}],"collection":[{"href":"https:\/\/promedic.com.vn\/vi\/wp-json\/wp\/v2\/product"}],"about":[{"href":"https:\/\/promedic.com.vn\/vi\/wp-json\/wp\/v2\/types\/product"}],"replies":[{"embeddable":true,"href":"https:\/\/promedic.com.vn\/vi\/wp-json\/wp\/v2\/comments?post=10298"}],"wp:featuredmedia":[{"embeddable":true,"href":"https:\/\/promedic.com.vn\/vi\/wp-json\/wp\/v2\/media\/10121"}],"wp:attachment":[{"href":"https:\/\/promedic.com.vn\/vi\/wp-json\/wp\/v2\/media?parent=10298"}],"wp:term":[{"taxonomy":"product_cat","embeddable":true,"href":"https:\/\/promedic.com.vn\/vi\/wp-json\/wp\/v2\/product_cat?post=10298"},{"taxonomy":"product_tag","embeddable":true,"href":"https:\/\/promedic.com.vn\/vi\/wp-json\/wp\/v2\/product_tag?post=10298"}],"curies":[{"name":"wp","href":"https:\/\/api.w.org\/{rel}","templated":true}]}}