{"id":10297,"date":"2022-12-04T05:25:31","date_gmt":"2022-12-04T05:25:31","guid":{"rendered":"http:\/\/promediccomvn469.chiliweb.org\/san-pham\/a-d-e-new-2\/"},"modified":"2022-12-07T11:28:37","modified_gmt":"2022-12-07T11:28:37","slug":"a-d-e-new-2","status":"publish","type":"product","link":"https:\/\/promedic.com.vn\/vi\/san-pham\/a-d-e-new-2\/","title":{"rendered":"A.d.e new"},"content":{"rendered":"<p><strong>K\u00cdCH TH\u00cdCH T\u0102NG TR\u01af\u1edeNG \u2013 T\u0102NG KH\u1ea2 N\u0102NG SINH S\u1ea2N \u2013\u00a0<\/strong><strong>GI\u1ea2I PH\u00c1P U\u1ed0NG X\u01af\u01a0NG KH\u1eceE<\/strong><\/p>\n<p><strong>\u00a0<\/strong><strong>TH\u00c0NH PH\u1ea6N:<\/strong>\u00a0M\u1ed7i 1 l\u00edt ch\u1ee9a:<\/p>\n<ul>\n<li>Vitamin A\u2026\u2026\u2026\u2026\u2026\u2026\u2026\u2026\u2026\u2026\u2026\u2026\u2026\u2026.. 10.000.000 IU<\/li>\n<li>Vitamin D3\u2026\u2026\u2026\u2026\u2026\u2026\u2026\u2026\u2026\u2026\u2026\u2026\u2026\u2026.. 2.000.000 IU<\/li>\n<li>Vitamin E\u2026\u2026\u2026\u2026\u2026\u2026\u2026\u2026\u2026\u2026\u2026\u2026\u2026\u2026\u2026\u2026\u2026 2.000mg<\/li>\n<li>Vitamin C\u2026\u2026\u2026\u2026\u2026\u2026\u2026\u2026\u2026\u2026\u2026\u2026\u2026\u2026\u2026\u2026.\u00a020.000mg<\/li>\n<li>Vitamin K\u2026\u2026\u2026\u2026\u2026\u2026\u2026\u2026\u2026\u2026\u2026\u2026\u2026\u2026\u2026\u2026\u2026 3.000mg<\/li>\n<\/ul>\n<p><strong>CH\u1ec8 \u0110\u1ecaNH:<\/strong><\/p>\n<ul>\n<li>Ph\u00f2ng ng\u1eeba c\u0103ng th\u1eb3ng v\u00e0 thi\u1ebfu vitamin A, D, E, C, K.<\/li>\n<li>C\u1ea3i thi\u1ec7n qu\u00e1 tr\u00ecnh trao \u0111\u1ed5i ch\u1ea5t c\u1ee7a \u0111\u1ed9ng v\u1eadt, th\u00fac \u0111\u1ea9y s\u1ef1 ph\u00e1t tri\u1ec3n kh\u1ecfe m\u1ea1nh c\u1ee7a gia s\u00fac, gia c\u1ea7m.<\/li>\n<li>C\u1ea3i thi\u1ec7n n\u0103ng su\u1ea5t, t\u1ed1c \u0111\u1ed9 t\u0103ng tr\u01b0\u1edfng, s\u1ea3n l\u01b0\u1ee3ng tr\u1ee9ng v\u00e0 t\u1ef7 l\u1ec7 n\u1edf.<\/li>\n<li>C\u1ea3i thi\u1ec7n ch\u1ea5t l\u01b0\u1ee3ng v\u1ecf tr\u1ee9ng.<\/li>\n<li>N\u00e2ng cao tr\u00ecnh \u0111\u1ed9 c\u01a1 th\u1ec3, ch\u1ed1ng stress v\u00e0 kh\u00e1ng b\u1ec7nh.<\/li>\n<\/ul>\n<p><strong>LI\u1ec0U L\u01af\u1ee2NG V\u00c0 C\u00c1CH D\u00d9NG:<\/strong><\/p>\n<ul>\n<li>Gia c\u1ea7m: 10ml\/4 l\u00edt n\u01b0\u1edbc u\u1ed1ng.<\/li>\n<li>Gia s\u00fac: 20ml\/80kg th\u1ec3 tr\u1ecdng trong 3-5 ng\u00e0y.<\/li>\n<li>B\u00ea, ngh\u00e9, d\u00ea: 10ml\/50kg th\u1ec3 tr\u1ecdng trong 3-5 ng\u00e0y.<\/li>\n<li>L\u1ea1c \u0111\u00e0: 100ml\/500kg th\u1ec3 tr\u1ecdng trong 3-5 ng\u00e0y.<\/li>\n<\/ul>\n<p><strong>Th\u1ec3 t\u00edch th\u1ef1c t\u1ebf<\/strong>\u00a0: 1 l\u00edt.<\/p>\n<p><strong>Rgt.No<\/strong>\u00a0:<\/p>\n<p><strong>CH\u1ec8 D\u00c0NH CHO TH\u00da Y.<\/strong><\/p>\n<p><strong>B\u1ea2O QU\u1ea2N<\/strong>\u00a0: N\u01a1i kh\u00f4 m\u00e1t, nhi\u1ec7t \u0111\u1ed9 d\u01b0\u1edbi 30\u00b0C.<\/p>\n<p><strong>Mfg.date \u2013 Exp.date \u2013 L\u00f4:<\/strong>\u00a0\u0111\u01b0\u1ee3c hi\u1ec3n th\u1ecb tr\u00ean bao b\u00ec.<\/p>\n<p><strong>S\u1ea3n xu\u1ea5t t\u1ea1i:<\/strong> <strong>C\u00f4ng ty TNHH Thu\u1ed1c Th\u00fa Y \u00c1 Ch\u00e2u.<\/strong><\/p>\n<p><strong>\u0110\u1ecba ch\u1ec9:<\/strong> 130 Qu\u1ed1c l\u1ed9 1A, P.Ba L\u00e1ng, Q.C\u00e1i R\u0103ng, TP. C\u1ea7n Th\u01a1, Vi\u1ec7t Nam.<\/p>\n<p><strong>\u0110i\u1ec7n tho\u1ea1i:<\/strong> <a href=\"tel:+842923913347\">(+84).292.3913347<\/a> &#8211; <a href=\"tel:3913348\">3913348<\/a> &#8211; FAX: (+84).292.3913349<\/p>\n","protected":false},"excerpt":{"rendered":"<p>K\u00cdCH TH\u00cdCH T\u0102NG TR\u01af\u1edeNG \u2013 T\u0102NG KH\u1ea2 N\u0102NG SINH S\u1ea2N \u2013\u00a0GI\u1ea2I PH\u00c1P U\u1ed0NG X\u01af\u01a0NG KH\u1eceE \u00a0TH\u00c0NH PH\u1ea6N:\u00a0M\u1ed7i 1 l\u00edt ch\u1ee9a: Vitamin A\u2026\u2026\u2026\u2026\u2026\u2026\u2026\u2026\u2026\u2026\u2026\u2026\u2026\u2026.. 10.000.000 IU Vitamin D3\u2026\u2026\u2026\u2026\u2026\u2026\u2026\u2026\u2026\u2026\u2026\u2026\u2026\u2026.. 2.000.000 IU Vitamin E\u2026\u2026\u2026\u2026\u2026\u2026\u2026\u2026\u2026\u2026\u2026\u2026\u2026\u2026\u2026\u2026\u2026 2.000mg Vitamin C\u2026\u2026\u2026\u2026\u2026\u2026\u2026\u2026\u2026\u2026\u2026\u2026\u2026\u2026\u2026\u2026.\u00a020.000mg Vitamin K\u2026\u2026\u2026\u2026\u2026\u2026\u2026\u2026\u2026\u2026\u2026\u2026\u2026\u2026\u2026\u2026\u2026 3.000mg CH\u1ec8 \u0110\u1ecaNH: Ph\u00f2ng ng\u1eeba c\u0103ng th\u1eb3ng v\u00e0 thi\u1ebfu vitamin A, D, E, C, K. C\u1ea3i thi\u1ec7n qu\u00e1 tr\u00ecnh trao [&hellip;]<\/p>\n","protected":false},"featured_media":10125,"comment_status":"open","ping_status":"closed","template":"","meta":[],"product_cat":[117],"product_tag":[],"_links":{"self":[{"href":"https:\/\/promedic.com.vn\/vi\/wp-json\/wp\/v2\/product\/10297"}],"collection":[{"href":"https:\/\/promedic.com.vn\/vi\/wp-json\/wp\/v2\/product"}],"about":[{"href":"https:\/\/promedic.com.vn\/vi\/wp-json\/wp\/v2\/types\/product"}],"replies":[{"embeddable":true,"href":"https:\/\/promedic.com.vn\/vi\/wp-json\/wp\/v2\/comments?post=10297"}],"wp:featuredmedia":[{"embeddable":true,"href":"https:\/\/promedic.com.vn\/vi\/wp-json\/wp\/v2\/media\/10125"}],"wp:attachment":[{"href":"https:\/\/promedic.com.vn\/vi\/wp-json\/wp\/v2\/media?parent=10297"}],"wp:term":[{"taxonomy":"product_cat","embeddable":true,"href":"https:\/\/promedic.com.vn\/vi\/wp-json\/wp\/v2\/product_cat?post=10297"},{"taxonomy":"product_tag","embeddable":true,"href":"https:\/\/promedic.com.vn\/vi\/wp-json\/wp\/v2\/product_tag?post=10297"}],"curies":[{"name":"wp","href":"https:\/\/api.w.org\/{rel}","templated":true}]}}