{"id":10295,"date":"2022-12-04T05:36:08","date_gmt":"2022-12-04T05:36:08","guid":{"rendered":"http:\/\/promediccomvn469.chiliweb.org\/san-pham\/e-sel-plus\/"},"modified":"2022-12-07T11:28:37","modified_gmt":"2022-12-07T11:28:37","slug":"e-sel-plus","status":"publish","type":"product","link":"https:\/\/promedic.com.vn\/vi\/san-pham\/e-sel-plus\/","title":{"rendered":"E \u2013 sel plus"},"content":{"rendered":"<p><strong><span>DUNG D\u1ecaCH\u00a0<\/span><\/strong><strong><span>U\u1ed0NG C\u1ea2I THI\u1ec6N KH\u1ea2 N\u0102NG SINH S\u1ea2N V\u00c0 KH\u1ea2 N\u0102NG S\u1ed0NG<\/span><\/strong><\/p>\n<p><strong><span>TH\u00c0NH PH\u1ea6N:<\/span><\/strong><\/p>\n<ul>\n<li><span>Vitamin E (Alpha-Tocopheryl Acetate)\u2026\u2026\u2026\u2026\u2026\u2026\u2026\u2026\u2026\u2026\u2026.\u00a070mg<\/span><\/li>\n<li><span>Selenit natri\u2026\u2026\u2026\u2026\u2026\u2026\u2026\u2026\u2026\u2026\u2026\u2026\u2026\u2026\u2026\u2026\u2026\u2026\u2026\u2026\u2026.. 500mcg<\/span><\/li>\n<li><span>T\u00e1 d\u01b0\u1ee3c v\u1eeba \u0111\u1ee7\u2026\u2026\u2026\u2026\u2026\u2026\u2026\u2026\u2026\u2026\u2026\u2026\u2026\u2026\u2026\u2026\u2026\u2026\u2026\u2026\u2026.. 1ml<\/span><\/li>\n<\/ul>\n<p><strong><span>C\u00d4NG D\u1ee4NG:<\/span><\/strong><span>\u00a0Ph\u00f2ng v\u00e0 \u0111i\u1ec1u tr\u1ecb c\u00e1c b\u1ec7nh do thi\u1ebfu vitamin E v\u00e0 Selen, h\u1ed9i ch\u1ee9ng tho\u00e1i h\u00f3a kh\u1edbp.<\/span><\/p>\n<p><strong><span>LI\u1ec0U L\u01af\u1ee2NG V\u00c0 C\u00c1CH D\u00d9NG\u00a0<\/span><\/strong><strong><span>:<\/span><\/strong><\/p>\n<p><span>D\u00f9ng \u0111\u01b0\u1eddng u\u1ed1ng qua n\u01b0\u1edbc u\u1ed1ng:<\/span><\/p>\n<ul>\n<li><span>N\u00e2ng cao t\u1ef7 l\u1ec7 sinh tinh, T\u0103ng t\u1ef7 l\u1ec7 th\u1ee5 tinh, t\u0103ng t\u1ef7 l\u1ec7 th\u1ee5 thai, gi\u1ea3m t\u1ef7 l\u1ec7 s\u1ea3y thai, kh\u00f4 thai v\u00e0 c\u00e1c tr\u01b0\u1eddng h\u1ee3p hi\u1ebfm mu\u1ed9n;\u00a0N\u00e2ng cao gi\u00e1 tr\u1ecb dinh d\u01b0\u1ee1ng c\u1ee7a th\u1ecbt;\u00a0Gi\u1ea3m c\u0103ng th\u1eb3ng, m\u1ec7t m\u1ecfi.<\/span><strong>\u00a0<\/strong>\n<ul>\n<li><span>B\u00ea, ngh\u00e9, c\u1eebu, d\u00ea: 1ml\/40kg th\u1ec3 tr\u1ecdng, 5-7 ng\u00e0y.<\/span><\/li>\n<li><span>Gia s\u00fac: 1ml\/80kg th\u1ec3 tr\u1ecdng trong 5-7 ng\u00e0y.<\/span><\/li>\n<\/ul>\n<\/li>\n<li><span>Ph\u00f2ng b\u1ec7nh: 2-4 tu\u1ea7n\/l\u1ea7n.<\/span><\/li>\n<\/ul>\n<p><strong><span>B\u1ea2O QU\u1ea2N<\/span><\/strong><span>\u00a0: N\u01a1i kh\u00f4 m\u00e1t, nhi\u1ec7t \u0111\u1ed9 d\u01b0\u1edbi 30\u00b0C<\/span><\/p>\n<p><strong><span>TH\u1ec2 T\u00cdCH TH\u1ef0C T\u1ebe<\/span><\/strong><span>\u00a0: 1 L\u00edt<\/span><\/p>\n<p><strong><span>Rgt.No<\/span><\/strong><span>\u00a0: APC \u2013 225<\/span><\/p>\n<p><strong><span>CH\u1ec8 D\u00c0NH CHO TH\u00da Y<\/span><\/strong><\/p>\n<p><strong><span>Mfg.date \u2013 Exp.date \u2013 L\u00f4:<\/span><\/strong><span>\u00a0ghi tr\u00ean bao b\u00ec<\/span><\/p>\n<p><strong>S\u1ea3n xu\u1ea5t t\u1ea1i:<\/strong> <strong>C\u00f4ng ty TNHH Thu\u1ed1c Th\u00fa Y \u00c1 Ch\u00e2u.<\/strong><\/p>\n<p><strong>\u0110\u1ecba ch\u1ec9:<\/strong> 130 Qu\u1ed1c l\u1ed9 1A, P.Ba L\u00e1ng, Q.C\u00e1i R\u0103ng, TP. C\u1ea7n Th\u01a1, Vi\u1ec7t Nam.<\/p>\n<p><strong>\u0110i\u1ec7n tho\u1ea1i:<\/strong> <a href=\"tel:+842923913347\">(+84).292.3913347<\/a> &#8211; <a href=\"tel:3913348\">3913348<\/a> &#8211; FAX: (+84).292.3913349<\/p>\n","protected":false},"excerpt":{"rendered":"<p>DUNG D\u1ecaCH\u00a0U\u1ed0NG C\u1ea2I THI\u1ec6N KH\u1ea2 N\u0102NG SINH S\u1ea2N V\u00c0 KH\u1ea2 N\u0102NG S\u1ed0NG TH\u00c0NH PH\u1ea6N: Vitamin E (Alpha-Tocopheryl Acetate)\u2026\u2026\u2026\u2026\u2026\u2026\u2026\u2026\u2026\u2026\u2026.\u00a070mg Selenit natri\u2026\u2026\u2026\u2026\u2026\u2026\u2026\u2026\u2026\u2026\u2026\u2026\u2026\u2026\u2026\u2026\u2026\u2026\u2026\u2026\u2026.. 500mcg T\u00e1 d\u01b0\u1ee3c v\u1eeba \u0111\u1ee7\u2026\u2026\u2026\u2026\u2026\u2026\u2026\u2026\u2026\u2026\u2026\u2026\u2026\u2026\u2026\u2026\u2026\u2026\u2026\u2026\u2026.. 1ml C\u00d4NG D\u1ee4NG:\u00a0Ph\u00f2ng v\u00e0 \u0111i\u1ec1u tr\u1ecb c\u00e1c b\u1ec7nh do thi\u1ebfu vitamin E v\u00e0 Selen, h\u1ed9i ch\u1ee9ng tho\u00e1i h\u00f3a kh\u1edbp. LI\u1ec0U L\u01af\u1ee2NG V\u00c0 C\u00c1CH D\u00d9NG\u00a0: D\u00f9ng \u0111\u01b0\u1eddng u\u1ed1ng qua n\u01b0\u1edbc u\u1ed1ng: [&hellip;]<\/p>\n","protected":false},"featured_media":10129,"comment_status":"open","ping_status":"closed","template":"","meta":[],"product_cat":[117],"product_tag":[],"_links":{"self":[{"href":"https:\/\/promedic.com.vn\/vi\/wp-json\/wp\/v2\/product\/10295"}],"collection":[{"href":"https:\/\/promedic.com.vn\/vi\/wp-json\/wp\/v2\/product"}],"about":[{"href":"https:\/\/promedic.com.vn\/vi\/wp-json\/wp\/v2\/types\/product"}],"replies":[{"embeddable":true,"href":"https:\/\/promedic.com.vn\/vi\/wp-json\/wp\/v2\/comments?post=10295"}],"wp:featuredmedia":[{"embeddable":true,"href":"https:\/\/promedic.com.vn\/vi\/wp-json\/wp\/v2\/media\/10129"}],"wp:attachment":[{"href":"https:\/\/promedic.com.vn\/vi\/wp-json\/wp\/v2\/media?parent=10295"}],"wp:term":[{"taxonomy":"product_cat","embeddable":true,"href":"https:\/\/promedic.com.vn\/vi\/wp-json\/wp\/v2\/product_cat?post=10295"},{"taxonomy":"product_tag","embeddable":true,"href":"https:\/\/promedic.com.vn\/vi\/wp-json\/wp\/v2\/product_tag?post=10295"}],"curies":[{"name":"wp","href":"https:\/\/api.w.org\/{rel}","templated":true}]}}