{"id":10293,"date":"2022-12-04T06:00:50","date_gmt":"2022-12-04T06:00:50","guid":{"rendered":"http:\/\/promediccomvn469.chiliweb.org\/san-pham\/e-sel-max\/"},"modified":"2022-12-07T11:28:37","modified_gmt":"2022-12-07T11:28:37","slug":"e-sel-max","status":"publish","type":"product","link":"https:\/\/promedic.com.vn\/vi\/san-pham\/e-sel-max\/","title":{"rendered":"E-sel max"},"content":{"rendered":"<p><span><strong>B\u1ed8T\u00a0<\/strong><strong>B\u1ed4 SUNG VITAMIN\u00a0<\/strong><\/span><strong><span>V\u00c0 KHO\u00c1NG CH\u1ea4T<\/span><\/strong><\/p>\n<p><strong><span>TH\u00c0NH PH\u1ea6N:<\/span><\/strong><\/p>\n<ul>\n<li><span>Vitamin E (t\u1ed1i thi\u1ec3u)\u2026\u2026\u2026\u2026\u2026\u2026\u2026\u2026\u2026 105.603 IU<\/span><\/li>\n<li><span>Selenium\u2026\u2026\u2026\u2026\u2026\u2026\u2026\u2026\u2026\u2026\u2026\u2026\u2026. 15.000mcg<\/span><\/li>\n<li><span>Axit ascorbic\u2026\u2026\u2026\u2026\u2026\u2026\u2026\u2026\u2026\u2026\u2026\u2026\u2026\u00a02.000mg<\/span><\/li>\n<li><span>L-Lysine HCl\u2026\u2026\u2026\u2026\u2026\u2026\u2026\u2026\u2026\u2026\u2026\u2026 120.000mg<\/span><\/li>\n<li><span>Methionin\u2026\u2026\u2026\u2026\u2026\u2026\u2026\u2026\u2026\u2026\u2026..\u2026\u2026. 25.000mg<\/span><\/li>\n<li><span>Vitamin B1\u2026\u2026\u2026\u2026\u2026\u2026\u2026\u2026\u2026\u2026\u2026..\u2026\u2026\u00a05.000mcg<\/span><\/li>\n<li><span>Vitamin B12\u2026\u2026\u2026\u2026\u2026\u2026\u2026\u2026\u2026\u2026\u2026\u2026\u2026 2.500mcg<\/span><\/li>\n<li><span>Coban\u2026\u2026\u2026\u2026\u2026\u2026\u2026\u2026\u2026\u2026\u2026\u2026\u2026\u2026\u2026\u2026\u2026.. 25mg<\/span><\/li>\n<li><span>Canxi\u2026\u2026\u2026\u2026\u2026\u2026\u2026\u2026..\u2026\u2026\u2026\u2026\u2026\u2026\u2026\u2026\u2026\u2026 10%<\/span><\/li>\n<li><span>Ph\u1ed1t pho \u2026\u2026\u2026\u2026\u2026\u2026\u2026\u2026\u2026\u2026\u2026\u2026\u2026\u2026.\u2026\u2026\u2026\u00a09%<\/span><\/li>\n<li><span>Crom\u2026\u2026\u2026\u2026\u2026\u2026\u2026\u2026\u2026\u2026\u2026\u2026\u2026\u2026\u2026\u2026\u2026\u2026 10mg<\/span><\/li>\n<li><span>T\u00e1 d\u01b0\u1ee3c v\u1eeba \u0111\u1ee7\u2026\u2026\u2026\u2026\u2026\u2026\u2026\u2026\u2026\u2026\u2026\u2026\u2026\u2026 1kg<\/span><\/li>\n<\/ul>\n<p><strong><span>CH\u1ec8 \u0110\u1ecaNH:<\/span><\/strong><\/p>\n<ul>\n<li><span>H\u1ed7 tr\u1ee3 ch\u1ee9c n\u0103ng c\u01a1 b\u1eafp.<\/span><\/li>\n<li><span>Gi\u00fap b\u1ea3o v\u1ec7 t\u1ebf b\u00e0o kh\u1ecfi t\u00e1c \u0111\u1ed9ng b\u1ea5t l\u1ee3i c\u1ee7a c\u00e1c g\u1ed1c t\u1ef1 do d\u01b0 th\u1eeba.<\/span><\/li>\n<li><span>Gi\u00fap t\u0103ng tr\u01b0\u1edfng t\u1ef1 nhi\u00ean, kh\u1ea3 n\u0103ng sinh s\u1ea3n v\u00e0 ch\u1ee9c n\u0103ng c\u01a1 b\u1eafp t\u1ed1i \u01b0u.<\/span><\/li>\n<\/ul>\n<p><strong><span>LI\u1ec0U L\u01af\u1ee2NG V\u00c0 C\u00c1CH D\u00d9NG:<\/span><\/strong><\/p>\n<p><span>POLA E SEL \u0111\u01b0\u1ee3c s\u1eed d\u1ee5ng h\u00e0ng ng\u00e0y nh\u01b0 m\u1ed9t ch\u1ea5t b\u1ed5 sung kh\u00e1c b\u1eb1ng c\u00e1ch th\u00eam v\u00e0o kh\u1ea9u ph\u1ea7n th\u1ee9c \u0103n h\u00e0ng ng\u00e0y ho\u1eb7c \u0111\u01b0\u1ee3c cung c\u1ea5p tr\u1ef1c ti\u1ebfp.<\/span><\/p>\n<ul>\n<li><span>Ng\u1ef1a: 30g\/con.<\/span><\/li>\n<li><span>L\u1ea1c \u0111\u00e0: 45g\/con.<\/span><\/li>\n<li><span>B\u00ea:<\/span>\n<ul>\n<li><span>\u0110\u1ebfn 45kg: 7,5g\/con.<\/span><\/li>\n<li><span>46-90kg: 15g\/con.<\/span><\/li>\n<\/ul>\n<\/li>\n<\/ul>\n<p><span>\u0110\u1ec3 c\u00f3 k\u1ebft qu\u1ea3 t\u1ed1t nh\u1ea5t tr\u1ed9n v\u1edbi kh\u1ea9u ph\u1ea7n th\u1ee9c \u0103n.\u00a0L\u1eb7p l\u1ea1i theo ch\u1ec9 \u0111\u1ecbnh ho\u1eb7c theo khuy\u1ebfn ngh\u1ecb c\u1ee7a b\u00e1c s\u0129 th\u00fa y ho\u1eb7c chuy\u00ean gia dinh d\u01b0\u1ee1ng.\u00a0Bi\u1ec7n ph\u00e1p k\u00e8m theo ph\u1ea3i \u0111\u01b0\u1ee3c s\u1eed d\u1ee5ng nh\u01b0 san b\u1eb1ng.<\/span><\/p>\n<p><strong><span>Tr\u1ecdng l\u01b0\u1ee3ng t\u1ecbnh:<\/span><\/strong><span>\u00a01,5kg<\/span><\/p>\n<p><strong><span>Rgt.No:<\/span><\/strong><span>\u00a0CT.TS2-19<\/span><\/p>\n<p><strong><span>B\u1ea2O QU\u1ea2N<\/span><\/strong><span>\u00a0: N\u01a1i kh\u00f4 m\u00e1t, nhi\u1ec7t \u0111\u1ed9 d\u01b0\u1edbi 30\u00b0C.<\/span><\/p>\n<p><strong><span>CH\u1ec8 D\u00c0NH CHO TH\u00da Y.<\/span><\/strong><\/p>\n<p><strong>S\u1ea3n xu\u1ea5t t\u1ea1i:<\/strong> <strong>C\u00f4ng ty TNHH Thu\u1ed1c Th\u00fa Y \u00c1 Ch\u00e2u.<\/strong><\/p>\n<p><strong>\u0110\u1ecba ch\u1ec9:<\/strong> 130 Qu\u1ed1c l\u1ed9 1A, P.Ba L\u00e1ng, Q.C\u00e1i R\u0103ng, TP. C\u1ea7n Th\u01a1, Vi\u1ec7t Nam.<\/p>\n<p><strong>\u0110i\u1ec7n tho\u1ea1i:<\/strong> <a href=\"tel:+842923913347\">(+84).292.3913347<\/a> &#8211; <a href=\"tel:3913348\">3913348<\/a> &#8211; FAX: (+84).292.3913349<\/p>\n","protected":false},"excerpt":{"rendered":"<p>B\u1ed8T\u00a0B\u1ed4 SUNG VITAMIN\u00a0V\u00c0 KHO\u00c1NG CH\u1ea4T TH\u00c0NH PH\u1ea6N: Vitamin E (t\u1ed1i thi\u1ec3u)\u2026\u2026\u2026\u2026\u2026\u2026\u2026\u2026\u2026 105.603 IU Selenium\u2026\u2026\u2026\u2026\u2026\u2026\u2026\u2026\u2026\u2026\u2026\u2026\u2026. 15.000mcg Axit ascorbic\u2026\u2026\u2026\u2026\u2026\u2026\u2026\u2026\u2026\u2026\u2026\u2026\u2026\u00a02.000mg L-Lysine HCl\u2026\u2026\u2026\u2026\u2026\u2026\u2026\u2026\u2026\u2026\u2026\u2026 120.000mg Methionin\u2026\u2026\u2026\u2026\u2026\u2026\u2026\u2026\u2026\u2026\u2026..\u2026\u2026. 25.000mg Vitamin B1\u2026\u2026\u2026\u2026\u2026\u2026\u2026\u2026\u2026\u2026\u2026..\u2026\u2026\u00a05.000mcg Vitamin B12\u2026\u2026\u2026\u2026\u2026\u2026\u2026\u2026\u2026\u2026\u2026\u2026\u2026 2.500mcg Coban\u2026\u2026\u2026\u2026\u2026\u2026\u2026\u2026\u2026\u2026\u2026\u2026\u2026\u2026\u2026\u2026\u2026.. 25mg Canxi\u2026\u2026\u2026\u2026\u2026\u2026\u2026\u2026..\u2026\u2026\u2026\u2026\u2026\u2026\u2026\u2026\u2026\u2026 10% Ph\u1ed1t pho \u2026\u2026\u2026\u2026\u2026\u2026\u2026\u2026\u2026\u2026\u2026\u2026\u2026\u2026.\u2026\u2026\u2026\u00a09% Crom\u2026\u2026\u2026\u2026\u2026\u2026\u2026\u2026\u2026\u2026\u2026\u2026\u2026\u2026\u2026\u2026\u2026\u2026 10mg T\u00e1 d\u01b0\u1ee3c v\u1eeba \u0111\u1ee7\u2026\u2026\u2026\u2026\u2026\u2026\u2026\u2026\u2026\u2026\u2026\u2026\u2026\u2026 1kg CH\u1ec8 \u0110\u1ecaNH: H\u1ed7 tr\u1ee3 ch\u1ee9c n\u0103ng c\u01a1 b\u1eafp. Gi\u00fap b\u1ea3o v\u1ec7 t\u1ebf b\u00e0o kh\u1ecfi [&hellip;]<\/p>\n","protected":false},"featured_media":10138,"comment_status":"open","ping_status":"closed","template":"","meta":[],"product_cat":[117],"product_tag":[],"_links":{"self":[{"href":"https:\/\/promedic.com.vn\/vi\/wp-json\/wp\/v2\/product\/10293"}],"collection":[{"href":"https:\/\/promedic.com.vn\/vi\/wp-json\/wp\/v2\/product"}],"about":[{"href":"https:\/\/promedic.com.vn\/vi\/wp-json\/wp\/v2\/types\/product"}],"replies":[{"embeddable":true,"href":"https:\/\/promedic.com.vn\/vi\/wp-json\/wp\/v2\/comments?post=10293"}],"wp:featuredmedia":[{"embeddable":true,"href":"https:\/\/promedic.com.vn\/vi\/wp-json\/wp\/v2\/media\/10138"}],"wp:attachment":[{"href":"https:\/\/promedic.com.vn\/vi\/wp-json\/wp\/v2\/media?parent=10293"}],"wp:term":[{"taxonomy":"product_cat","embeddable":true,"href":"https:\/\/promedic.com.vn\/vi\/wp-json\/wp\/v2\/product_cat?post=10293"},{"taxonomy":"product_tag","embeddable":true,"href":"https:\/\/promedic.com.vn\/vi\/wp-json\/wp\/v2\/product_tag?post=10293"}],"curies":[{"name":"wp","href":"https:\/\/api.w.org\/{rel}","templated":true}]}}