{"id":10292,"date":"2022-12-04T06:20:03","date_gmt":"2022-12-04T06:20:03","guid":{"rendered":"http:\/\/promediccomvn469.chiliweb.org\/san-pham\/gluco-k-c-2\/"},"modified":"2022-12-07T11:31:16","modified_gmt":"2022-12-07T11:31:16","slug":"gluco-k-c-2","status":"publish","type":"product","link":"https:\/\/promedic.com.vn\/vi\/san-pham\/gluco-k-c-2\/","title":{"rendered":"Gluco-k-c"},"content":{"rendered":"<p><strong>GI\u00daP<\/strong><strong> GI\u1ea2I NHI\u1ec6T \u2013 CH\u1ed0NG STRESS \u2013 N\u00c2NG<\/strong><strong> CAO S\u1ee8C \u0110\u1ec0 KH\u00c1NG<\/strong><\/p>\n<p><strong>TH\u00c0NH PH\u1ea6N NGUY\u00caN LI\u1ec6U<\/strong>: Vitamin C, K3 MSB, Lysine HCl, Glucose, Calcium gluconate, NaCl, KCl, Maltodextrin.<\/p>\n<p><strong>CH\u1ec8 TI\u00caU CH\u1ea4T L\u01af\u1ee2NG:<\/strong><\/p>\n<ul>\n<li>\u1ea8m \u0111\u1ed9 (max)&#8230;&#8230;&#8230;&#8230;&#8230;&#8230;&#8230;&#8230;&#8230;&#8230;&#8230;&#8230;&#8230;&#8230;&#8230;&#8230;&#8230;&#8230;&#8230;&#8230;&#8230;&#8230;&#8230;&#8230;&#8230;&#8230;&#8230;&#8230;&#8230;&#8230;.. 12%<\/li>\n<li>*Glucose (min-max)&#8230;&#8230;&#8230;&#8230;&#8230;&#8230;&#8230;&#8230;&#8230;&#8230;&#8230;&#8230;&#8230;&#8230;&#8230;&#8230;&#8230;&#8230;&#8230;&#8230;&#8230;&#8230;&#8230;&#8230;&#8230;. 27-33g<\/li>\n<li>*Lysine HCl (min)&#8230;&#8230;&#8230;&#8230;&#8230;&#8230;&#8230;&#8230;&#8230;&#8230;&#8230;&#8230;&#8230;&#8230;&#8230;&#8230;&#8230;&#8230;&#8230;&#8230;&#8230;&#8230;&#8230;&#8230;&#8230;&#8230;&#8230;&#8230;&#8230; 5g<\/li>\n<li>*Vitamin C (min)&#8230;&#8230;&#8230;&#8230;&#8230;&#8230;&#8230;&#8230;&#8230;&#8230;&#8230;&#8230;&#8230;&#8230;&#8230;&#8230;&#8230;&#8230;&#8230;&#8230;&#8230;&#8230;&#8230;&#8230;&#8230;&#8230;&#8230;&#8230;&#8230; 10g<\/li>\n<li>*Vitamin K3 MSB (min)&#8230;&#8230;&#8230;&#8230;&#8230;&#8230;&#8230;&#8230;&#8230;&#8230;&#8230;&#8230;&#8230;&#8230;&#8230;&#8230;&#8230;&#8230;&#8230;&#8230;&#8230;&#8230;&#8230;&#8230;&#8230;.4,5g<\/li>\n<li>Na<sup>+ <\/sup>(min-max)&#8230;&#8230;&#8230;&#8230;&#8230;&#8230;&#8230;&#8230;&#8230;&#8230;&#8230;&#8230;&#8230;&#8230;&#8230;&#8230;&#8230;&#8230;&#8230;&#8230;&#8230;&#8230;&#8230;&#8230;&#8230;&#8230;&#8230;. 1,8-2,2g<\/li>\n<li>K<sup>+ <\/sup>(min-max)&#8230;&#8230;&#8230;&#8230;&#8230;&#8230;&#8230;&#8230;&#8230;&#8230;&#8230;&#8230;&#8230;&#8230;&#8230;&#8230;&#8230;&#8230;&#8230;&#8230;&#8230;&#8230;&#8230;&#8230;&#8230;&#8230;&#8230;&#8230;. 1,2-1,4g<\/li>\n<li>*Ca<sup>++<\/sup> (min-max)&#8230;&#8230;&#8230;&#8230;&#8230;&#8230;&#8230;&#8230;&#8230;&#8230;&#8230;&#8230;&#8230;&#8230;&#8230;&#8230;&#8230;&#8230;&#8230;&#8230;&#8230;&#8230;&#8230;&#8230;&#8230;&#8230;. 0,3-0,5g<\/li>\n<li>Ca\u0301t, sa\u0323n (max)&#8230;&#8230;&#8230;&#8230;&#8230;&#8230;&#8230;&#8230;&#8230;&#8230;&#8230;&#8230;&#8230;&#8230;&#8230;&#8230;&#8230;&#8230;&#8230;&#8230;&#8230;&#8230;&#8230;&#8230;&#8230;&#8230;&#8230;&#8230;&#8230;. 0,5%<\/li>\n<li>Ch\u1ea5t c\u1ea5m&#8230;&#8230;&#8230;&#8230;&#8230;&#8230;&#8230;&#8230;&#8230;&#8230;&#8230;&#8230;&#8230;&#8230;&#8230;&#8230;&#8230;&#8230;&#8230;&#8230;&#8230;&#8230;&#8230;&#8230;&#8230;&#8230;&#8230;&#8230;&#8230;&#8230; kh\u00f4ng c\u00f3<\/li>\n<li>Ch\u1ea5t mang (Maltodextrin) v\u1eeba \u0111\u1ee7&#8230;&#8230;&#8230;&#8230;&#8230;&#8230;&#8230;&#8230;&#8230;&#8230;&#8230;&#8230;&#8230;&#8230;&#8230;&#8230;&#8230;&#8230;&#8230;.. 100g<\/li>\n<\/ul>\n<p>(*): Ch\u1ea5t ch\u00ednh<\/p>\n<p><strong>C\u00d4NG D\u1ee4NG<\/strong>:<\/p>\n<ul>\n<li>GLUCO-K-C \u0111\u00e1p \u1ee9ng c\u00e1c nhu c\u1ea7u v\u1ec1 vitamin, acid amin v\u00e0 c\u00e1c ch\u1ea5t \u0111i\u1ec7n gi\u1ea3i c\u1ea7n thi\u1ebft cho c\u01a1 th\u1ec3, gi\u00fap cho gia s\u00fac, gia c\u1ea7m n\u00e2ng cao s\u1ee9c \u0111\u1ec1 kh\u00e1ng, gi\u1ea3i \u0111\u1ed9c, ch\u1ed1ng ch\u1ecbu b\u1ec7nh t\u1eadt.<\/li>\n<li>H\u00f4\u0303 tr\u01a1\u0323 hi\u00ea\u0323u qua\u0309 trong \u0111i\u00ea\u0300u tri\u0323 b\u00ea\u0323nh Gumboro, Newcastle, cu\u0301m, PRRS (heo tai xanh), ph\u1ee5c h\u1ed3i s\u1ee9c kh\u1ecfe nhanh sau th\u1eddi gian \u0111i\u1ec1u tr\u1ecb b\u1ec7nh.<\/li>\n<li>B\u1ed5 sung vitamin C v\u00e0 K trong tr\u01b0\u1eddng h\u1ee3p thi\u1ebfu vitamin C v\u00e0 K trong th\u1ee9c \u0103n, g\u00e2y t\u1ed5n th\u01b0\u01a1ng \u0111\u01b0\u1eddng ru\u1ed9t, xu\u1ea5t huy\u1ebft d\u01b0\u1edbi da, c\u01a1 m\u00e0o b\u1ecb t\u00edm t\u00e1i.<\/li>\n<li>T\u0103ng c\u01b0\u1eddng kh\u1ea3 n\u0103ng h\u1ea5p thu v\u00e0 ti\u00eau h\u00f3a th\u1ee9c \u0103n, kh\u1ea3 n\u0103ng sinh tr\u01b0\u1edfng v\u00e0 trao \u0111\u1ed5i ch\u1ea5t, gia t\u0103ng t\u1ef7 l\u1ec7 s\u1ed1ng.<\/li>\n<\/ul>\n<p><strong>C\u00c1CH<\/strong><strong> &#8211;<\/strong> <strong>LI\u1ec0U D\u00d9NG: <\/strong>Tr\u1ed9n v\u00e0o th\u1ee9c \u0103n ho\u1eb7c pha v\u1edbi n\u01b0\u1edbc u\u1ed1ng:<\/p>\n<ul>\n<li>Tr\u00e2u, b\u00f2, heo: 100g GLUCO-K-C tr\u1ed9n v\u00e0o 40kg th\u1ee9c \u0103n ho\u1eb7c pha 20-30g\/100 l\u00edt n\u01b0\u1edbc.<\/li>\n<li>Gia c\u1ea7m: 30g\/100 l\u00edt n\u01b0\u1edbc.<\/li>\n<\/ul>\n<p><strong>B\u1ea2O QU\u1ea2N:<\/strong> N\u01a1i kh\u00f4 tho\u00e1ng, nhi\u1ec7t \u0111\u1ed9 kh\u00f4ng qu\u00e1 30\u00b0C<\/p>\n<p><strong>CH\u1ec8 D\u00d9NG TRONG CH\u0102N NU\u00d4I<\/strong><\/p>\n<p><strong>Kh\u1ed1i l\u01b0\u1ee3ng t\u1ecbnh: 100g<\/strong><\/p>\n<p><strong>S\u1ed1 TCCS<\/strong>: 16:2012\/AC.CT<\/p>\n<p><strong>S\u1ea3n xu\u1ea5t t\u1ea1i:<\/strong> <strong>C\u00f4ng ty TNHH Thu\u1ed1c Th\u00fa Y \u00c1 Ch\u00e2u.<\/strong><\/p>\n<p><strong>\u0110\u1ecba ch\u1ec9:<\/strong> 130 Qu\u1ed1c l\u1ed9 1A, P.Ba L\u00e1ng, Q.C\u00e1i R\u0103ng, TP. C\u1ea7n Th\u01a1, Vi\u1ec7t Nam.<\/p>\n<p><strong>\u0110i\u1ec7n tho\u1ea1i:<\/strong> <a href=\"tel:+842923913347\">(+84).292.3913347<\/a> &#8211; <a href=\"tel:3913348\">3913348<\/a> &#8211; FAX: (+84).292.3913349<\/p>\n","protected":false},"excerpt":{"rendered":"<p>GI\u00daP GI\u1ea2I NHI\u1ec6T \u2013 CH\u1ed0NG STRESS \u2013 N\u00c2NG CAO S\u1ee8C \u0110\u1ec0 KH\u00c1NG TH\u00c0NH PH\u1ea6N NGUY\u00caN LI\u1ec6U: Vitamin C, K3 MSB, Lysine HCl, Glucose, Calcium gluconate, NaCl, KCl, Maltodextrin. CH\u1ec8 TI\u00caU CH\u1ea4T L\u01af\u1ee2NG: \u1ea8m \u0111\u1ed9 (max)&#8230;&#8230;&#8230;&#8230;&#8230;&#8230;&#8230;&#8230;&#8230;&#8230;&#8230;&#8230;&#8230;&#8230;&#8230;&#8230;&#8230;&#8230;&#8230;&#8230;&#8230;&#8230;&#8230;&#8230;&#8230;&#8230;&#8230;&#8230;&#8230;&#8230;.. 12% *Glucose (min-max)&#8230;&#8230;&#8230;&#8230;&#8230;&#8230;&#8230;&#8230;&#8230;&#8230;&#8230;&#8230;&#8230;&#8230;&#8230;&#8230;&#8230;&#8230;&#8230;&#8230;&#8230;&#8230;&#8230;&#8230;&#8230;. 27-33g *Lysine HCl (min)&#8230;&#8230;&#8230;&#8230;&#8230;&#8230;&#8230;&#8230;&#8230;&#8230;&#8230;&#8230;&#8230;&#8230;&#8230;&#8230;&#8230;&#8230;&#8230;&#8230;&#8230;&#8230;&#8230;&#8230;&#8230;&#8230;&#8230;&#8230;&#8230; 5g *Vitamin C (min)&#8230;&#8230;&#8230;&#8230;&#8230;&#8230;&#8230;&#8230;&#8230;&#8230;&#8230;&#8230;&#8230;&#8230;&#8230;&#8230;&#8230;&#8230;&#8230;&#8230;&#8230;&#8230;&#8230;&#8230;&#8230;&#8230;&#8230;&#8230;&#8230; 10g *Vitamin K3 MSB (min)&#8230;&#8230;&#8230;&#8230;&#8230;&#8230;&#8230;&#8230;&#8230;&#8230;&#8230;&#8230;&#8230;&#8230;&#8230;&#8230;&#8230;&#8230;&#8230;&#8230;&#8230;&#8230;&#8230;&#8230;&#8230;.4,5g Na+ (min-max)&#8230;&#8230;&#8230;&#8230;&#8230;&#8230;&#8230;&#8230;&#8230;&#8230;&#8230;&#8230;&#8230;&#8230;&#8230;&#8230;&#8230;&#8230;&#8230;&#8230;&#8230;&#8230;&#8230;&#8230;&#8230;&#8230;&#8230;. 1,8-2,2g K+ [&hellip;]<\/p>\n","protected":false},"featured_media":10142,"comment_status":"open","ping_status":"closed","template":"","meta":[],"product_cat":[117],"product_tag":[],"_links":{"self":[{"href":"https:\/\/promedic.com.vn\/vi\/wp-json\/wp\/v2\/product\/10292"}],"collection":[{"href":"https:\/\/promedic.com.vn\/vi\/wp-json\/wp\/v2\/product"}],"about":[{"href":"https:\/\/promedic.com.vn\/vi\/wp-json\/wp\/v2\/types\/product"}],"replies":[{"embeddable":true,"href":"https:\/\/promedic.com.vn\/vi\/wp-json\/wp\/v2\/comments?post=10292"}],"wp:featuredmedia":[{"embeddable":true,"href":"https:\/\/promedic.com.vn\/vi\/wp-json\/wp\/v2\/media\/10142"}],"wp:attachment":[{"href":"https:\/\/promedic.com.vn\/vi\/wp-json\/wp\/v2\/media?parent=10292"}],"wp:term":[{"taxonomy":"product_cat","embeddable":true,"href":"https:\/\/promedic.com.vn\/vi\/wp-json\/wp\/v2\/product_cat?post=10292"},{"taxonomy":"product_tag","embeddable":true,"href":"https:\/\/promedic.com.vn\/vi\/wp-json\/wp\/v2\/product_tag?post=10292"}],"curies":[{"name":"wp","href":"https:\/\/api.w.org\/{rel}","templated":true}]}}