{"id":10291,"date":"2022-12-04T06:34:26","date_gmt":"2022-12-04T06:34:26","guid":{"rendered":"http:\/\/promediccomvn469.chiliweb.org\/san-pham\/herbatox-2\/"},"modified":"2022-12-07T11:31:16","modified_gmt":"2022-12-07T11:31:16","slug":"herbatox-2","status":"publish","type":"product","link":"https:\/\/promedic.com.vn\/vi\/san-pham\/herbatox-2\/","title":{"rendered":"Herbatox"},"content":{"rendered":"<p><strong>B\u1ed8T H\u00d2A TAN M\u00c1T GAN \u2013 GI\u1ea2I \u0110\u1ed8C \u2013 B\u1ea2O V\u1ec6 GAN<\/strong><\/p>\n<p><strong>TH\u00c0NH PH\u1ea6N NGUY\u00caN LI\u1ec6U<\/strong>: Sorbitol, beta glucan, inositol, methionine, lysine HCl, magnesium sulphate, th\u1ea3o d\u01b0\u1ee3c actiso, \u0111\u01b0\u1eddng maltodextrin.<\/p>\n<p><strong>CH\u1ec8 TI\u00caU CH\u1ea4T L\u01af\u1ee2NG:<\/strong><\/p>\n<ul>\n<li>\u0110\u1ed9 \u1ea9m (max)&#8230;&#8230;&#8230;&#8230;&#8230;&#8230;&#8230;&#8230;&#8230;&#8230;&#8230;&#8230;&#8230;&#8230;&#8230;&#8230;&#8230;&#8230;&#8230;&#8230;&#8230;&#8230;&#8230;&#8230;&#8230;&#8230;&#8230;&#8230;&#8230;&#8230;&#8230;&#8230;.12%<\/li>\n<li>*Sorbitol (min)&#8230;&#8230;&#8230;&#8230;&#8230;&#8230;&#8230;&#8230;&#8230;&#8230;&#8230;&#8230;&#8230;&#8230;&#8230;&#8230;&#8230;&#8230;&#8230;&#8230;&#8230;&#8230;&#8230;&#8230;&#8230;&#8230;&#8230;&#8230;&#8230;&#8230;&#8230;.. 45g<\/li>\n<li>Beta glucan t\u1ed5ng s\u1ed1 (min)&#8230;&#8230;&#8230;&#8230;&#8230;&#8230;&#8230;&#8230;&#8230;&#8230;&#8230;&#8230;&#8230;&#8230;&#8230;&#8230;&#8230;&#8230;&#8230;&#8230;&#8230;&#8230;&#8230; 1.000mg<\/li>\n<li>*Methionine (min)&#8230;&#8230;&#8230;&#8230;&#8230;&#8230;&#8230;&#8230;&#8230;&#8230;&#8230;&#8230;&#8230;&#8230;&#8230;&#8230;&#8230;&#8230;&#8230;&#8230;&#8230;&#8230;&#8230;&#8230;&#8230;&#8230;&#8230;. 1.000mg<\/li>\n<li>Inositol (min)&#8230;&#8230;&#8230;&#8230;&#8230;&#8230;&#8230;&#8230;&#8230;&#8230;&#8230;&#8230;&#8230;&#8230;&#8230;&#8230;&#8230;&#8230;&#8230;&#8230;&#8230;&#8230;&#8230;&#8230;&#8230;&#8230;&#8230;&#8230;&#8230;.. 1.000mg<\/li>\n<li>Lysine t\u1ed5ng s\u1ed1 (min)&#8230;&#8230;&#8230;&#8230;&#8230;&#8230;&#8230;&#8230;&#8230;&#8230;&#8230;&#8230;&#8230;&#8230;&#8230;&#8230;&#8230;&#8230;&#8230;&#8230;&#8230;&#8230;&#8230;&#8230;&#8230;&#8230;&#8230; 500mg<\/li>\n<li>Magnesium (min \u2013 max)&#8230;&#8230;&#8230;&#8230;&#8230;&#8230;&#8230;&#8230;&#8230;&#8230;&#8230;&#8230;&#8230;&#8230;&#8230;&#8230;&#8230;&#8230;&#8230;&#8230;&#8230;&#8230;&#8230; 70-130mg<\/li>\n<li>C\u00e1t, s\u1ea1n (max)&#8230;&#8230;&#8230;&#8230;&#8230;&#8230;&#8230;&#8230;&#8230;&#8230;&#8230;&#8230;&#8230;&#8230;&#8230;&#8230;&#8230;&#8230;&#8230;&#8230;&#8230;&#8230;&#8230;&#8230;&#8230;&#8230;&#8230;&#8230;&#8230;&#8230;&#8230;0,5%<\/li>\n<li>Ch\u1ea5t c\u1ea5m&#8230;&#8230;&#8230;&#8230;&#8230;&#8230;&#8230;&#8230;&#8230;&#8230;&#8230;&#8230;&#8230;&#8230;&#8230;&#8230;&#8230;&#8230;&#8230;&#8230;&#8230;&#8230;&#8230;&#8230;&#8230;&#8230;&#8230;&#8230;&#8230;&#8230;&#8230;. Kh\u00f4ng c\u00f3<\/li>\n<li>Ch\u1ea5t mang (maltodextrin) v\u00e0 th\u1ea3o d\u01b0\u1ee3c (actiso) v\u1eeba \u0111\u1ee7&#8230;&#8230;&#8230;&#8230;&#8230;&#8230;&#8230;&#8230;&#8230;. 100g<\/li>\n<\/ul>\n<p>(*): ch\u1ea5t ch\u00ednh<\/p>\n<p><strong>C\u00d4NG D\u1ee4NG: <\/strong>Premix acid amin d\u00f9ng cho gia s\u00fac \u2013 gia c\u1ea7m.<\/p>\n<p><strong>\u0110\u1eb6C T\u00cdNH S\u1ea2N PH\u1ea8M:<\/strong><\/p>\n<ul>\n<li>B\u1ed5 gan, m\u00e1t gan, \u0111i\u1ec1u h\u00f2a ho\u1ea1t \u0111\u1ed9ng c\u1ee7a gan. T\u0103ng c\u01b0\u1eddng ch\u1ee9c n\u0103ng gan &#8211; th\u1eadn.<\/li>\n<li>Gi\u00fap v\u1eadt nu\u00f4i \u0111\u00e0o th\u1ea3i nhanh c\u00e1c \u0111\u1ed9c t\u1ed1.<\/li>\n<li>H\u1ed7 tr\u1ee3 \u0111i\u1ec1u tr\u1ecb c\u00e1c b\u1ec7nh t\u00e1o b\u00f3n, kh\u00f3 ti\u00eau, ph\u00e2n s\u1ed1ng, ch\u01b0\u1edbng b\u1ee5ng \u0111\u1ea7y h\u01a1i. Gi\u00fap nhu\u1eadn tr\u00e0ng.<\/li>\n<li>N\u00e2ng cao s\u1ee9c kh\u1ecfe v\u1eadt nu\u00f4i, h\u1ed3i ph\u1ee5c nhanh sau khi m\u1eafc b\u1ec7nh.<\/li>\n<\/ul>\n<p><strong>H\u01af\u1edaNG<\/strong><strong> D\u1eaaN S\u1eec D\u1ee4NG<\/strong><strong>: <\/strong>Tr\u1ed9n v\u00e0o th\u1ee9c \u0103n ho\u1eb7c pha n\u01b0\u1edbc u\u1ed1ng<\/p>\n<ul>\n<li><strong>Gi\u1ea3i \u0111\u1ed9c theo \u0111\u1ecbnh k\u00ec<\/strong>: D\u00f9ng 2-3 ng\u00e0y, 2 tu\u1ea7n l\u1eb7p l\u1ea1i 1 l\u1ea7n.<\/li>\n<li>Gia c\u1ea7m<strong>:\u00a0<\/strong>1g\/1 l\u00edt n\u01b0\u1edbc u\u1ed1ng\/ ng\u00e0y ho\u1eb7c 1g\/0,5 kg th\u1ee9c \u0103n\/ng\u00e0y; 1g\/ 5-10kg th\u1ec3 tr\u1ecdng.<\/li>\n<li>Tr\u00e2u, B\u00f2, Heo, D\u00ea, C\u1eebu<strong>:\u00a0<\/strong>1g\/2 l\u00edt n\u01b0\u1edbc u\u1ed1ng\/ng\u00e0y ho\u1eb7c 1g\/1kg th\u1ee9c \u0103n\/ng\u00e0y; 1g\/10-15kg th\u1ec3 tr\u1ecdng\/ng\u00e0y.<\/li>\n<li><strong>Gan &#8211; Th\u1eadn nhi\u1ec5m \u0111\u1ed9c ho\u1eb7c t\u1ed5n th\u01b0\u01a1ng: <\/strong>D\u00f9ng 5-7 ng\u00e0y<\/li>\n<li>Gia c\u1ea7m: 2g\/1 l\u00edt n\u01b0\u1edbc u\u1ed1ng\/ng\u00e0y ho\u1eb7c 2g\/1kg th\u1ee9c \u0103n\/ng\u00e0y; 2g\/ 5-10kg th\u1ec3 tr\u1ecdng.<\/li>\n<li>Tr\u00e2u, B\u00f2, Heo, D\u00ea, C\u1eebu: 1g\/1 l\u00edt n\u01b0\u1edbc u\u1ed1ng\/ng\u00e0y ho\u1eb7c 1g\/0,5kg th\u1ee9c \u0103n\/ng\u00e0y; 1g\/ 10-15kg th\u1ec3 tr\u1ecdng\/ng\u00e0y.<\/li>\n<li><strong>H\u1ed3i ph\u1ee5c c\u01a1 th\u1ec3 sau m\u1eafc b\u1ec7nh: <\/strong>D\u00f9ng trong 1-2 tu\u1ea7n.<\/li>\n<li>Gia c\u1ea7m: 3g\/1 l\u00edt n\u01b0\u1edbc u\u1ed1ng\/ng\u00e0y ho\u1eb7c 3g\/0,5kg th\u1ee9c \u0103n\/ng\u00e0y; 3g\/ 5-10kg th\u1ec3 tr\u1ecdng.<\/li>\n<li>Tr\u00e2u, B\u00f2, Heo, D\u00ea, C\u1eebu: 3g\/2 l\u00edt n\u01b0\u1edbc u\u1ed1ng\/ng\u00e0y ho\u1eb7c 3g\/1 kg th\u1ee9c \u0103n\/ng\u00e0y; 3g\/ 10-15kg th\u1ec3 tr\u1ecdng\/ng\u00e0y.<\/li>\n<\/ul>\n<p><strong>Kh\u1ed1i l\u01b0\u1ee3ng t\u1ecbnh:<\/strong> 100g (ho\u1eb7c 1kg)<\/p>\n<p><strong>CH\u1ec8 D\u00d9NG TRONG CH\u0102N NU\u00d4I<\/strong><\/p>\n<p>B\u1ea3o qu\u1ea3n n\u01a1i kh\u00f4 tho\u00e1ng, nhi\u1ec7t \u0111\u1ed9 kh\u00f4ng qu\u00e1 30\u00b0C<\/p>\n<p><strong>S\u1ed1 TCCS 04:<\/strong> 2020\/AC.CT<\/p>\n<p><strong>S\u1ea3n xu\u1ea5t t\u1ea1i:<\/strong> <strong>C\u00f4ng ty TNHH Thu\u1ed1c Th\u00fa Y \u00c1 Ch\u00e2u.<\/strong><\/p>\n<p><strong>\u0110\u1ecba ch\u1ec9:<\/strong> 130 Qu\u1ed1c l\u1ed9 1A, P. Ba L\u00e1ng, Q. C\u00e1i R\u0103ng, TP. C\u1ea7n Th\u01a1, Vi\u1ec7t Nam.<\/p>\n<p><strong>\u0110i\u1ec7n tho\u1ea1i:<\/strong> <a href=\"tel:+842923913347\">(+84).292.3913347<\/a> &#8211; <a href=\"tel:3913348\">3913348<\/a> &#8211; FAX: (+84).292.3913349<\/p>\n","protected":false},"excerpt":{"rendered":"<p>B\u1ed8T H\u00d2A TAN M\u00c1T GAN \u2013 GI\u1ea2I \u0110\u1ed8C \u2013 B\u1ea2O V\u1ec6 GAN TH\u00c0NH PH\u1ea6N NGUY\u00caN LI\u1ec6U: Sorbitol, beta glucan, inositol, methionine, lysine HCl, magnesium sulphate, th\u1ea3o d\u01b0\u1ee3c actiso, \u0111\u01b0\u1eddng maltodextrin. CH\u1ec8 TI\u00caU CH\u1ea4T L\u01af\u1ee2NG: \u0110\u1ed9 \u1ea9m (max)&#8230;&#8230;&#8230;&#8230;&#8230;&#8230;&#8230;&#8230;&#8230;&#8230;&#8230;&#8230;&#8230;&#8230;&#8230;&#8230;&#8230;&#8230;&#8230;&#8230;&#8230;&#8230;&#8230;&#8230;&#8230;&#8230;&#8230;&#8230;&#8230;&#8230;&#8230;&#8230;.12% *Sorbitol (min)&#8230;&#8230;&#8230;&#8230;&#8230;&#8230;&#8230;&#8230;&#8230;&#8230;&#8230;&#8230;&#8230;&#8230;&#8230;&#8230;&#8230;&#8230;&#8230;&#8230;&#8230;&#8230;&#8230;&#8230;&#8230;&#8230;&#8230;&#8230;&#8230;&#8230;&#8230;.. 45g Beta glucan t\u1ed5ng s\u1ed1 (min)&#8230;&#8230;&#8230;&#8230;&#8230;&#8230;&#8230;&#8230;&#8230;&#8230;&#8230;&#8230;&#8230;&#8230;&#8230;&#8230;&#8230;&#8230;&#8230;&#8230;&#8230;&#8230;&#8230; 1.000mg *Methionine (min)&#8230;&#8230;&#8230;&#8230;&#8230;&#8230;&#8230;&#8230;&#8230;&#8230;&#8230;&#8230;&#8230;&#8230;&#8230;&#8230;&#8230;&#8230;&#8230;&#8230;&#8230;&#8230;&#8230;&#8230;&#8230;&#8230;&#8230;. 1.000mg Inositol (min)&#8230;&#8230;&#8230;&#8230;&#8230;&#8230;&#8230;&#8230;&#8230;&#8230;&#8230;&#8230;&#8230;&#8230;&#8230;&#8230;&#8230;&#8230;&#8230;&#8230;&#8230;&#8230;&#8230;&#8230;&#8230;&#8230;&#8230;&#8230;&#8230;.. 1.000mg Lysine t\u1ed5ng s\u1ed1 [&hellip;]<\/p>\n","protected":false},"featured_media":10145,"comment_status":"open","ping_status":"closed","template":"","meta":[],"product_cat":[117],"product_tag":[],"_links":{"self":[{"href":"https:\/\/promedic.com.vn\/vi\/wp-json\/wp\/v2\/product\/10291"}],"collection":[{"href":"https:\/\/promedic.com.vn\/vi\/wp-json\/wp\/v2\/product"}],"about":[{"href":"https:\/\/promedic.com.vn\/vi\/wp-json\/wp\/v2\/types\/product"}],"replies":[{"embeddable":true,"href":"https:\/\/promedic.com.vn\/vi\/wp-json\/wp\/v2\/comments?post=10291"}],"wp:featuredmedia":[{"embeddable":true,"href":"https:\/\/promedic.com.vn\/vi\/wp-json\/wp\/v2\/media\/10145"}],"wp:attachment":[{"href":"https:\/\/promedic.com.vn\/vi\/wp-json\/wp\/v2\/media?parent=10291"}],"wp:term":[{"taxonomy":"product_cat","embeddable":true,"href":"https:\/\/promedic.com.vn\/vi\/wp-json\/wp\/v2\/product_cat?post=10291"},{"taxonomy":"product_tag","embeddable":true,"href":"https:\/\/promedic.com.vn\/vi\/wp-json\/wp\/v2\/product_tag?post=10291"}],"curies":[{"name":"wp","href":"https:\/\/api.w.org\/{rel}","templated":true}]}}