{"id":10290,"date":"2022-12-04T06:45:53","date_gmt":"2022-12-04T06:45:53","guid":{"rendered":"http:\/\/promediccomvn469.chiliweb.org\/san-pham\/kich-sua-2\/"},"modified":"2022-12-07T11:31:16","modified_gmt":"2022-12-07T11:31:16","slug":"kich-sua-2","status":"publish","type":"product","link":"https:\/\/promedic.com.vn\/vi\/san-pham\/kich-sua-2\/","title":{"rendered":"K\u00edch s\u1eefa"},"content":{"rendered":"<p><strong>D\u00d9NG <\/strong><strong>TRONG GIAI \u0110O\u1ea0N \u0110ANG <\/strong><strong>MANG THAI V\u00c0 CHO CON B\u00da<\/strong><\/p>\n<p><strong>TH\u00c0NH PH\u1ea6N NGUY\u00caN LI\u1ec6U: <\/strong>vitamin A, D<sub>3<\/sub>, E, B<sub>12<\/sub>, Biotin, choline chloride, lysine, methionine, folic acid, KCl, NaCl, MnSO<sub>4<\/sub>, ZnSO<sub>4<\/sub>, CuSO<sub>4<\/sub>, IK, FeSO<sub>4<\/sub>, b\u1ed9t s\u00f2.<\/p>\n<p><strong>CH\u1ec8 TI\u00caU CH\u1ea4T L\u01af\u1ee2NG<\/strong>:<\/p>\n<ul>\n<li>\u1ea8m \u0111\u1ed9 (max):&#8230;&#8230;&#8230;&#8230;&#8230;&#8230;&#8230;&#8230;&#8230;&#8230;&#8230;&#8230;&#8230;&#8230;. 12%<\/li>\n<li>Vitamin A (min)&#8230;&#8230;&#8230;&#8230;&#8230;&#8230;&#8230;&#8230;&#8230;. 2.000.000UI<\/li>\n<li>Vitamin D3 (min)&#8230;&#8230;&#8230;&#8230;&#8230;&#8230;&#8230;&#8230;&#8230;.. 300.000UI<\/li>\n<li>Vitamin E (min)&#8230;&#8230;&#8230;&#8230;&#8230;&#8230;&#8230;&#8230;&#8230;&#8230;&#8230;.. 5.000UI<\/li>\n<li>Vitamin B12 (min)&#8230;&#8230;&#8230;&#8230;&#8230;&#8230;&#8230;&#8230;&#8230;&#8230;&#8230;.. 10mg<\/li>\n<li>Biotin (min)&#8230;&#8230;&#8230;&#8230;&#8230;&#8230;&#8230;&#8230;&#8230;&#8230;&#8230;&#8230;&#8230;&#8230;&#8230; 30mg<\/li>\n<li>Choline chloride (min)&#8230;&#8230;&#8230;&#8230;&#8230;&#8230;&#8230;&#8230;&#8230;&#8230;. 10g<\/li>\n<li>Lysine (min)&#8230;&#8230;&#8230;&#8230;&#8230;&#8230;&#8230;&#8230;&#8230;&#8230;&#8230;&#8230;&#8230;&#8230;&#8230;.. 30g<\/li>\n<li>Methionine (min)&#8230;&#8230;&#8230;&#8230;&#8230;&#8230;&#8230;&#8230;&#8230;&#8230;&#8230;&#8230;&#8230;. 15g<\/li>\n<li>Folic acid (min)&#8230;&#8230;&#8230;&#8230;&#8230;&#8230;&#8230;&#8230;&#8230;&#8230;&#8230;&#8230;.. 200mg<\/li>\n<li>K<sup>+<\/sup> (min \u2013 max)&#8230;&#8230;&#8230;&#8230;&#8230;&#8230;&#8230;&#8230;&#8230;&#8230;&#8230;&#8230; 1,4-1,8g<\/li>\n<li>Na<sup>+<\/sup> (min \u2013 max)&#8230;&#8230;&#8230;&#8230;&#8230;&#8230;&#8230;&#8230;&#8230;&#8230;&#8230;. 1,8-2,2g<\/li>\n<li>Mn<sup>++ <\/sup>(min \u2013 max)&#8230;&#8230;&#8230;&#8230;&#8230;&#8230;&#8230;&#8230;&#8230;. 38,3-46,9g<\/li>\n<li>Zn<sup>++<\/sup> (min \u2013 max)&#8230;&#8230;&#8230;&#8230;&#8230;&#8230;&#8230;&#8230;&#8230;. 12,7-15,6g<\/li>\n<li>Cu<sup>++<\/sup> (min \u2013 max)&#8230;&#8230;&#8230;&#8230;&#8230;&#8230;&#8230;&#8230;&#8230;&#8230; 1,6-1,97g<\/li>\n<li>Fe<sup>++<\/sup> (min \u2013 max)&#8230;&#8230;&#8230;&#8230;&#8230;&#8230;&#8230;&#8230;&#8230;. 9,8-12,04g<\/li>\n<li>I<sup>&#8211; <\/sup>(min \u2013 max)&#8230;&#8230;&#8230;&#8230;&#8230;&#8230;&#8230;&#8230;&#8230;&#8230;&#8230;&#8230;. 24-30mg<\/li>\n<li>Ch\u1ea5t c\u1ea5m&#8230;&#8230;&#8230;&#8230;&#8230;&#8230;&#8230;&#8230;&#8230;&#8230;&#8230;&#8230;&#8230;&#8230; Kh\u00f4ng c\u00f3<\/li>\n<li>C\u00e1t,s\u1ea1n (max)&#8230;&#8230;&#8230;&#8230;&#8230;&#8230;&#8230;&#8230;&#8230;&#8230;&#8230;&#8230;&#8230;&#8230; 0,5%<\/li>\n<li>Ch\u1ea5t mang (b\u1ed9t s\u00f2) v\u1eeba \u0111\u1ee7&#8230;&#8230;&#8230;&#8230;&#8230;&#8230;&#8230;&#8230; 1kg<\/li>\n<\/ul>\n<p><strong>C\u00d4NG D\u1ee4NG: <\/strong>B\u1ed5 sung premix vitamin, axit amin, kho\u00e1ng v\u00e0 ch\u1ea5t \u0111i\u1ec7n gi\u1ea3i.<\/p>\n<p><strong>LI\u1ec0U D\u00d9NG: <\/strong>Tr\u1ed9n v\u00e0o th\u1ee9c \u0103n: 1kg\/ 150-200kg th\u1ee9c \u0103n. Cho gia s\u00fac \u0103n li\u00ean t\u1ee5c trong 10 ng\u00e0y tr\u01b0\u1edbc khi sanh v\u00e0 trong giai \u0111o\u1ea1n cho con b\u00fa.<\/p>\n<p><strong>KH\u1ed0I L\u01af\u1ee2NG T\u1ecaNH<\/strong>: 500g (ho\u1eb7c 1kg)<\/p>\n<p><strong>S\u1ed1 TCCS<\/strong> 17: 2012\/AC.CT<\/p>\n<p><strong>CH\u1ec8 D\u00d9NG TRONG CH\u0102N NU\u00d4I<\/strong><\/p>\n<p>B\u1ea3o qu\u1ea3n n\u01a1i kh\u00f4 tho\u00e1ng, nhi\u1ec7t \u0111\u1ed9 kh\u00f4ng qu\u00e1 30\u00b0C.<\/p>\n<p><strong>B\u1ea2N CH\u1ea4T S\u1ea2N PH\u1ea8M: <\/strong><\/p>\n<ul>\n<li>Cung c\u1ea5p \u0111\u1ea7y \u0111\u1ee7 c\u00e1c d\u01b0\u1ee1ng ch\u1ea5t c\u1ea7n thi\u1ebft cho gia s\u00fac trong giai \u0111o\u1ea1n t\u1ea1o s\u1eefa, \u0111\u1ea3m b\u1ea3o ch\u1ea5t l\u01b0\u1ee3ng dinh d\u01b0\u1ee1ng cho ngu\u1ed3n s\u1eefa.<\/li>\n<li>K\u00edch th\u00edch gia s\u00fac ti\u1ebft nhi\u1ec1u s\u1eefa ngay sau sanh, duy tr\u00ec n\u0103ng su\u1ea5t s\u1eefa cao v\u00e0 k\u00e9o d\u00e0i th\u1eddi gian cho s\u1eefa.<\/li>\n<li>C\u00e2n \u0111\u1ed1i c\u00e1c ch\u1ea5t dinh d\u01b0\u1ee1ng trong th\u1ee9c \u0103n.<\/li>\n<li>K\u00edch th\u00edch th\u00e8m \u0103n, tr\u00e1nh c\u00f2i c\u1ecdc, ph\u00f2ng ng\u1eeba b\u1ec7nh thi\u1ebfu dinh d\u01b0\u1ee1ng.<\/li>\n<\/ul>\n<p><strong>S\u1ea3n xu\u1ea5t t\u1ea1i:<\/strong> <strong>C\u00f4ng ty TNHH Thu\u1ed1c Th\u00fa Y \u00c1 Ch\u00e2u.<\/strong><\/p>\n<p><strong>\u0110\u1ecba ch\u1ec9:<\/strong> 130 Qu\u1ed1c l\u1ed9 1A, P. Ba L\u00e1ng, Q. C\u00e1i R\u0103ng, TP. C\u1ea7n Th\u01a1, Vi\u1ec7t Nam.<\/p>\n<p><strong>\u0110i\u1ec7n tho\u1ea1i:<\/strong> <a href=\"tel:+842923913347\">(+84).292.3913347<\/a> &#8211; <a href=\"tel:3913348\">3913348<\/a> &#8211; FAX: (+84).292.3913349<\/p>\n","protected":false},"excerpt":{"rendered":"<p>D\u00d9NG TRONG GIAI \u0110O\u1ea0N \u0110ANG MANG THAI V\u00c0 CHO CON B\u00da TH\u00c0NH PH\u1ea6N NGUY\u00caN LI\u1ec6U: vitamin A, D3, E, B12, Biotin, choline chloride, lysine, methionine, folic acid, KCl, NaCl, MnSO4, ZnSO4, CuSO4, IK, FeSO4, b\u1ed9t s\u00f2. CH\u1ec8 TI\u00caU CH\u1ea4T L\u01af\u1ee2NG: \u1ea8m \u0111\u1ed9 (max):&#8230;&#8230;&#8230;&#8230;&#8230;&#8230;&#8230;&#8230;&#8230;&#8230;&#8230;&#8230;&#8230;&#8230;. 12% Vitamin A (min)&#8230;&#8230;&#8230;&#8230;&#8230;&#8230;&#8230;&#8230;&#8230;. 2.000.000UI Vitamin D3 (min)&#8230;&#8230;&#8230;&#8230;&#8230;&#8230;&#8230;&#8230;&#8230;.. 300.000UI Vitamin E (min)&#8230;&#8230;&#8230;&#8230;&#8230;&#8230;&#8230;&#8230;&#8230;&#8230;&#8230;.. [&hellip;]<\/p>\n","protected":false},"featured_media":10149,"comment_status":"open","ping_status":"closed","template":"","meta":[],"product_cat":[117],"product_tag":[],"_links":{"self":[{"href":"https:\/\/promedic.com.vn\/vi\/wp-json\/wp\/v2\/product\/10290"}],"collection":[{"href":"https:\/\/promedic.com.vn\/vi\/wp-json\/wp\/v2\/product"}],"about":[{"href":"https:\/\/promedic.com.vn\/vi\/wp-json\/wp\/v2\/types\/product"}],"replies":[{"embeddable":true,"href":"https:\/\/promedic.com.vn\/vi\/wp-json\/wp\/v2\/comments?post=10290"}],"wp:featuredmedia":[{"embeddable":true,"href":"https:\/\/promedic.com.vn\/vi\/wp-json\/wp\/v2\/media\/10149"}],"wp:attachment":[{"href":"https:\/\/promedic.com.vn\/vi\/wp-json\/wp\/v2\/media?parent=10290"}],"wp:term":[{"taxonomy":"product_cat","embeddable":true,"href":"https:\/\/promedic.com.vn\/vi\/wp-json\/wp\/v2\/product_cat?post=10290"},{"taxonomy":"product_tag","embeddable":true,"href":"https:\/\/promedic.com.vn\/vi\/wp-json\/wp\/v2\/product_tag?post=10290"}],"curies":[{"name":"wp","href":"https:\/\/api.w.org\/{rel}","templated":true}]}}