{"id":10288,"date":"2022-12-04T06:57:50","date_gmt":"2022-12-04T06:57:50","guid":{"rendered":"http:\/\/promediccomvn469.chiliweb.org\/san-pham\/max-vit-b1\/"},"modified":"2022-12-07T11:31:15","modified_gmt":"2022-12-07T11:31:15","slug":"max-vit-b1","status":"publish","type":"product","link":"https:\/\/promedic.com.vn\/vi\/san-pham\/max-vit-b1\/","title":{"rendered":"Max-vit b1"},"content":{"rendered":"<p><strong><span>B\u1ed8T \u0110I\u1ec0U TR\u1eca THI\u1ebeU VITAMIN B1 <\/span><\/strong><\/p>\n<p><strong><span>TH\u00c0NH PH\u1ea6N:<\/span><\/strong><\/p>\n<ul>\n<li><span>Vitamin B1 (Thiamine HCl) (t\u1ed1i thi\u1ec3u)\u2026\u2026\u2026\u2026\u2026\u2026 16,667mg<\/span><\/li>\n<li><span>T\u00e1 d\u01b0\u1ee3c v\u1eeba \u0111\u1ee7\u2026\u2026\u2026\u2026\u2026\u2026\u2026\u2026\u2026\u2026\u2026\u2026\u2026\u2026\u2026\u2026\u2026\u2026 1kg<\/span><\/li>\n<\/ul>\n<p><strong><span>CH\u1ec8 \u0110\u1ecaNH:\u00a0<\/span><\/strong><strong><span>MAX-VIT B1<\/span><\/strong><span>\u00a0l\u00e0 ngu\u1ed3n t\u1eadp trung c\u1ee7a ph\u1ee9c h\u1ee3p vitamin B thi\u1ebft y\u1ebfu thiamine, c\u00f2n \u0111\u01b0\u1ee3c g\u1ecdi l\u00e0 vitamin B1, \u1edf d\u1ea1ng b\u1ed9t.\u00a0B1\u00a0 c\u1ea7n thi\u1ebft cho\u00a0<strong>qu\u00e1 tr\u00ecnh chuy\u1ec3n h\u00f3a\u00a0<\/strong><\/span><strong><span>carbohydrate\u00a0<\/span><\/strong><span><strong>.\u00a0<\/strong><strong>R\u1ea5t ngon mi\u1ec7ng<\/strong>\u00a0\u00a0tr\u00ean m\u1ed9t lo\u1ea1t c\u00e1c c\u1ea5p \u0111\u1ed9 cho \u0103n.\u00a0<strong>Cho th\u1ea5y gi\u1ea3m ti\u00eau ch\u1ea3y<\/strong>\u00a0\u00a0khi c\u00e1c ph\u01b0\u01a1ng ph\u00e1p kh\u00e1c kh\u00f4ng th\u00e0nh c\u00f4ng.<\/span><\/p>\n<p><strong><span>LI\u1ec0U L\u01af\u1ee2NG V\u00c0 C\u00c1CH D\u00d9NG:<\/span><\/strong><\/p>\n<ul>\n<li><span>Ng\u1ef1a &amp; Ng\u1ef1a con: Cho \u0103n 30g cho m\u1ed7i 450kg tr\u1ecdng l\u01b0\u1ee3ng c\u01a1 th\u1ec3 hai l\u1ea7n m\u1ed7i tu\u1ea7n b\u1eb1ng h\u1ea1t.<\/span><\/li>\n<li><span>Ng\u1ef1a c\u00e1i: B\u1eaft \u0111\u1ea7u b\u1ed1n tu\u1ea7n tr\u01b0\u1edbc khi sinh s\u1ea3n v\u00e0 ti\u1ebfp t\u1ee5c trong su\u1ed1t th\u1eddi k\u1ef3 mang thai.\u00a0Ng\u1ef1a gi\u1ed1ng: B\u1eaft \u0111\u1ea7u b\u1ed1n tu\u1ea7n tr\u01b0\u1edbc khi sinh s\u1ea3n v\u00e0 ti\u1ebfp t\u1ee5c trong su\u1ed1t m\u00f9a sinh s\u1ea3n.<\/span><\/li>\n<li><span>\u0110\u1ed1i v\u1edbi ng\u1ef1a \u0111ua: Cho \u0103n 30 g ng\u0169 c\u1ed1c m\u1ed7i ng\u00e0y b\u1ea5t k\u1ec3 tr\u1ecdng l\u01b0\u1ee3ng c\u1ee7a ng\u1ef1a.<\/span><\/li>\n<li><span>\u0110\u1ed1i v\u1edbi ng\u1ef1a bi\u1ec3u di\u1ec5n: Cho \u0103n 15 \u0111\u1ebfn 30g ng\u0169 c\u1ed1c m\u1ed7i ng\u00e0y b\u1ea5t k\u1ec3 tr\u1ecdng l\u01b0\u1ee3ng c\u1ee7a ng\u1ef1a.<\/span><\/li>\n<\/ul>\n<p><strong><span>Tr\u1ecdng l\u01b0\u1ee3ng t\u1ecbnh:<\/span><\/strong><span>\u00a01,5kg<\/span><\/p>\n<p><strong><span>Rgt.No:<\/span><\/strong><span>\u00a0CT.TS2-5<\/span><\/p>\n<p><strong><span>B\u1ea2O QU\u1ea2N<\/span><\/strong><span>\u00a0: N\u01a1i kh\u00f4 m\u00e1t, nhi\u1ec7t \u0111\u1ed9 d\u01b0\u1edbi 30\u00b0C.<\/span><\/p>\n<p><strong><span>CH\u1ec8 D\u00c0NH CHO TH\u00da Y.<\/span><\/strong><\/p>\n<p><strong>S\u1ea3n xu\u1ea5t t\u1ea1i:<\/strong> <strong>C\u00f4ng ty TNHH Thu\u1ed1c Th\u00fa Y \u00c1 Ch\u00e2u.<\/strong><\/p>\n<p><strong>\u0110\u1ecba ch\u1ec9:<\/strong> 130 Qu\u1ed1c l\u1ed9 1A, P. Ba L\u00e1ng, Q. C\u00e1i R\u0103ng, TP. C\u1ea7n Th\u01a1, Vi\u1ec7t Nam.<\/p>\n<p><strong>\u0110i\u1ec7n tho\u1ea1i:<\/strong> <a href=\"tel:+842923913347\">(+84).292.3913347<\/a> &#8211; <a href=\"tel:3913348\">3913348<\/a> &#8211; FAX: (+84).292.3913349<\/p>\n","protected":false},"excerpt":{"rendered":"<p>B\u1ed8T \u0110I\u1ec0U TR\u1eca THI\u1ebeU VITAMIN B1 TH\u00c0NH PH\u1ea6N: Vitamin B1 (Thiamine HCl) (t\u1ed1i thi\u1ec3u)\u2026\u2026\u2026\u2026\u2026\u2026 16,667mg T\u00e1 d\u01b0\u1ee3c v\u1eeba \u0111\u1ee7\u2026\u2026\u2026\u2026\u2026\u2026\u2026\u2026\u2026\u2026\u2026\u2026\u2026\u2026\u2026\u2026\u2026\u2026 1kg CH\u1ec8 \u0110\u1ecaNH:\u00a0MAX-VIT B1\u00a0l\u00e0 ngu\u1ed3n t\u1eadp trung c\u1ee7a ph\u1ee9c h\u1ee3p vitamin B thi\u1ebft y\u1ebfu thiamine, c\u00f2n \u0111\u01b0\u1ee3c g\u1ecdi l\u00e0 vitamin B1, \u1edf d\u1ea1ng b\u1ed9t.\u00a0B1\u00a0 c\u1ea7n thi\u1ebft cho\u00a0qu\u00e1 tr\u00ecnh chuy\u1ec3n h\u00f3a\u00a0carbohydrate\u00a0.\u00a0R\u1ea5t ngon mi\u1ec7ng\u00a0\u00a0tr\u00ean m\u1ed9t lo\u1ea1t c\u00e1c c\u1ea5p [&hellip;]<\/p>\n","protected":false},"featured_media":10159,"comment_status":"open","ping_status":"closed","template":"","meta":[],"product_cat":[117],"product_tag":[],"_links":{"self":[{"href":"https:\/\/promedic.com.vn\/vi\/wp-json\/wp\/v2\/product\/10288"}],"collection":[{"href":"https:\/\/promedic.com.vn\/vi\/wp-json\/wp\/v2\/product"}],"about":[{"href":"https:\/\/promedic.com.vn\/vi\/wp-json\/wp\/v2\/types\/product"}],"replies":[{"embeddable":true,"href":"https:\/\/promedic.com.vn\/vi\/wp-json\/wp\/v2\/comments?post=10288"}],"wp:featuredmedia":[{"embeddable":true,"href":"https:\/\/promedic.com.vn\/vi\/wp-json\/wp\/v2\/media\/10159"}],"wp:attachment":[{"href":"https:\/\/promedic.com.vn\/vi\/wp-json\/wp\/v2\/media?parent=10288"}],"wp:term":[{"taxonomy":"product_cat","embeddable":true,"href":"https:\/\/promedic.com.vn\/vi\/wp-json\/wp\/v2\/product_cat?post=10288"},{"taxonomy":"product_tag","embeddable":true,"href":"https:\/\/promedic.com.vn\/vi\/wp-json\/wp\/v2\/product_tag?post=10288"}],"curies":[{"name":"wp","href":"https:\/\/api.w.org\/{rel}","templated":true}]}}