{"id":10287,"date":"2022-12-04T07:48:15","date_gmt":"2022-12-04T07:48:15","guid":{"rendered":"http:\/\/promediccomvn469.chiliweb.org\/san-pham\/iver-tab-2\/"},"modified":"2022-12-07T11:30:39","modified_gmt":"2022-12-07T11:30:39","slug":"iver-tab-2","status":"publish","type":"product","link":"https:\/\/promedic.com.vn\/vi\/san-pham\/iver-tab-2\/","title":{"rendered":"Iver \u2013 tab"},"content":{"rendered":"<p><strong>\u0110I\u1ec0U TR\u1eca V\u00c0 KI\u1ec2M SO\u00c1T N\u1ed8I V\u00c0 NGO\u1ea0I SINH VI\u00caN N\u00c9N\u00a0<\/strong><strong>MI\u1ec6NG<\/strong><\/p>\n<p><strong>TH\u00c0NH PH\u1ea6N:<\/strong>\u00a0M\u1ed7i vi\u00ean n\u00e9n 5g ch\u1ee9a:<\/p>\n<ul>\n<li>Ivermectin\u2026\u2026\u2026\u2026\u2026\u2026\u2026\u2026\u2026\u2026\u2026 12mg<\/li>\n<\/ul>\n<p><strong>CH\u1ec8 \u0110\u1ecaNH:<\/strong>\u00a0\u0110i\u1ec1u tr\u1ecb v\u00e0 ki\u1ec3m so\u00e1t c\u00e1c lo\u1ea1i k\u00fd sinh tr\u00f9ng b\u00ean trong v\u00e0 b\u00ean ngo\u00e0i nh\u01b0 Giun tr\u00f2n \u0111\u01b0\u1eddng ti\u00eau h\u00f3a (tr\u01b0\u1edfng th\u00e0nh v\u00e0 \u1ea5u tr\u00f9ng giai \u0111o\u1ea1n 4), Giun ph\u1ed5i (tr\u01b0\u1edfng th\u00e0nh v\u00e0 \u1ea5u tr\u00f9ng giai \u0111o\u1ea1n 4), Giun (giai \u0111o\u1ea1n k\u00fd sinh), R\u1eadn v\u00e0 ve (gh\u1ebb).<\/p>\n<p><strong>LI\u1ec0U L\u01af\u1ee2NG V\u00c0 C\u00c1CH D\u00d9NG:<\/strong><\/p>\n<p>D\u00f9ng \u0111\u01b0\u1eddng u\u1ed1ng:<\/p>\n<ul>\n<li>Gia s\u00fac, l\u1ea1c \u0111\u00e0, ng\u1ef1a, c\u1eebu, d\u00ea: 1 vi\u00ean\/60kg th\u1ec3 tr\u1ecdng.<\/li>\n<\/ul>\n<p><strong>TH\u1edcI H\u1ea0N R\u00daT TI\u1ec0N\u00a0<\/strong><strong>:<\/strong><\/p>\n<ul>\n<li>\u0110\u1ed1i v\u1edbi th\u1ecbt: 35 ng\u00e0y.<\/li>\n<\/ul>\n<p><strong>\u0110\u00d3NG G\u00d3I<\/strong>\u00a0: H\u1ed9p 8 v\u1ec9 x 6 vi\u00ean.<\/p>\n<p><strong>Rgt.No<\/strong>\u00a0: APC-286<\/p>\n<p><strong>B\u1ea2O QU\u1ea2N:<\/strong>\u00a0\u0110\u1ec3 trong b\u00f3ng r\u00e2m, n\u01a1i kh\u00f4 m\u00e1t, \u1edf nhi\u1ec7t \u0111\u1ed9 ph\u00f2ng.<\/p>\n<p><strong>CH\u1ec8 D\u00c0NH CHO TH\u00da Y.<\/strong><\/p>\n<p><strong>Mfg.date \u2013 Exp.date \u2013 L\u00f4:<\/strong>\u00a0\u0111\u01b0\u1ee3c hi\u1ec3n th\u1ecb tr\u00ean bao b\u00ec.<\/p>\n<p><strong>S\u1ea3n xu\u1ea5t t\u1ea1i:<\/strong>\u00a0Th\u00e0nh ph\u1ed1 C\u1ea7n Th\u01a1, Vi\u1ec7t Nam<\/p>\n<p><strong>C\u00d4NG TY C\u1ed4 PH\u1ea6N \u0110\u1ec8NH V\u00c0NG<\/strong><\/p>\n<p><strong>\u0110\u1ecba ch\u1ec9:<\/strong>\u00a0130B, Khu ph\u1ed1 2, Ph\u01b0\u1eddng Ba L\u00e1ng, Qu\u1eadn C\u00e1i R\u0103ng, Th\u00e0nh ph\u1ed1 C\u1ea7n Th\u01a1, Vi\u1ec7t Nam.<\/p>\n<p><strong>\u0110T:<\/strong><a href=\"tel:+842923756238\">(+84)292 3756 238<\/a><\/p>\n","protected":false},"excerpt":{"rendered":"<p>\u0110I\u1ec0U TR\u1eca V\u00c0 KI\u1ec2M SO\u00c1T N\u1ed8I V\u00c0 NGO\u1ea0I SINH VI\u00caN N\u00c9N\u00a0MI\u1ec6NG TH\u00c0NH PH\u1ea6N:\u00a0M\u1ed7i vi\u00ean n\u00e9n 5g ch\u1ee9a: Ivermectin\u2026\u2026\u2026\u2026\u2026\u2026\u2026\u2026\u2026\u2026\u2026 12mg CH\u1ec8 \u0110\u1ecaNH:\u00a0\u0110i\u1ec1u tr\u1ecb v\u00e0 ki\u1ec3m so\u00e1t c\u00e1c lo\u1ea1i k\u00fd sinh tr\u00f9ng b\u00ean trong v\u00e0 b\u00ean ngo\u00e0i nh\u01b0 Giun tr\u00f2n \u0111\u01b0\u1eddng ti\u00eau h\u00f3a (tr\u01b0\u1edfng th\u00e0nh v\u00e0 \u1ea5u tr\u00f9ng giai \u0111o\u1ea1n 4), Giun ph\u1ed5i (tr\u01b0\u1edfng th\u00e0nh v\u00e0 \u1ea5u [&hellip;]<\/p>\n","protected":false},"featured_media":10186,"comment_status":"open","ping_status":"closed","template":"","meta":[],"product_cat":[118],"product_tag":[],"_links":{"self":[{"href":"https:\/\/promedic.com.vn\/vi\/wp-json\/wp\/v2\/product\/10287"}],"collection":[{"href":"https:\/\/promedic.com.vn\/vi\/wp-json\/wp\/v2\/product"}],"about":[{"href":"https:\/\/promedic.com.vn\/vi\/wp-json\/wp\/v2\/types\/product"}],"replies":[{"embeddable":true,"href":"https:\/\/promedic.com.vn\/vi\/wp-json\/wp\/v2\/comments?post=10287"}],"wp:featuredmedia":[{"embeddable":true,"href":"https:\/\/promedic.com.vn\/vi\/wp-json\/wp\/v2\/media\/10186"}],"wp:attachment":[{"href":"https:\/\/promedic.com.vn\/vi\/wp-json\/wp\/v2\/media?parent=10287"}],"wp:term":[{"taxonomy":"product_cat","embeddable":true,"href":"https:\/\/promedic.com.vn\/vi\/wp-json\/wp\/v2\/product_cat?post=10287"},{"taxonomy":"product_tag","embeddable":true,"href":"https:\/\/promedic.com.vn\/vi\/wp-json\/wp\/v2\/product_tag?post=10287"}],"curies":[{"name":"wp","href":"https:\/\/api.w.org\/{rel}","templated":true}]}}