{"id":10286,"date":"2022-12-04T07:08:42","date_gmt":"2022-12-04T07:08:42","guid":{"rendered":"http:\/\/promediccomvn469.chiliweb.org\/san-pham\/muot-long-2\/"},"modified":"2022-12-07T11:31:15","modified_gmt":"2022-12-07T11:31:15","slug":"muot-long-2","status":"publish","type":"product","link":"https:\/\/promedic.com.vn\/vi\/san-pham\/muot-long-2\/","title":{"rendered":"M\u01b0\u1ee3t l\u00f4ng"},"content":{"rendered":"<p><strong>B\u1ed4 SUNG<\/strong><strong> VITAMIN \u2013 KHO\u00c1NG <\/strong><strong>D\u00d9NG CHO GIA C\u1ea6M <\/strong><strong>GI\u00daP GIA C\u1ea6M M\u1eccC L\u00d4NG \u0110\u1ed2NG LO\u1ea0T, <\/strong><strong>B\u00d3NG M\u01af\u1ee2T, S\u1ea0CH V\u00c0 PH\u1ee6 \u0110\u1ec0U<\/strong><\/p>\n<p><strong>TH\u00c0NH PH\u1ea6N NGUY\u00caN LI\u1ec6U: <\/strong>Vitamin A, D<sub>3<\/sub>, E, Biotin, K\u1ebdm, maltodextrin.<\/p>\n<p><strong>CH\u1ec8 TI\u00caU CH\u1ea4T L\u01af\u1ee2NG<\/strong>:<\/p>\n<ul>\n<li>\u1ea8m \u0111\u1ed9 (max)&#8230;&#8230;&#8230;&#8230;&#8230;&#8230;&#8230;&#8230;&#8230;&#8230;&#8230;&#8230;&#8230;&#8230;&#8230;&#8230;&#8230;&#8230;&#8230;&#8230;&#8230; 12%<\/li>\n<li>* Vitamin A (min)&#8230;&#8230;&#8230;&#8230;&#8230;&#8230;&#8230;&#8230;&#8230;&#8230;&#8230;&#8230;&#8230;&#8230;&#8230;.. 200.000 UI<\/li>\n<li>* Vitamin D3 (min)&#8230;&#8230;&#8230;&#8230;&#8230;&#8230;&#8230;&#8230;&#8230;&#8230;&#8230;&#8230;&#8230;&#8230;&#8230;.. 30.000 UI<\/li>\n<li>Vitamin E (min)&#8230;&#8230;&#8230;&#8230;&#8230;&#8230;&#8230;&#8230;&#8230;&#8230;&#8230;&#8230;&#8230;&#8230;&#8230;&#8230;&#8230;&#8230;.. 800 UI<\/li>\n<li>Biotin (min)&#8230;&#8230;&#8230;&#8230;&#8230;&#8230;&#8230;&#8230;&#8230;&#8230;&#8230;&#8230;&#8230;&#8230;&#8230;&#8230;&#8230;&#8230;&#8230;&#8230;&#8230;&#8230; 3mg<\/li>\n<li>* Zn<sup>++<\/sup> (min \u2013 max)&#8230;&#8230;&#8230;&#8230;&#8230;&#8230;&#8230;&#8230;&#8230;&#8230;&#8230;&#8230;. 1.090-1.332mg<\/li>\n<li>C\u00e1t, s\u1ea1n (max)&#8230;&#8230;&#8230;&#8230;&#8230;&#8230;&#8230;&#8230;&#8230;&#8230;&#8230;&#8230;&#8230;&#8230;&#8230;&#8230;&#8230;&#8230;&#8230;.. 0,5%<\/li>\n<li>Ch\u1ea5t c\u1ea5m &#8230;&#8230;&#8230;&#8230;&#8230;&#8230;&#8230;&#8230;&#8230;&#8230;&#8230;&#8230;&#8230;&#8230;&#8230;&#8230;&#8230;&#8230;&#8230;.. Kh\u00f4ng c\u00f3<\/li>\n<li>Ch\u1ea5t mang (Maltodextrin) v\u1eeba \u0111\u1ee7&#8230;&#8230;&#8230;&#8230;&#8230;&#8230;&#8230;&#8230;&#8230;&#8230; 100g<\/li>\n<\/ul>\n<p><strong>C\u00d4NG D\u1ee4NG: <\/strong><\/p>\n<ul>\n<li>B\u1ed5 sung d\u01b0\u1ee1ng ch\u1ea5t c\u1ea7n thi\u1ebft gi\u00fap g\u00e0, v\u1ecbt, c\u00fat, m\u1ecdc l\u00f4ng \u0111\u1ed3ng lo\u1ea1t, b\u00f3ng m\u01b0\u1ee3t, s\u1ea1ch v\u00e0 ph\u1ee7 \u0111\u1ec1u, m\u00e0u l\u00f4ng \u0111\u1eb9p.<\/li>\n<li>Ch\u1ed1ng hi\u1ec7n t\u01b0\u1ee3ng c\u1eafn m\u1ed5 l\u00f4ng, h\u1eadu m\u00f4n tr\u00ean gia c\u1ea7m do thi\u1ebfu d\u01b0\u1ee1ng ch\u1ea5t.<\/li>\n<li>C\u1ea3i thi\u1ec7n t\u00ecnh tr\u1ea1ng l\u00f4ng x\u00f9 x\u01a1 x\u00e1c, gi\u00f2n v\u00e0 r\u1ee5ng, da kh\u00f4 c\u00f3 v\u1ea9y, l\u00f4ng m\u1ecdc ch\u1eadm, m\u1ecf nh\u1ee3t nh\u1ea1t, m\u00e0o kh\u00f4 ho\u1eb7c teo qu\u1eaft l\u1ea1i.<\/li>\n<li>Gi\u00fap gia c\u1ea7m ph\u00e1t tri\u1ec3n v\u1ec1 th\u1ec3 tr\u1ea1ng, c\u01a1 th\u1ec3 kh\u1ecfe m\u1ea1nh, t\u0103ng tr\u1ecdng nhanh.<\/li>\n<\/ul>\n<p><strong>LI\u1ec0U D\u00d9NG<\/strong><strong>: <\/strong>Tr\u1ed9n v\u00e0o th\u1ee9c \u0103n cho g\u00e0, v\u1ecbt, c\u00fat: 1kg\/ 150-200kg th\u1ee9c \u0103n ho\u1eb7c pha 1kg v\u1edbi 250-350 l\u00edt n\u01b0\u1edbc.<\/p>\n<p><strong>KH\u1ed0I L\u01af\u1ee2NG T\u1ecaNH<\/strong>: 100g<\/p>\n<p><strong>S\u1ed1 TCCS 18:2012\/AC.CT<\/strong><\/p>\n<p><strong>CH\u1ec8 D\u00d9NG TRONG CH\u0102N NU\u00d4I<\/strong><\/p>\n<p>B\u1ea3o qu\u1ea3n n\u01a1i kh\u00f4 tho\u00e1ng nhi\u1ec7t \u0111\u1ed9 kh\u00f4ng qu\u00e1 30\u00b0C<\/p>\n<p><strong>S\u1ea3n xu\u1ea5t t\u1ea1i:<\/strong> <strong>C\u00f4ng ty TNHH Thu\u1ed1c Th\u00fa Y \u00c1 Ch\u00e2u.<\/strong><\/p>\n<p><strong>\u0110\u1ecba ch\u1ec9:<\/strong> 130 Qu\u1ed1c l\u1ed9 1A, P. Ba L\u00e1ng, Q. C\u00e1i R\u0103ng, TP. C\u1ea7n Th\u01a1, Vi\u1ec7t Nam.<\/p>\n<p><strong>\u0110i\u1ec7n tho\u1ea1i:<\/strong> <a href=\"tel:+842923913347\">(+84).292.3913347<\/a> &#8211; <a href=\"tel:3913348\">3913348<\/a> &#8211; FAX: (+84).292.3913349<\/p>\n","protected":false},"excerpt":{"rendered":"<p>B\u1ed4 SUNG VITAMIN \u2013 KHO\u00c1NG D\u00d9NG CHO GIA C\u1ea6M GI\u00daP GIA C\u1ea6M M\u1eccC L\u00d4NG \u0110\u1ed2NG LO\u1ea0T, B\u00d3NG M\u01af\u1ee2T, S\u1ea0CH V\u00c0 PH\u1ee6 \u0110\u1ec0U TH\u00c0NH PH\u1ea6N NGUY\u00caN LI\u1ec6U: Vitamin A, D3, E, Biotin, K\u1ebdm, maltodextrin. CH\u1ec8 TI\u00caU CH\u1ea4T L\u01af\u1ee2NG: \u1ea8m \u0111\u1ed9 (max)&#8230;&#8230;&#8230;&#8230;&#8230;&#8230;&#8230;&#8230;&#8230;&#8230;&#8230;&#8230;&#8230;&#8230;&#8230;&#8230;&#8230;&#8230;&#8230;&#8230;&#8230; 12% * Vitamin A (min)&#8230;&#8230;&#8230;&#8230;&#8230;&#8230;&#8230;&#8230;&#8230;&#8230;&#8230;&#8230;&#8230;&#8230;&#8230;.. 200.000 UI * Vitamin D3 (min)&#8230;&#8230;&#8230;&#8230;&#8230;&#8230;&#8230;&#8230;&#8230;&#8230;&#8230;&#8230;&#8230;&#8230;&#8230;.. 30.000 UI Vitamin E [&hellip;]<\/p>\n","protected":false},"featured_media":10162,"comment_status":"open","ping_status":"closed","template":"","meta":[],"product_cat":[117],"product_tag":[],"_links":{"self":[{"href":"https:\/\/promedic.com.vn\/vi\/wp-json\/wp\/v2\/product\/10286"}],"collection":[{"href":"https:\/\/promedic.com.vn\/vi\/wp-json\/wp\/v2\/product"}],"about":[{"href":"https:\/\/promedic.com.vn\/vi\/wp-json\/wp\/v2\/types\/product"}],"replies":[{"embeddable":true,"href":"https:\/\/promedic.com.vn\/vi\/wp-json\/wp\/v2\/comments?post=10286"}],"wp:featuredmedia":[{"embeddable":true,"href":"https:\/\/promedic.com.vn\/vi\/wp-json\/wp\/v2\/media\/10162"}],"wp:attachment":[{"href":"https:\/\/promedic.com.vn\/vi\/wp-json\/wp\/v2\/media?parent=10286"}],"wp:term":[{"taxonomy":"product_cat","embeddable":true,"href":"https:\/\/promedic.com.vn\/vi\/wp-json\/wp\/v2\/product_cat?post=10286"},{"taxonomy":"product_tag","embeddable":true,"href":"https:\/\/promedic.com.vn\/vi\/wp-json\/wp\/v2\/product_tag?post=10286"}],"curies":[{"name":"wp","href":"https:\/\/api.w.org\/{rel}","templated":true}]}}