{"id":10285,"date":"2022-12-04T07:18:46","date_gmt":"2022-12-04T07:18:46","guid":{"rendered":"http:\/\/promediccomvn469.chiliweb.org\/san-pham\/vitamix-super-2\/"},"modified":"2022-12-07T11:31:15","modified_gmt":"2022-12-07T11:31:15","slug":"vitamix-super-2","status":"publish","type":"product","link":"https:\/\/promedic.com.vn\/vi\/san-pham\/vitamix-super-2\/","title":{"rendered":"Vitamix-super"},"content":{"rendered":"<p><strong>B\u1ed8T H\u00d2A TAN TH\u1ee8C \u0102N B\u1ed4 SUNG VITAMIN, CH\u1ea4T \u0110I\u1ec6N GI\u1ea2I <\/strong><strong>CHO GIA S\u00daC, GIA C\u1ea6M<\/strong><\/p>\n<p><strong>TH\u00c0NH<\/strong><strong> PH\u1ea6N NGUY\u00caN LI\u1ec6U<\/strong>: Vitamin A, D3, E, PP, B6, H, B12, Potassium chloride, Sodium chloride, Maltodextrin.<\/p>\n<p><strong>CH\u1ec8<\/strong><strong> TI\u00caU CH\u1ea4T L\u01af\u1ee2NG<\/strong><strong>:<\/strong><\/p>\n<ul>\n<li>\u1ea8m \u0111\u1ed9 (max)&#8230;&#8230;&#8230;&#8230;&#8230;&#8230;&#8230;&#8230;&#8230;&#8230;&#8230;&#8230;&#8230;&#8230;&#8230;&#8230;&#8230;&#8230;&#8230;.. 12 %<\/li>\n<li>*Vitamin A (min)&#8230;&#8230;&#8230;&#8230;&#8230;&#8230;&#8230;&#8230;&#8230;&#8230;&#8230;&#8230;&#8230;&#8230;.. 100.000 UI<\/li>\n<li>*Vitamin D3 (min)&#8230;&#8230;&#8230;&#8230;&#8230;&#8230;&#8230;&#8230;&#8230;&#8230;&#8230;&#8230;&#8230;&#8230;. 10.000 UI<\/li>\n<li>*Vitamin E (min)&#8230;&#8230;&#8230;&#8230;&#8230;&#8230;&#8230;&#8230;&#8230;&#8230;&#8230;&#8230;&#8230;&#8230;&#8230;&#8230;.. 400 UI<\/li>\n<li>*Na+ (min-max)&#8230;&#8230;&#8230;&#8230;&#8230;&#8230;&#8230;&#8230;&#8230;&#8230;&#8230;&#8230;.. 1.6501.699mg<\/li>\n<li>*K+ (min-max)&#8230;&#8230;&#8230;&#8230;&#8230;&#8230;&#8230;&#8230;&#8230;&#8230;&#8230;&#8230;&#8230;&#8230;&#8230; 860-920mg<\/li>\n<li>Vitamin PP (min)&#8230;&#8230;&#8230;&#8230;&#8230;&#8230;&#8230;&#8230;&#8230;&#8230;&#8230;&#8230;&#8230;&#8230;&#8230;&#8230;.. 500mg<\/li>\n<li>Vitamin B6 (min)&#8230;&#8230;&#8230;&#8230;&#8230;&#8230;&#8230;&#8230;&#8230;&#8230;&#8230;&#8230;&#8230;&#8230;&#8230;&#8230;.. 120mg<\/li>\n<li>Vitamin H (min)&#8230;&#8230;&#8230;&#8230;&#8230;&#8230;&#8230;&#8230;&#8230;&#8230;&#8230;&#8230;&#8230;&#8230;&#8230;.. 2.500mcg<\/li>\n<li>Vitamin B12 (min)&#8230;&#8230;&#8230;&#8230;&#8230;&#8230;&#8230;&#8230;&#8230;&#8230;&#8230;&#8230;&#8230;&#8230;&#8230;.. 600mcg<\/li>\n<li>Ch\u1ea5t c\u1ea5m&#8230;&#8230;&#8230;&#8230;&#8230;&#8230;&#8230;&#8230;&#8230;&#8230;&#8230;&#8230;&#8230;&#8230;&#8230;&#8230;&#8230;&#8230;&#8230;. kh\u00f4ng c\u00f3<\/li>\n<li>C\u00e1t, s\u1ea1n (max)&#8230;&#8230;&#8230;&#8230;&#8230;&#8230;&#8230;&#8230;&#8230;&#8230;&#8230;&#8230;&#8230;&#8230;&#8230;&#8230;&#8230;&#8230;.. 0,5%<\/li>\n<li>Ch\u1ea5t mang (Maltodextrin) v\u1eeba \u0111\u1ee7&#8230;&#8230;&#8230;&#8230;&#8230;&#8230;&#8230;&#8230;&#8230; 100g<\/li>\n<\/ul>\n<p>(*): Ch\u1ea5t ch\u00ednh<\/p>\n<p><strong>C\u00d4NG<\/strong><strong> D\u1ee4NG<\/strong><strong>:<\/strong><\/p>\n<ul>\n<li><strong>VITAMIX \u2013 SUPER<\/strong> \u0111\u00e1p \u1ee9ng c\u00e1c nhu c\u1ea7u v\u1ec1 vitamin c\u1ea7n thi\u1ebft cho c\u01a1 th\u1ec3 gia s\u00fac, gia c\u1ea7m.<\/li>\n<li>T\u0103ng c\u01b0\u1eddng kh\u1ea3 n\u0103ng sinh tr\u01b0\u1edfng, t\u0103ng s\u1ee9c \u0111\u1ec1 kh\u00e1ng, gia t\u0103ng t\u1ef7 l\u1ec7 s\u1ed1ng, gia t\u0103ng n\u0103ng su\u1ea5t tr\u1ee9ng cho gia c\u1ea7m, ph\u1ee5c h\u1ed3i nhanh trong v\u00e0 sau th\u1eddi gian \u0111i\u1ec1u tr\u1ecb b\u1eb1ng kh\u00e1ng sinh ho\u1eb7c heo n\u00e1i sau khi sinh.<\/li>\n<li>Ng\u0103n ng\u1eeba stress trong \u0111i\u1ec1u ki\u1ec7n m\u00f4i tr\u01b0\u1eddng kh\u00f4ng thu\u1eadn l\u1ee3i, \u0111\u1eb7c bi\u1ec7t trong th\u1eddi \u0111i\u1ec3m giao m\u00f9a.<\/li>\n<\/ul>\n<p><strong>\u00a0<\/strong><strong>LI\u1ec0U<\/strong><strong> V\u00c0 C\u00c1CH D\u00d9NG<\/strong><strong>:<\/strong><\/p>\n<p>Tr\u1ed9n v\u00e0o th\u1ee9c \u0103n ho\u1eb7c pha v\u00e0o n\u01b0\u1edbc u\u1ed1ng.<\/p>\n<ul>\n<li>B\u00ea, ngh\u00e9, d\u00ea, c\u1eebu, heo: 10g tr\u1ed9n v\u00e0o 4kg th\u1ee9c \u0103n ho\u1eb7c 10g pha v\u1edbi 4 l\u00edt n\u01b0\u1edbc u\u1ed1ng.<\/li>\n<li>G\u00e0, v\u1ecbt: 10g tr\u1ed9n v\u00e0o 4kg th\u1ee9c \u0103n ho\u1eb7c 10g pha v\u1edbi 4 l\u00edt n\u01b0\u1edbc u\u1ed1ng.<\/li>\n<\/ul>\n<p><strong>Kh\u1ed1i<\/strong><strong> l\u01b0\u1ee3ng t\u1ecbnh<\/strong><strong>: <\/strong>100g<\/p>\n<p><strong>S\u0110K: TCCS<\/strong> <strong>13:2012\/AC.CT<\/strong><\/p>\n<p><strong>CH\u1ec8 D\u00d9NG TRONG TH\u00da Y.<\/strong><\/p>\n<p>B\u1ea3o qu\u1ea3n n\u01a1i kh\u00f4 tho\u00e1ng, nhi\u1ec7t \u0111\u1ed9 kh\u00f4ng qu\u00e1 30\u00b0C.<\/p>\n<p><strong>S\u1ea3n xu\u1ea5t t\u1ea1i:<\/strong> <strong>C\u00f4ng ty TNHH Thu\u1ed1c Th\u00fa Y \u00c1 Ch\u00e2u.<\/strong><\/p>\n<p><strong>\u0110\u1ecba ch\u1ec9:<\/strong> 130 Qu\u1ed1c l\u1ed9 1A, P. Ba L\u00e1ng, Q. C\u00e1i R\u0103ng, TP. C\u1ea7n Th\u01a1, Vi\u1ec7t Nam.<\/p>\n<p><strong>\u0110i\u1ec7n tho\u1ea1i:<\/strong> <a href=\"tel:+842923913347\">(+84).292.3913347<\/a> &#8211; FAX: (+84).292.3913349<\/p>\n","protected":false},"excerpt":{"rendered":"<p>B\u1ed8T H\u00d2A TAN TH\u1ee8C \u0102N B\u1ed4 SUNG VITAMIN, CH\u1ea4T \u0110I\u1ec6N GI\u1ea2I CHO GIA S\u00daC, GIA C\u1ea6M TH\u00c0NH PH\u1ea6N NGUY\u00caN LI\u1ec6U: Vitamin A, D3, E, PP, B6, H, B12, Potassium chloride, Sodium chloride, Maltodextrin. CH\u1ec8 TI\u00caU CH\u1ea4T L\u01af\u1ee2NG: \u1ea8m \u0111\u1ed9 (max)&#8230;&#8230;&#8230;&#8230;&#8230;&#8230;&#8230;&#8230;&#8230;&#8230;&#8230;&#8230;&#8230;&#8230;&#8230;&#8230;&#8230;&#8230;&#8230;.. 12 % *Vitamin A (min)&#8230;&#8230;&#8230;&#8230;&#8230;&#8230;&#8230;&#8230;&#8230;&#8230;&#8230;&#8230;&#8230;&#8230;.. 100.000 UI *Vitamin D3 (min)&#8230;&#8230;&#8230;&#8230;&#8230;&#8230;&#8230;&#8230;&#8230;&#8230;&#8230;&#8230;&#8230;&#8230;. 10.000 UI *Vitamin E (min)&#8230;&#8230;&#8230;&#8230;&#8230;&#8230;&#8230;&#8230;&#8230;&#8230;&#8230;&#8230;&#8230;&#8230;&#8230;&#8230;.. [&hellip;]<\/p>\n","protected":false},"featured_media":10166,"comment_status":"open","ping_status":"closed","template":"","meta":[],"product_cat":[117],"product_tag":[],"_links":{"self":[{"href":"https:\/\/promedic.com.vn\/vi\/wp-json\/wp\/v2\/product\/10285"}],"collection":[{"href":"https:\/\/promedic.com.vn\/vi\/wp-json\/wp\/v2\/product"}],"about":[{"href":"https:\/\/promedic.com.vn\/vi\/wp-json\/wp\/v2\/types\/product"}],"replies":[{"embeddable":true,"href":"https:\/\/promedic.com.vn\/vi\/wp-json\/wp\/v2\/comments?post=10285"}],"wp:featuredmedia":[{"embeddable":true,"href":"https:\/\/promedic.com.vn\/vi\/wp-json\/wp\/v2\/media\/10166"}],"wp:attachment":[{"href":"https:\/\/promedic.com.vn\/vi\/wp-json\/wp\/v2\/media?parent=10285"}],"wp:term":[{"taxonomy":"product_cat","embeddable":true,"href":"https:\/\/promedic.com.vn\/vi\/wp-json\/wp\/v2\/product_cat?post=10285"},{"taxonomy":"product_tag","embeddable":true,"href":"https:\/\/promedic.com.vn\/vi\/wp-json\/wp\/v2\/product_tag?post=10285"}],"curies":[{"name":"wp","href":"https:\/\/api.w.org\/{rel}","templated":true}]}}