{"id":10283,"date":"2022-12-04T07:35:05","date_gmt":"2022-12-04T07:35:05","guid":{"rendered":"http:\/\/promediccomvn469.chiliweb.org\/san-pham\/amcos-tab-2\/"},"modified":"2022-12-04T07:35:05","modified_gmt":"2022-12-04T07:35:05","slug":"amcos-tab-2","status":"publish","type":"product","link":"https:\/\/promedic.com.vn\/vi\/san-pham\/amcos-tab-2\/","title":{"rendered":"Amcos-tab"},"content":{"rendered":"<p><strong>VI\u00caN\u00a0U\u1ed0NG \u0110I\u1ec0U TR\u1eca TI\u00caU CH\u1ea2Y\u00a0<\/strong><\/p>\n<p><strong>\u00a0<\/strong><strong>TH\u00c0NH PH\u1ea6N:<\/strong>\u00a0M\u1ed7i vi\u00ean n\u00e9n 200 mg ch\u1ee9a:<\/p>\n<ul>\n<li>Thiamphenicol \u2026\u2026\u2026\u2026.. 5mg<\/li>\n<li>Colistin sulfat \u2026\u2026\u2026\u2026\u2026\u00a05mg<\/li>\n<\/ul>\n<p><strong>CH\u1ec8 \u0110\u1ecaNH:<\/strong>\u00a0\u0110i\u1ec1u tr\u1ecb nhi\u1ec5m khu\u1ea9n \u0111\u01b0\u1eddng ti\u00eau h\u00f3a, ti\u00eau ch\u1ea3y n\u1eb7ng, vi\u00eam ru\u1ed9t do E.coli, Salmonellosis, Colibacillosis, T\u1ee5 huy\u1ebft tr\u00f9ng, b\u1ea1i li\u1ec7t\u2026<\/p>\n<p><strong>LI\u1ec0U L\u01af\u1ee2NG V\u00c0 C\u00c1CH D\u00d9NG:<\/strong><\/p>\n<p>\u0110\u1ed1i v\u1edbi u\u1ed1ng tr\u1ef1c ti\u1ebfp:<\/p>\n<ul>\n<li>Li\u1ec1u d\u00f9ng chung cho gia c\u1ea7m, chim ch\u00f3c: 1 vi\u00ean\/400-500g th\u1ec3 tr\u1ecdng\/ng\u00e0y, d\u00f9ng li\u00ean t\u1ee5c 3-5 ng\u00e0y.<\/li>\n<\/ul>\n<p><strong>Th\u1eddi gian r\u00fat ti\u1ec1n\u00a0<\/strong><strong>:<\/strong><strong>\u00a0<\/strong><\/p>\n<ul>\n<li>\u0110\u1ed1i v\u1edbi th\u1ecbt: 07 ng\u00e0y.<\/li>\n<\/ul>\n<p><strong>Quy c\u00e1ch \u0111\u00f3ng g\u00f3i:<\/strong>\u00a0H\u1ed9p 10 v\u1ec9 x 10 vi\u00ean.<\/p>\n<p><strong>S\u1ed1 th\u1ee9 t\u1ef1<\/strong>\u00a0: APC\u201310 \u2013 XK<\/p>\n<p><strong>B\u1ea2O QU\u1ea2N<\/strong>\u00a0: N\u01a1i kh\u00f4 m\u00e1t, nhi\u1ec7t \u0111\u1ed9 d\u01b0\u1edbi 30\u00b0C.<\/p>\n<p><strong>CH\u1ec8 D\u00c0NH CHO TH\u00da Y.<\/strong><\/p>\n","protected":false},"excerpt":{"rendered":"<p>VI\u00caN\u00a0U\u1ed0NG \u0110I\u1ec0U TR\u1eca TI\u00caU CH\u1ea2Y\u00a0 \u00a0TH\u00c0NH PH\u1ea6N:\u00a0M\u1ed7i vi\u00ean n\u00e9n 200 mg ch\u1ee9a: Thiamphenicol \u2026\u2026\u2026\u2026.. 5mg Colistin sulfat \u2026\u2026\u2026\u2026\u2026\u00a05mg CH\u1ec8 \u0110\u1ecaNH:\u00a0\u0110i\u1ec1u tr\u1ecb nhi\u1ec5m khu\u1ea9n \u0111\u01b0\u1eddng ti\u00eau h\u00f3a, ti\u00eau ch\u1ea3y n\u1eb7ng, vi\u00eam ru\u1ed9t do E.coli, Salmonellosis, Colibacillosis, T\u1ee5 huy\u1ebft tr\u00f9ng, b\u1ea1i li\u1ec7t\u2026 LI\u1ec0U L\u01af\u1ee2NG V\u00c0 C\u00c1CH D\u00d9NG: \u0110\u1ed1i v\u1edbi u\u1ed1ng tr\u1ef1c ti\u1ebfp: Li\u1ec1u d\u00f9ng chung cho gia [&hellip;]<\/p>\n","protected":false},"featured_media":10176,"comment_status":"open","ping_status":"closed","template":"","meta":[],"product_cat":[118],"product_tag":[],"_links":{"self":[{"href":"https:\/\/promedic.com.vn\/vi\/wp-json\/wp\/v2\/product\/10283"}],"collection":[{"href":"https:\/\/promedic.com.vn\/vi\/wp-json\/wp\/v2\/product"}],"about":[{"href":"https:\/\/promedic.com.vn\/vi\/wp-json\/wp\/v2\/types\/product"}],"replies":[{"embeddable":true,"href":"https:\/\/promedic.com.vn\/vi\/wp-json\/wp\/v2\/comments?post=10283"}],"wp:featuredmedia":[{"embeddable":true,"href":"https:\/\/promedic.com.vn\/vi\/wp-json\/wp\/v2\/media\/10176"}],"wp:attachment":[{"href":"https:\/\/promedic.com.vn\/vi\/wp-json\/wp\/v2\/media?parent=10283"}],"wp:term":[{"taxonomy":"product_cat","embeddable":true,"href":"https:\/\/promedic.com.vn\/vi\/wp-json\/wp\/v2\/product_cat?post=10283"},{"taxonomy":"product_tag","embeddable":true,"href":"https:\/\/promedic.com.vn\/vi\/wp-json\/wp\/v2\/product_tag?post=10283"}],"curies":[{"name":"wp","href":"https:\/\/api.w.org\/{rel}","templated":true}]}}