{"id":10281,"date":"2022-12-04T07:41:33","date_gmt":"2022-12-04T07:41:33","guid":{"rendered":"http:\/\/promediccomvn469.chiliweb.org\/san-pham\/inflamine\/"},"modified":"2022-12-07T11:30:39","modified_gmt":"2022-12-07T11:30:39","slug":"inflamine","status":"publish","type":"product","link":"https:\/\/promedic.com.vn\/vi\/san-pham\/inflamine\/","title":{"rendered":"Inflamine"},"content":{"rendered":"<p><span><strong>VI\u00caN U\u1ed0NG\u00a0<\/strong><strong>A NTIHISTAMINE\u00a0<\/strong><\/span><strong><span>\u2013\u00a0<\/span><\/strong><span><strong>TR\u1eca\u00a0<\/strong><strong>D\u1eca\u00a0<\/strong><strong>\u1ee8NG\u00a0<\/strong><strong>CHO\u00a0<\/strong><strong>\u00a0CH\u00d3 M\u00c8O<\/strong><\/span><\/p>\n<p><strong><span>TH\u00c0NH PH\u1ea6N\u00a0<\/span><\/strong><strong><span>:<\/span><\/strong><span>\u00a0M\u1ed7i vi\u00ean n\u00e9n 200 mg ch\u1ee9a:<\/span><\/p>\n<ul>\n<li><span>Thu\u1ed1c chlorpheniramine maleate\u2026\u2026\u2026\u2026\u2026\u2026\u2026.\u00a04mg<\/span><\/li>\n<\/ul>\n<p><strong><span>CH\u1ec8 \u0110\u1ecaNH\u00a0<\/span><\/strong><strong><span>:<\/span><\/strong><\/p>\n<p><span>Inflamine \u0111\u01b0\u1ee3c s\u1eed d\u1ee5ng cho c\u00e1c t\u00ecnh tr\u1ea1ng vi\u00eam v\u00e0 d\u1ecb \u1ee9ng c\u1ea5p t\u00ednh:<\/span><\/p>\n<ul>\n<li><span>Ph\u1ea3n \u1ee9ng ti\u00eam ch\u1ee7ng.<\/span><\/li>\n<li><span>Ph\u1ea3n \u1ee9ng truy\u1ec1n m\u00e1u.<\/span><\/li>\n<li><span>Ong \u0111\u1ed1t v\u00e0 c\u00f4n tr\u00f9ng c\u1eafn.<\/span><\/li>\n<li><span>Vi\u1ec7c qu\u1ea3n l\u00fd ng\u1ee9a da.<\/span><\/li>\n<li><span>Ti\u1ebfp x\u00fac, h\u00edt ph\u1ea3i ho\u1eb7c d\u1ecb \u1ee9ng thu\u1ed1c.<\/span><\/li>\n<\/ul>\n<p><strong>\u00a0<\/strong><strong><span>LI\u1ec0U L\u01af\u1ee2NG V\u00c0 C\u00c1CH D\u00d9NG\u00a0<\/span><\/strong><strong><span>:<\/span><\/strong><\/p>\n<ul>\n<li><span>\u0110\u1ed1i v\u1edbi ch\u00f3: 4-12mg u\u1ed1ng hai \u0111\u1ebfn ba l\u1ea7n m\u1ed7i ng\u00e0y (c\u1ee9 sau 8 \u0111\u1ebfn 12 gi\u1edd).\u00a0Li\u1ec1u l\u01b0\u1ee3ng kh\u00f4ng \u0111\u01b0\u1ee3c v\u01b0\u1ee3t qu\u00e1 0,25 mg\/pound (ho\u1eb7c 0,5 mg\/kg).<\/span><\/li>\n<li><span>\u0110\u1ed1i v\u1edbi m\u00e8o: 2-4mg m\u1ed7i con m\u00e8o \u1edf li\u1ec1u cao nh\u1ea5t \u0111\u01b0\u1ee3c cung c\u1ea5p c\u1ee9 sau 8 \u0111\u1ebfn 12 gi\u1edd.<\/span><\/li>\n<\/ul>\n<p><strong><span>C\u1ea2NH B\u00c1O<\/span><\/strong><span>\u00a0:<\/span><\/p>\n<ul>\n<li><span>Clorpheniramine kh\u00f4ng \u0111\u01b0\u1ee3c s\u1eed d\u1ee5ng cho \u0111\u1ed9ng v\u1eadt \u0111\u00e3 bi\u1ebft qu\u00e1 m\u1eabn c\u1ea3m ho\u1eb7c d\u1ecb \u1ee9ng v\u1edbi thu\u1ed1c.<\/span><\/li>\n<li><span>\u0110\u1ed9ng v\u1eadt m\u1eafc b\u1ec7nh t\u0103ng nh\u00e3n \u00e1p, b\u1ec7nh ph\u1ed5i, b\u1ec7nh tim, huy\u1ebft \u00e1p cao v\u00e0 ph\u00ec \u0111\u1ea1i tuy\u1ebfn ti\u1ec1n li\u1ec7t kh\u00f4ng n\u00ean s\u1eed d\u1ee5ng chlorpheniramine.<\/span><\/li>\n<li><span>Chlorpheramine c\u00f3 th\u1ec3 t\u01b0\u01a1ng t\u00e1c v\u1edbi c\u00e1c lo\u1ea1i thu\u1ed1c kh\u00e1c.\u00a0Tham kh\u1ea3o \u00fd ki\u1ebfn \u200b\u200bb\u00e1c s\u0129 th\u00fa y c\u1ee7a b\u1ea1n \u0111\u1ec3 x\u00e1c \u0111\u1ecbnh xem c\u00e1c lo\u1ea1i thu\u1ed1c kh\u00e1c m\u00e0 th\u00fa c\u01b0ng c\u1ee7a b\u1ea1n \u0111ang s\u1eed d\u1ee5ng c\u00f3 th\u1ec3 t\u01b0\u01a1ng t\u00e1c v\u1edbi chlorpheniramine maleate hay kh\u00f4ng.\u00a0Nh\u1eefng lo\u1ea1i thu\u1ed1c n\u00e0y bao g\u1ed3m epinephrine, amitraz, selegiline, thu\u1ed1c an th\u1ea7n, heparin v\u00e0 barbiturat.<\/span><\/li>\n<\/ul>\n<p><strong><span>QUY C\u00c1CH <\/span><\/strong><strong><span>:<\/span><\/strong><span>\u00a0H\u1ed9p 10 v\u1ec9 x 10 vi\u00ean.<\/span><\/p>\n<p><strong><span>Rgt.No<\/span><\/strong><span>\u00a0: APC-21-XK<\/span><\/p>\n<p><strong><span>B\u1ea2O QU\u1ea2N:<\/span><\/strong><span>\u00a0N\u01a1i kh\u00f4 m\u00e1t, nhi\u1ec7t \u0111\u1ed9 d\u01b0\u1edbi 30\u00b0C.<\/span><\/p>\n<p><strong><span>CH\u1ec8 D\u00c0NH CHO TH\u00da Y<\/span><\/strong><\/p>\n<p><strong><span>Mfg.date \u2013 Exp.date \u2013 L\u00f4:<\/span><\/strong><span>\u00a0\u0111\u01b0\u1ee3c hi\u1ec3n th\u1ecb tr\u00ean bao b\u00ec.<\/span><\/p>\n<p><strong>S\u1ea3n xu\u1ea5t t\u1ea1i:<\/strong> <strong>C\u00f4ng ty TNHH Thu\u1ed1c Th\u00fa Y \u00c1 Ch\u00e2u.<\/strong><\/p>\n<p><strong>\u0110\u1ecba ch\u1ec9:<\/strong> 130 Qu\u1ed1c l\u1ed9 1A, P. Ba L\u00e1ng, Q. C\u00e1i R\u0103ng, TP. C\u1ea7n Th\u01a1, Vi\u1ec7t Nam.<\/p>\n<p><strong>\u0110i\u1ec7n tho\u1ea1i:<\/strong> <a href=\"tel:+842923913347\">(+84).292.3913347<\/a> &#8211; <a href=\"tel:3913348\">3913348<\/a> &#8211; FAX: (+84).292.3913349<\/p>\n","protected":false},"excerpt":{"rendered":"<p>VI\u00caN U\u1ed0NG\u00a0A NTIHISTAMINE\u00a0\u2013\u00a0TR\u1eca\u00a0D\u1eca\u00a0\u1ee8NG\u00a0CHO\u00a0\u00a0CH\u00d3 M\u00c8O TH\u00c0NH PH\u1ea6N\u00a0:\u00a0M\u1ed7i vi\u00ean n\u00e9n 200 mg ch\u1ee9a: Thu\u1ed1c chlorpheniramine maleate\u2026\u2026\u2026\u2026\u2026\u2026\u2026.\u00a04mg CH\u1ec8 \u0110\u1ecaNH\u00a0: Inflamine \u0111\u01b0\u1ee3c s\u1eed d\u1ee5ng cho c\u00e1c t\u00ecnh tr\u1ea1ng vi\u00eam v\u00e0 d\u1ecb \u1ee9ng c\u1ea5p t\u00ednh: Ph\u1ea3n \u1ee9ng ti\u00eam ch\u1ee7ng. Ph\u1ea3n \u1ee9ng truy\u1ec1n m\u00e1u. Ong \u0111\u1ed1t v\u00e0 c\u00f4n tr\u00f9ng c\u1eafn. Vi\u1ec7c qu\u1ea3n l\u00fd ng\u1ee9a da. Ti\u1ebfp x\u00fac, h\u00edt ph\u1ea3i ho\u1eb7c d\u1ecb [&hellip;]<\/p>\n","protected":false},"featured_media":10182,"comment_status":"open","ping_status":"closed","template":"","meta":[],"product_cat":[118],"product_tag":[],"_links":{"self":[{"href":"https:\/\/promedic.com.vn\/vi\/wp-json\/wp\/v2\/product\/10281"}],"collection":[{"href":"https:\/\/promedic.com.vn\/vi\/wp-json\/wp\/v2\/product"}],"about":[{"href":"https:\/\/promedic.com.vn\/vi\/wp-json\/wp\/v2\/types\/product"}],"replies":[{"embeddable":true,"href":"https:\/\/promedic.com.vn\/vi\/wp-json\/wp\/v2\/comments?post=10281"}],"wp:featuredmedia":[{"embeddable":true,"href":"https:\/\/promedic.com.vn\/vi\/wp-json\/wp\/v2\/media\/10182"}],"wp:attachment":[{"href":"https:\/\/promedic.com.vn\/vi\/wp-json\/wp\/v2\/media?parent=10281"}],"wp:term":[{"taxonomy":"product_cat","embeddable":true,"href":"https:\/\/promedic.com.vn\/vi\/wp-json\/wp\/v2\/product_cat?post=10281"},{"taxonomy":"product_tag","embeddable":true,"href":"https:\/\/promedic.com.vn\/vi\/wp-json\/wp\/v2\/product_tag?post=10281"}],"curies":[{"name":"wp","href":"https:\/\/api.w.org\/{rel}","templated":true}]}}