{"id":10280,"date":"2022-12-04T07:57:31","date_gmt":"2022-12-04T07:57:31","guid":{"rendered":"http:\/\/promediccomvn469.chiliweb.org\/san-pham\/levaox-tab\/"},"modified":"2022-12-07T11:30:39","modified_gmt":"2022-12-07T11:30:39","slug":"levaox-tab","status":"publish","type":"product","link":"https:\/\/promedic.com.vn\/vi\/san-pham\/levaox-tab\/","title":{"rendered":"Levaox tab"},"content":{"rendered":"<p><strong>\u0110I\u1ec0U TR\u1eca NHI\u1ec4M N\u1ed8I K\u1ef6 VI\u00caN VI\u00caN\u00a0<\/strong><strong>U\u1ed0NG<\/strong><\/p>\n<p><strong>TH\u00c0NH PH\u1ea6N:<\/strong>\u00a0M\u1ed7i vi\u00ean n\u00e9n 5g ch\u1ee9a:<\/p>\n<ul>\n<li>Levamisol HCl\u2026\u2026\u2026\u2026\u2026\u2026\u2026\u2026\u2026\u2026.. 1.000mg<\/li>\n<li>Oxyclozanua \u2026\u2026\u2026\u2026\u2026\u2026\u2026\u2026\u2026\u2026\u2026\u00a01.400mg<\/li>\n<\/ul>\n<p><strong>CH\u1ec8 \u0110\u1ecaNH:<\/strong>\u00a0\u0110i\u1ec1u tr\u1ecb nhi\u1ec5m tr\u00f9ng n\u1ed9i k\u00fd sinh tr\u00f9ng do c\u00e1c k\u00fd sinh tr\u00f9ng n\u1ed9i k\u00fd sinh nh\u01b0 Bunostomum spp., Chabertia spp., Cooperia spp., Dictyocaulus spp.\u00a0(s\u00e2u ph\u1ed5i), Fasciola spp., Haemonchus spp., Nematodirus spp., Oesophagostomum spp.<\/p>\n<p><strong>LI\u1ec0U L\u01af\u1ee2NG V\u00c0 C\u00c1CH D\u00d9NG:<\/strong><\/p>\n<p>D\u00f9ng \u0111\u01b0\u1eddng u\u1ed1ng:<\/p>\n<ul>\n<li>Gia s\u00fac, b\u00ea, ngh\u00e9, c\u1eebu, d\u00ea: 1 vi\u00ean\/200kg th\u1ec3 tr\u1ecdng.<\/li>\n<\/ul>\n<p><strong>TH\u1edcI H\u1ea0N R\u00daT TI\u1ec0N\u00a0<\/strong><strong>:<\/strong><\/p>\n<ul>\n<li>\u0110\u1ed1i v\u1edbi th\u1ecbt: 28 ng\u00e0y.<\/li>\n<li>\u0110\u1ed1i v\u1edbi s\u1eefa: 3 ng\u00e0y.<\/li>\n<\/ul>\n<p><strong>\u0110\u00d3NG G\u00d3I<\/strong>\u00a0: H\u1ed9p 8 v\u1ec9 x 6 vi\u00ean.<\/p>\n<p><strong>Rgt.No<\/strong>\u00a0: APC-103<\/p>\n<p><strong>B\u1ea2O QU\u1ea2N:<\/strong>\u00a0\u0110\u1ec3 trong b\u00f3ng r\u00e2m, n\u01a1i kh\u00f4 m\u00e1t, \u1edf nhi\u1ec7t \u0111\u1ed9 ph\u00f2ng.<\/p>\n<p><strong>CH\u1ec8 D\u00c0NH CHO TH\u00da Y.<\/strong><\/p>\n<p><strong>Mfg.date \u2013 Exp.date \u2013 L\u00f4:<\/strong>\u00a0\u0111\u01b0\u1ee3c hi\u1ec3n th\u1ecb tr\u00ean bao b\u00ec.<\/p>\n<p><strong>S\u1ea3n xu\u1ea5t t\u1ea1i:<\/strong>\u00a0Th\u00e0nh ph\u1ed1 C\u1ea7n Th\u01a1, Vi\u1ec7t Nam<\/p>\n<p><strong>C\u00d4NG TY C\u1ed4 PH\u1ea6N \u0110\u1ec8NH V\u00c0NG<\/strong><\/p>\n<p><strong>\u0110\u1ecba ch\u1ec9:<\/strong>\u00a0130B, Khu ph\u1ed1 2, Ph\u01b0\u1eddng Ba L\u00e1ng, Qu\u1eadn C\u00e1i R\u0103ng, Th\u00e0nh ph\u1ed1 C\u1ea7n Th\u01a1, Vi\u1ec7t Nam.<\/p>\n<p><strong>\u0110T:<\/strong><a href=\"tel:+842923756238\">(+84)292 3756 238<\/a><\/p>\n","protected":false},"excerpt":{"rendered":"<p>\u0110I\u1ec0U TR\u1eca NHI\u1ec4M N\u1ed8I K\u1ef6 VI\u00caN VI\u00caN\u00a0U\u1ed0NG TH\u00c0NH PH\u1ea6N:\u00a0M\u1ed7i vi\u00ean n\u00e9n 5g ch\u1ee9a: Levamisol HCl\u2026\u2026\u2026\u2026\u2026\u2026\u2026\u2026\u2026\u2026.. 1.000mg Oxyclozanua \u2026\u2026\u2026\u2026\u2026\u2026\u2026\u2026\u2026\u2026\u2026\u00a01.400mg CH\u1ec8 \u0110\u1ecaNH:\u00a0\u0110i\u1ec1u tr\u1ecb nhi\u1ec5m tr\u00f9ng n\u1ed9i k\u00fd sinh tr\u00f9ng do c\u00e1c k\u00fd sinh tr\u00f9ng n\u1ed9i k\u00fd sinh nh\u01b0 Bunostomum spp., Chabertia spp., Cooperia spp., Dictyocaulus spp.\u00a0(s\u00e2u ph\u1ed5i), Fasciola spp., Haemonchus spp., Nematodirus spp., Oesophagostomum spp. LI\u1ec0U L\u01af\u1ee2NG [&hellip;]<\/p>\n","protected":false},"featured_media":10193,"comment_status":"open","ping_status":"closed","template":"","meta":[],"product_cat":[89],"product_tag":[],"_links":{"self":[{"href":"https:\/\/promedic.com.vn\/vi\/wp-json\/wp\/v2\/product\/10280"}],"collection":[{"href":"https:\/\/promedic.com.vn\/vi\/wp-json\/wp\/v2\/product"}],"about":[{"href":"https:\/\/promedic.com.vn\/vi\/wp-json\/wp\/v2\/types\/product"}],"replies":[{"embeddable":true,"href":"https:\/\/promedic.com.vn\/vi\/wp-json\/wp\/v2\/comments?post=10280"}],"wp:featuredmedia":[{"embeddable":true,"href":"https:\/\/promedic.com.vn\/vi\/wp-json\/wp\/v2\/media\/10193"}],"wp:attachment":[{"href":"https:\/\/promedic.com.vn\/vi\/wp-json\/wp\/v2\/media?parent=10280"}],"wp:term":[{"taxonomy":"product_cat","embeddable":true,"href":"https:\/\/promedic.com.vn\/vi\/wp-json\/wp\/v2\/product_cat?post=10280"},{"taxonomy":"product_tag","embeddable":true,"href":"https:\/\/promedic.com.vn\/vi\/wp-json\/wp\/v2\/product_tag?post=10280"}],"curies":[{"name":"wp","href":"https:\/\/api.w.org\/{rel}","templated":true}]}}