{"id":10278,"date":"2022-12-04T08:08:40","date_gmt":"2022-12-04T08:08:40","guid":{"rendered":"http:\/\/promediccomvn469.chiliweb.org\/san-pham\/niclo-tab\/"},"modified":"2022-12-07T11:30:38","modified_gmt":"2022-12-07T11:30:38","slug":"niclo-tab","status":"publish","type":"product","link":"https:\/\/promedic.com.vn\/vi\/san-pham\/niclo-tab\/","title":{"rendered":"Niclo tab"},"content":{"rendered":"<p><strong>VI\u00caN U\u1ed0NG TR\u1eca S\u00c1N S\u00c1N, S\u00c1N L\u00c1 D\u1ea0 C\u1ece\u00a0<\/strong><\/p>\n<p><strong>TH\u00c0NH PH\u1ea6N:<\/strong>\u00a0M\u1ed7i vi\u00ean 1,75g ch\u1ee9a:<\/p>\n<ul>\n<li>Niclosamid\u2026\u2026\u2026\u2026\u2026\u2026\u2026\u2026\u2026\u2026\u2026\u2026.. 1.250mg<\/li>\n<\/ul>\n<p><strong>CH\u1ec8 \u0110\u1ecaNH:<\/strong>\u00a0Niclosamide d\u00f9ng ph\u00f2ng, ch\u1ed1ng v\u00e0 \u0111i\u1ec1u tr\u1ecb nhi\u1ec5m k\u00fd sinh tr\u00f9ng do s\u00e1n d\u00e2y (cestodes), s\u00e1n l\u00e1 d\u1ea1 c\u1ecf (Paramphistomum spp) \u1edf \u0111\u1ed9ng v\u1eadt nhai l\u1ea1i, \u0103n th\u1ecbt v\u00e0 gia c\u1ea7m.\u00a0N\u00f3i chung, c\u00e1c lo\u00e0i taenia, moniezia, stelzia, dipylidium caninum kh\u00e1c nhau nh\u1ea1y c\u1ea3m v\u1edbi thu\u1ed1c n\u00e0y.<\/p>\n<p><strong>LI\u1ec0U L\u01af\u1ee2NG V\u00c0 C\u00c1CH D\u00d9NG:<\/strong><\/p>\n<p>D\u00f9ng \u0111\u01b0\u1eddng u\u1ed1ng:<\/p>\n<ul>\n<li>B\u00ea, ngh\u00e9: 1 vi\u00ean\/25kg th\u1ec3 tr\u1ecdng.<\/li>\n<li>C\u1eebu, d\u00ea: 1 vi\u00ean\/15kg th\u1ec3 tr\u1ecdng.<\/li>\n<\/ul>\n<p><strong>TH\u1edcI H\u1ea0N R\u00daT TI\u1ec0N\u00a0<\/strong><strong>:<\/strong><\/p>\n<ul>\n<li>\u0110\u1ed1i v\u1edbi th\u1ecbt: 28 ng\u00e0y.<\/li>\n<\/ul>\n<p><strong>\u0110\u00d3NG G\u00d3I<\/strong>\u00a0: H\u1ed9p 10 v\u1ec9 x 10 vi\u00ean.<\/p>\n<p><strong>Rgt.No<\/strong>\u00a0:<\/p>\n<p><strong>B\u1ea2O QU\u1ea2N:<\/strong>\u00a0\u0110\u1ec3 trong b\u00f3ng r\u00e2m, n\u01a1i kh\u00f4 m\u00e1t, \u1edf nhi\u1ec7t \u0111\u1ed9 ph\u00f2ng.<\/p>\n<p><strong>CH\u1ec8 D\u00c0NH CHO TH\u00da Y.<\/strong><\/p>\n<p><strong>Mfg.date \u2013 Exp.date \u2013 L\u00f4:<\/strong>\u00a0\u0111\u01b0\u1ee3c hi\u1ec3n th\u1ecb tr\u00ean bao b\u00ec.<\/p>\n<p><strong>S\u1ea3n xu\u1ea5t t\u1ea1i:<\/strong>\u00a0Th\u00e0nh ph\u1ed1 C\u1ea7n Th\u01a1, Vi\u1ec7t Nam<\/p>\n<p><strong>C\u00d4NG TY C\u1ed4 PH\u1ea6N \u0110\u1ec8NH V\u00c0NG<\/strong><\/p>\n<p><strong>\u0110\u1ecba ch\u1ec9:<\/strong>\u00a0130B, Khu ph\u1ed1 2, Ph\u01b0\u1eddng Ba L\u00e1ng, Qu\u1eadn C\u00e1i R\u0103ng, Th\u00e0nh ph\u1ed1 C\u1ea7n Th\u01a1, Vi\u1ec7t Nam.<\/p>\n<p><strong>\u0110T:<\/strong>\u00a0<a href=\"tel:+842923756238\">(+84)292 3756 238<\/a><\/p>\n","protected":false},"excerpt":{"rendered":"<p>VI\u00caN U\u1ed0NG TR\u1eca S\u00c1N S\u00c1N, S\u00c1N L\u00c1 D\u1ea0 C\u1ece\u00a0 TH\u00c0NH PH\u1ea6N:\u00a0M\u1ed7i vi\u00ean 1,75g ch\u1ee9a: Niclosamid\u2026\u2026\u2026\u2026\u2026\u2026\u2026\u2026\u2026\u2026\u2026\u2026.. 1.250mg CH\u1ec8 \u0110\u1ecaNH:\u00a0Niclosamide d\u00f9ng ph\u00f2ng, ch\u1ed1ng v\u00e0 \u0111i\u1ec1u tr\u1ecb nhi\u1ec5m k\u00fd sinh tr\u00f9ng do s\u00e1n d\u00e2y (cestodes), s\u00e1n l\u00e1 d\u1ea1 c\u1ecf (Paramphistomum spp) \u1edf \u0111\u1ed9ng v\u1eadt nhai l\u1ea1i, \u0103n th\u1ecbt v\u00e0 gia c\u1ea7m.\u00a0N\u00f3i chung, c\u00e1c lo\u00e0i taenia, moniezia, stelzia, dipylidium [&hellip;]<\/p>\n","protected":false},"featured_media":10202,"comment_status":"open","ping_status":"closed","template":"","meta":[],"product_cat":[118],"product_tag":[],"_links":{"self":[{"href":"https:\/\/promedic.com.vn\/vi\/wp-json\/wp\/v2\/product\/10278"}],"collection":[{"href":"https:\/\/promedic.com.vn\/vi\/wp-json\/wp\/v2\/product"}],"about":[{"href":"https:\/\/promedic.com.vn\/vi\/wp-json\/wp\/v2\/types\/product"}],"replies":[{"embeddable":true,"href":"https:\/\/promedic.com.vn\/vi\/wp-json\/wp\/v2\/comments?post=10278"}],"wp:featuredmedia":[{"embeddable":true,"href":"https:\/\/promedic.com.vn\/vi\/wp-json\/wp\/v2\/media\/10202"}],"wp:attachment":[{"href":"https:\/\/promedic.com.vn\/vi\/wp-json\/wp\/v2\/media?parent=10278"}],"wp:term":[{"taxonomy":"product_cat","embeddable":true,"href":"https:\/\/promedic.com.vn\/vi\/wp-json\/wp\/v2\/product_cat?post=10278"},{"taxonomy":"product_tag","embeddable":true,"href":"https:\/\/promedic.com.vn\/vi\/wp-json\/wp\/v2\/product_tag?post=10278"}],"curies":[{"name":"wp","href":"https:\/\/api.w.org\/{rel}","templated":true}]}}