{"id":10274,"date":"2022-12-04T08:37:01","date_gmt":"2022-12-04T08:37:01","guid":{"rendered":"http:\/\/promediccomvn469.chiliweb.org\/san-pham\/sulfa-125\/"},"modified":"2022-12-07T11:30:37","modified_gmt":"2022-12-07T11:30:37","slug":"sulfa-125","status":"publish","type":"product","link":"https:\/\/promedic.com.vn\/vi\/san-pham\/sulfa-125\/","title":{"rendered":"Sulfa 125"},"content":{"rendered":"<p><strong>\u0110I\u1ec0U TR\u1eca NHI\u1ec4M KHU\u1ea8N M\u00c1U, VI\u00caM PH\u1ed4I, VI\u00caM M\u0168I VI\u00caN\u00a0<\/strong><strong>U\u1ed0NG<\/strong><\/p>\n<p><strong>TH\u00c0NH PH\u1ea6N:<\/strong>\u00a0M\u1ed7i vi\u00ean 1,75g ch\u1ee9a:<\/p>\n<ul>\n<li>Sulfadimidin\u2026\u2026\u2026\u2026\u2026\u2026\u2026\u2026\u2026\u2026\u2026\u2026.. 1.250mg<\/li>\n<\/ul>\n<p><strong>CH\u1ec8 \u0110\u1ecaNH:<\/strong><\/p>\n<p>\u0110i\u1ec1u tr\u1ecb hi\u1ec7u qu\u1ea3 c\u00e1c b\u1ec7nh tr\u00ean v\u1eadt nu\u00f4i nh\u01b0:<\/p>\n<ul>\n<li>Tr\u00ean tr\u00e2u b\u00f2, l\u1ea1c \u0111\u00e0: T\u1ee5 huy\u1ebft tr\u00f9ng, th\u1ed1i ch\u00e2n, l\u1edf b\u00ea, b\u1ea1ch h\u1ea7u b\u00ea, vi\u00eam ru\u1ed9t do vi khu\u1ea9n, nhi\u1ec5m khu\u1ea9n huy\u1ebft, vi\u00eam ph\u1ed5i do vi khu\u1ea9n, vi\u00eam t\u1eed cung, c\u1ea7u tr\u00f9ng, c\u00e1c bi\u1ebfn ch\u1ee9ng th\u1ee9 ph\u00e1t do vi khu\u1ea9n g\u00e2y ra do Rinderpest.<\/li>\n<li>Tr\u00ean c\u1eebu v\u00e0 d\u00ea: vi\u00eam ph\u1ed5i do vi khu\u1ea9n, nhi\u1ec5m tr\u00f9ng huy\u1ebft, vi\u00eam t\u1eed cung, th\u1ed1i ch\u00e2n v\u00e0 c\u1ea7u tr\u00f9ng.<\/li>\n<\/ul>\n<p><strong>LI\u1ec0U L\u01af\u1ee2NG V\u00c0 C\u00c1CH D\u00d9NG:<\/strong><\/p>\n<p>D\u00f9ng \u0111\u01b0\u1eddng u\u1ed1ng:<\/p>\n<ul>\n<li>Gia s\u00fac, l\u1ea1c \u0111\u00e0, c\u1eebu, d\u00ea: 220 mg\/kg th\u1ec3 tr\u1ecdng ho\u1eb7c 4 vi\u00ean\/23-25kg th\u1ec3 tr\u1ecdng nh\u01b0 m\u1ed9t li\u1ec1u kh\u1edfi \u0111\u1ea7u, sau \u0111\u00f3 m\u1ed9t n\u1eeda li\u1ec1u n\u00e0y m\u1ed7i ng\u00e0y.\u00a0D\u00f9ng li\u00ean t\u1ee5c 3-5 ng\u00e0y.<\/li>\n<\/ul>\n<p><strong>TH\u1edcI H\u1ea0N R\u00daT TI\u1ec0N:<\/strong><\/p>\n<ul>\n<li>\u0110\u1ed1i v\u1edbi th\u1ecbt: 10 ng\u00e0y.<\/li>\n<li>\u0110\u1ed1i v\u1edbi s\u1eefa: 4 ng\u00e0y.<\/li>\n<\/ul>\n<p><strong>\u0110\u00d3NG G\u00d3I<\/strong>\u00a0: H\u1ed9p 10 v\u1ec9 x 10 vi\u00ean.<\/p>\n<p><strong>Rgt.No<\/strong>\u00a0: APC-104<\/p>\n<p><strong>B\u1ea2O QU\u1ea2N:<\/strong>\u00a0\u0110\u1ec3 trong b\u00f3ng r\u00e2m, n\u01a1i kh\u00f4 m\u00e1t, \u1edf nhi\u1ec7t \u0111\u1ed9 ph\u00f2ng.<\/p>\n<p><strong>CH\u1ec8 D\u00c0NH CHO TH\u00da Y.<\/strong><\/p>\n<p><strong>Mfg.date \u2013 Exp.date \u2013 L\u00f4:<\/strong>\u00a0\u0111\u01b0\u1ee3c hi\u1ec3n th\u1ecb tr\u00ean bao b\u00ec.<\/p>\n<p><strong>S\u1ea3n xu\u1ea5t t\u1ea1i:<\/strong>\u00a0Th\u00e0nh ph\u1ed1 C\u1ea7n Th\u01a1, Vi\u1ec7t Nam<\/p>\n<p><strong>C\u00d4NG TY C\u1ed4 PH\u1ea6N \u0110\u1ec8NH V\u00c0NG<\/strong><\/p>\n<p><strong>\u0110\u1ecba ch\u1ec9:<\/strong>\u00a0130B, Khu ph\u1ed1 2, Ph\u01b0\u1eddng Ba L\u00e1ng, Qu\u1eadn C\u00e1i R\u0103ng, Th\u00e0nh ph\u1ed1 C\u1ea7n Th\u01a1, Vi\u1ec7t Nam.<\/p>\n<p><strong>\u0110T:<\/strong><a href=\"tel:+842923756238\">(+84)292 3756 238<\/a><\/p>\n","protected":false},"excerpt":{"rendered":"<p>\u0110I\u1ec0U TR\u1eca NHI\u1ec4M KHU\u1ea8N M\u00c1U, VI\u00caM PH\u1ed4I, VI\u00caM M\u0168I VI\u00caN\u00a0U\u1ed0NG TH\u00c0NH PH\u1ea6N:\u00a0M\u1ed7i vi\u00ean 1,75g ch\u1ee9a: Sulfadimidin\u2026\u2026\u2026\u2026\u2026\u2026\u2026\u2026\u2026\u2026\u2026\u2026.. 1.250mg CH\u1ec8 \u0110\u1ecaNH: \u0110i\u1ec1u tr\u1ecb hi\u1ec7u qu\u1ea3 c\u00e1c b\u1ec7nh tr\u00ean v\u1eadt nu\u00f4i nh\u01b0: Tr\u00ean tr\u00e2u b\u00f2, l\u1ea1c \u0111\u00e0: T\u1ee5 huy\u1ebft tr\u00f9ng, th\u1ed1i ch\u00e2n, l\u1edf b\u00ea, b\u1ea1ch h\u1ea7u b\u00ea, vi\u00eam ru\u1ed9t do vi khu\u1ea9n, nhi\u1ec5m khu\u1ea9n huy\u1ebft, vi\u00eam ph\u1ed5i do [&hellip;]<\/p>\n","protected":false},"featured_media":10219,"comment_status":"open","ping_status":"closed","template":"","meta":[],"product_cat":[118],"product_tag":[],"_links":{"self":[{"href":"https:\/\/promedic.com.vn\/vi\/wp-json\/wp\/v2\/product\/10274"}],"collection":[{"href":"https:\/\/promedic.com.vn\/vi\/wp-json\/wp\/v2\/product"}],"about":[{"href":"https:\/\/promedic.com.vn\/vi\/wp-json\/wp\/v2\/types\/product"}],"replies":[{"embeddable":true,"href":"https:\/\/promedic.com.vn\/vi\/wp-json\/wp\/v2\/comments?post=10274"}],"wp:featuredmedia":[{"embeddable":true,"href":"https:\/\/promedic.com.vn\/vi\/wp-json\/wp\/v2\/media\/10219"}],"wp:attachment":[{"href":"https:\/\/promedic.com.vn\/vi\/wp-json\/wp\/v2\/media?parent=10274"}],"wp:term":[{"taxonomy":"product_cat","embeddable":true,"href":"https:\/\/promedic.com.vn\/vi\/wp-json\/wp\/v2\/product_cat?post=10274"},{"taxonomy":"product_tag","embeddable":true,"href":"https:\/\/promedic.com.vn\/vi\/wp-json\/wp\/v2\/product_tag?post=10274"}],"curies":[{"name":"wp","href":"https:\/\/api.w.org\/{rel}","templated":true}]}}