{"id":10267,"date":"2022-12-04T08:43:49","date_gmt":"2022-12-04T08:43:49","guid":{"rendered":"http:\/\/promediccomvn469.chiliweb.org\/san-pham\/tylodox-tab\/"},"modified":"2022-12-07T11:30:37","modified_gmt":"2022-12-07T11:30:37","slug":"tylodox-tab","status":"publish","type":"product","link":"https:\/\/promedic.com.vn\/vi\/san-pham\/tylodox-tab\/","title":{"rendered":"Tylodox tab"},"content":{"rendered":"<p><strong><span>VI\u00caN\u00a0U\u1ed0NG \u0110I\u1ec0U TR\u1eca CRD\u00a0<\/span><\/strong><\/p>\n<p><strong><span>TH\u00c0NH PH\u1ea6N:<\/span><\/strong><span>\u00a0M\u1ed7i vi\u00ean n\u00e9n 200mg ch\u1ee9a:<\/span><\/p>\n<table width=\"283\">\n<tbody>\n<tr>\n<td width=\"207\"><span>tylosin tartrate<\/span><\/td>\n<td width=\"76\"><span>15mg<\/span><\/td>\n<\/tr>\n<tr>\n<td width=\"207\"><span>Thu\u1ed1c Doxycycline Hyclate<\/span><\/td>\n<td width=\"76\"><span>10mg<\/span><\/td>\n<\/tr>\n<tr>\n<td width=\"207\"><span>Bromhexin HCl<\/span><\/td>\n<td width=\"76\"><span>100mcg<\/span><\/td>\n<\/tr>\n<\/tbody>\n<\/table>\n<p><strong><span>C\u00d4NG D\u1ee4NG:<\/span><\/strong><span>\u00a0\u0110i\u1ec1u tr\u1ecb s\u1ed1t cao, gi\u1ea3m ho, long \u0111\u1eddm v\u00e0 gi\u1ea3m co th\u1eaft ph\u1ebf qu\u1ea3n trong vi\u00eam ph\u1ebf qu\u1ea3n v\u00e0 vi\u00eam ph\u1ed5i c\u1ea5p, CRD, C-CRD.<\/span><\/p>\n<p><strong><span>LI\u1ec0U L\u01af\u1ee2NG V\u00c0 C\u00c1CH D\u00d9NG:<\/span><\/strong><\/p>\n<p><span>\u0110\u1ed1i v\u1edbi u\u1ed1ng tr\u1ef1c ti\u1ebfp:<\/span><\/p>\n<ul>\n<li><span>Li\u1ec1u d\u00f9ng chung cho gia c\u1ea7m, chim: 1 vi\u00ean\/400-500g th\u1ec3 tr\u1ecdng\/ng\u00e0y, d\u00f9ng li\u00ean t\u1ee5c 3-5 ng\u00e0y.<\/span><\/li>\n<\/ul>\n<p><strong><span>Th\u1eddi h\u1ea1n r\u00fat ti\u1ec1n\u00a0<\/span><\/strong><strong><span>:<\/span><\/strong><span>\u00a0\u0110\u1ed1i v\u1edbi th\u1ecbt: 07 ng\u00e0y.<\/span><\/p>\n<p><strong><span>Quy c\u00e1ch \u0111\u00f3ng g\u00f3i:<\/span><\/strong><span>\u00a0H\u1ed9p 10 v\u1ec9 x 10 vi\u00ean<\/span><\/p>\n<p><strong><span>S\u1ed1 th\u1ee9 t\u1ef1<\/span><\/strong><span>\u00a0: APC\u201311 \u2013 XK<\/span><\/p>\n<p><strong><span>B\u1ea2O QU\u1ea2N<\/span><\/strong><span>\u00a0: N\u01a1i kh\u00f4 m\u00e1t, nhi\u1ec7t \u0111\u1ed9 d\u01b0\u1edbi 30\u00b0C.<\/span><\/p>\n<p><strong><span>CH\u1ec8 D\u00c0NH CHO TH\u00da Y.<\/span><\/strong><\/p>\n<p><strong><span>S\u1ea3n xu\u1ea5t t\u1ea1i:<\/span><\/strong><span>\u00a0Th\u00e0nh ph\u1ed1 C\u1ea7n Th\u01a1, Vi\u1ec7t Nam<\/span><\/p>\n<p><strong><span>C\u00d4NG TY C\u1ed4 PH\u1ea6N \u0110\u1ec8NH V\u00c0NG<\/span><\/strong><\/p>\n<p><strong><span>\u0110\u1ecba ch\u1ec9:<\/span><\/strong><span>\u00a029, CMT8, Ph\u01b0\u1eddng Th\u1edbi B\u00ecnh, Qu\u1eadn Ninh Ki\u1ec1u, Th\u00e0nh ph\u1ed1 C\u1ea7n Th\u01a1, Vi\u1ec7t Nam.<\/span><\/p>\n<p><strong><span>\u0110T:\u00a0<\/span><\/strong><a href=\"tel:+842923756238\"><span>(+84)292 3756 238<\/span><\/a><\/p>\n","protected":false},"excerpt":{"rendered":"<p>VI\u00caN\u00a0U\u1ed0NG \u0110I\u1ec0U TR\u1eca CRD\u00a0 TH\u00c0NH PH\u1ea6N:\u00a0M\u1ed7i vi\u00ean n\u00e9n 200mg ch\u1ee9a: tylosin tartrate 15mg Thu\u1ed1c Doxycycline Hyclate 10mg Bromhexin HCl 100mcg C\u00d4NG D\u1ee4NG:\u00a0\u0110i\u1ec1u tr\u1ecb s\u1ed1t cao, gi\u1ea3m ho, long \u0111\u1eddm v\u00e0 gi\u1ea3m co th\u1eaft ph\u1ebf qu\u1ea3n trong vi\u00eam ph\u1ebf qu\u1ea3n v\u00e0 vi\u00eam ph\u1ed5i c\u1ea5p, CRD, C-CRD. LI\u1ec0U L\u01af\u1ee2NG V\u00c0 C\u00c1CH D\u00d9NG: \u0110\u1ed1i v\u1edbi u\u1ed1ng tr\u1ef1c ti\u1ebfp: [&hellip;]<\/p>\n","protected":false},"featured_media":10222,"comment_status":"open","ping_status":"closed","template":"","meta":[],"product_cat":[118],"product_tag":[],"_links":{"self":[{"href":"https:\/\/promedic.com.vn\/vi\/wp-json\/wp\/v2\/product\/10267"}],"collection":[{"href":"https:\/\/promedic.com.vn\/vi\/wp-json\/wp\/v2\/product"}],"about":[{"href":"https:\/\/promedic.com.vn\/vi\/wp-json\/wp\/v2\/types\/product"}],"replies":[{"embeddable":true,"href":"https:\/\/promedic.com.vn\/vi\/wp-json\/wp\/v2\/comments?post=10267"}],"wp:featuredmedia":[{"embeddable":true,"href":"https:\/\/promedic.com.vn\/vi\/wp-json\/wp\/v2\/media\/10222"}],"wp:attachment":[{"href":"https:\/\/promedic.com.vn\/vi\/wp-json\/wp\/v2\/media?parent=10267"}],"wp:term":[{"taxonomy":"product_cat","embeddable":true,"href":"https:\/\/promedic.com.vn\/vi\/wp-json\/wp\/v2\/product_cat?post=10267"},{"taxonomy":"product_tag","embeddable":true,"href":"https:\/\/promedic.com.vn\/vi\/wp-json\/wp\/v2\/product_tag?post=10267"}],"curies":[{"name":"wp","href":"https:\/\/api.w.org\/{rel}","templated":true}]}}