{"id":10266,"date":"2022-12-04T08:53:15","date_gmt":"2022-12-04T08:53:15","guid":{"rendered":"http:\/\/promediccomvn469.chiliweb.org\/san-pham\/acidyn-2\/"},"modified":"2022-12-07T11:29:58","modified_gmt":"2022-12-07T11:29:58","slug":"acidyn-2","status":"publish","type":"product","link":"https:\/\/promedic.com.vn\/vi\/san-pham\/acidyn-2\/","title":{"rendered":"Acidyn"},"content":{"rendered":"<p><strong>DUNG<\/strong><strong> D\u1ecaCH U\u1ed0NG<\/strong><\/p>\n<p><strong>TH\u1ee8C \u0102N B\u1ed4 SUNG ACID H\u1eeeU C\u00d3 CHO GIA S\u00daC, GIA C\u1ea6M<\/strong><\/p>\n<ul>\n<li><strong>KH\u1ed0NG CH\u1ebe VI KHU\u1ea8N C\u00d3 H\u1ea0I TRONG \u0110\u01af\u1edcNG RU\u1ed8T<\/strong><\/li>\n<li><strong>GI\u00daP \u0110\u01af\u1edcNG RU\u1ed8T KH\u1eceE M\u1ea0NH<\/strong><\/li>\n<li><strong>GI\u1ea2M TI\u00caU T\u1ed0N TH\u1ee8C \u0102N<\/strong><\/li>\n<li><strong>GI\u1ea2M M\u00d9I H\u00d4I CHU\u1ed2NG TR\u1ea0I<\/strong><\/li>\n<\/ul>\n<p><strong>NGUY\u00caN LI\u1ec6U CH\u00cdNH<\/strong><strong>: <\/strong>Axit propionic, Axit citric, Axit axetic, Axit formic, N\u01b0\u1edbc c\u1ea5t<\/p>\n<p><strong>CH\u1ec8 TI\u00caU CH\u1ea4T L\u01af\u1ee2NG<\/strong><strong>: <\/strong>Trong 1 l\u00edt c\u00f3 ch\u1ee9a<\/p>\n<ul>\n<li>*Axit propionic (min)&#8230;&#8230;&#8230;&#8230;&#8230;&#8230;&#8230;&#8230;&#8230;&#8230;&#8230;15.000mg<\/li>\n<li>Axit citric (min) &#8230;&#8230;&#8230;&#8230;&#8230;&#8230;&#8230;&#8230;&#8230;&#8230;&#8230;&#8230;&#8230; 10.000mg<\/li>\n<li>Axit axetic (min)&#8230;&#8230;&#8230;&#8230;&#8230;&#8230;&#8230;&#8230;&#8230;&#8230;&#8230;&#8230;.. 10.000mg<\/li>\n<li>Axit formic (min) &#8230;&#8230;&#8230;&#8230;&#8230;&#8230;&#8230;&#8230;&#8230;&#8230;&#8230;&#8230;&#8230; 2.000mg<\/li>\n<li>Ch\u1ea5t c\u1ea5m&#8230;&#8230;&#8230;&#8230;&#8230;&#8230;&#8230;&#8230;&#8230;&#8230;&#8230;&#8230;&#8230;&#8230;&#8230;&#8230;. Kh\u00f4ng c\u00f3<\/li>\n<\/ul>\n<p>(*): Ch\u1ea5t ch\u00ednh<\/p>\n<p><strong>B\u1ea2N<\/strong><strong> CH\u1ea4T V\u00c0 <\/strong><strong>C\u00d4NG D\u1ee4NG:<\/strong><\/p>\n<ul>\n<li>C\u1ea3i thi\u1ec7n ch\u1ea5t l\u01b0\u1ee3ng c\u1ee7a n\u01b0\u1edbc b\u1eb1ng c\u00e1ch \u1ee9c ch\u1ebf s\u1ef1 ph\u00e1t tri\u1ec3n c\u1ee7a vi sinh v\u1eadt g\u00e2y b\u1ec7nh (E.coli, Salmonella, n\u1ea5m men v\u00e0 n\u1ea5m m\u1ed1c\u2026c\u00f3 trong n\u01b0\u1edbc, ho\u1eb7c \u0111\u01b0\u1eddng \u1ed1ng d\u1eabn n\u01b0\u1edbc)<\/li>\n<li>Gi\u1ea3m \u0111\u1ed9 pH \u1edf \u0111\u01b0\u1eddng ti\u00eau h\u00f3a, gi\u00fap: ti\u00eau h\u00f3a th\u1ee9c \u0103n t\u1ed1t h\u01a1n, gi\u1ea3m s\u1ef1 ph\u00e1t tri\u1ec3n c\u1ee7a vi sinh v\u1eadt g\u00e2y b\u1ec7nh \u0111\u01b0\u1eddng ru\u1ed9t, gi\u00fap \u0111\u01b0\u1eddng ru\u1ed9t kh\u1ecfe m\u1ea1nh.<\/li>\n<li>\u1ee8c ch\u1ebf s\u1ef1 ph\u00e1t tri\u1ec3n c\u1ee7a \u0111\u1ed9c t\u1ed1 n\u1ea5m m\u1ed1c: mycotoxin, aflatoxin, zeralenone\u2026c\u00f3 trong th\u1ee9c \u0103n.<\/li>\n<li>Gi\u00fap t\u0103ng t\u1ef7 l\u1ec7 chuy\u1ec3n \u0111\u1ed5i th\u1ee9c \u0103n, t\u0103ng t\u1ec9 l\u1ec7 s\u1ed1ng, t\u0103ng n\u0103ng su\u1ea5t v\u00e0 th\u00e0nh t\u00edch tr\u00ean v\u1eadt nu\u00f4i.<\/li>\n<\/ul>\n<p><strong>LI\u1ec0U V\u00c0 C\u00c1CH D\u00d9NG:<\/strong><\/p>\n<ul>\n<li>D\u00f9ng cho heo, tr\u00e2u b\u00f2, d\u00ea, c\u1eebu, ch\u00f3, m\u00e8o, ng\u1ef1a, gia c\u1ea7m.<\/li>\n<li>Pha v\u00e0o n\u01b0\u1edbc cho u\u1ed1ng v\u1edbi li\u1ec1u: 1.000ml\/1.000 l\u00edt n\u01b0\u1edbc u\u1ed1ng.<\/li>\n<li>X\u1eed l\u00fd n\u01b0\u1edbc u\u1ed1ng: 0,5-1ml\/L<\/li>\n<\/ul>\n<p><strong>TCCS 05:<\/strong> 2019\/AC.CT<\/p>\n<p>B\u1ea3o qu\u1ea3n n\u01a1i kh\u00f4 tho\u00e1ng, tr\u00e1nh \u00e1nh n\u1eafng tr\u1ef1c ti\u1ebfp, nhi\u1ec7t \u0111\u1ed9 kh\u00f4ng qu\u00e1 30\u00b0C.<\/p>\n<p><strong>CH\u1ec8 D\u00d9NG TRONG CH\u0102N NU\u00d4I<\/strong><\/p>\n","protected":false},"excerpt":{"rendered":"<p>DUNG D\u1ecaCH U\u1ed0NG TH\u1ee8C \u0102N B\u1ed4 SUNG ACID H\u1eeeU C\u00d3 CHO GIA S\u00daC, GIA C\u1ea6M KH\u1ed0NG CH\u1ebe VI KHU\u1ea8N C\u00d3 H\u1ea0I TRONG \u0110\u01af\u1edcNG RU\u1ed8T GI\u00daP \u0110\u01af\u1edcNG RU\u1ed8T KH\u1eceE M\u1ea0NH GI\u1ea2M TI\u00caU T\u1ed0N TH\u1ee8C \u0102N GI\u1ea2M M\u00d9I H\u00d4I CHU\u1ed2NG TR\u1ea0I NGUY\u00caN LI\u1ec6U CH\u00cdNH: Axit propionic, Axit citric, Axit axetic, Axit formic, N\u01b0\u1edbc c\u1ea5t CH\u1ec8 TI\u00caU CH\u1ea4T [&hellip;]<\/p>\n","protected":false},"featured_media":10228,"comment_status":"open","ping_status":"closed","template":"","meta":[],"product_cat":[90],"product_tag":[],"_links":{"self":[{"href":"https:\/\/promedic.com.vn\/vi\/wp-json\/wp\/v2\/product\/10266"}],"collection":[{"href":"https:\/\/promedic.com.vn\/vi\/wp-json\/wp\/v2\/product"}],"about":[{"href":"https:\/\/promedic.com.vn\/vi\/wp-json\/wp\/v2\/types\/product"}],"replies":[{"embeddable":true,"href":"https:\/\/promedic.com.vn\/vi\/wp-json\/wp\/v2\/comments?post=10266"}],"wp:featuredmedia":[{"embeddable":true,"href":"https:\/\/promedic.com.vn\/vi\/wp-json\/wp\/v2\/media\/10228"}],"wp:attachment":[{"href":"https:\/\/promedic.com.vn\/vi\/wp-json\/wp\/v2\/media?parent=10266"}],"wp:term":[{"taxonomy":"product_cat","embeddable":true,"href":"https:\/\/promedic.com.vn\/vi\/wp-json\/wp\/v2\/product_cat?post=10266"},{"taxonomy":"product_tag","embeddable":true,"href":"https:\/\/promedic.com.vn\/vi\/wp-json\/wp\/v2\/product_tag?post=10266"}],"curies":[{"name":"wp","href":"https:\/\/api.w.org\/{rel}","templated":true}]}}