{"id":9481,"date":"2021-05-24T13:27:31","date_gmt":"2021-05-24T13:27:31","guid":{"rendered":"https:\/\/winmaxco.com.vn\/?page_id=9481"},"modified":"2022-06-18T04:29:28","modified_gmt":"2022-06-18T04:29:28","slug":"gioi-thieu","status":"publish","type":"page","link":"https:\/\/promedic.com.vn\/vi\/gioi-thieu\/","title":{"rendered":"Gi\u1edbi thi\u1ec7u"},"content":{"rendered":"<p><img width=\"1920\" height=\"500\" src=\"http:\/\/winmaxcocomvn724.chiliweb.org\/wp-content\/uploads\/2022\/06\/gt7.jpg\" alt=\"\" srcset=\"http:\/\/winmaxcocomvn724.chiliweb.org\/wp-content\/uploads\/2022\/06\/gt7.jpg 1920w, http:\/\/winmaxcocomvn724.chiliweb.org\/wp-content\/uploads\/2022\/06\/gt7-300x78.jpg 300w, http:\/\/winmaxcocomvn724.chiliweb.org\/wp-content\/uploads\/2022\/06\/gt7-1024x267.jpg 1024w, http:\/\/winmaxcocomvn724.chiliweb.org\/wp-content\/uploads\/2022\/06\/gt7-768x200.jpg 768w, http:\/\/winmaxcocomvn724.chiliweb.org\/wp-content\/uploads\/2022\/06\/gt7-1536x400.jpg 1536w, http:\/\/winmaxcocomvn724.chiliweb.org\/wp-content\/uploads\/2022\/06\/gt7-600x156.jpg 600w\" sizes=\"(max-width: 1920px) 100vw, 1920px\" \/><br \/>\n\t\t<var data-vertical-offset-3840=\"35\" style=\"font-size: 130px;top: 35px\"><br \/>\n\t\tWinmax<br \/>\n\t<\/var><br \/>\n\t\tGi\u1edbi thi\u1ec7u v\u1ec1<\/p>\n<h2 style=\"color: #223063\">\n\t\t\t\t\tC\u00d4NG TY C\u1ed4 PH\u1ea6N NAM TI\u1ebeN (WINMAX) \t\t\t<\/h2>\n<p>C\u00d4NG TY C\u1ed4 PH\u1ea6N NAM TI\u1ebeN (WINMAX) thu\u1ed9c t\u1eadp \u0111o\u00e0n Asia Pharma t\u1ea1i Vi\u1ec7t Nam. C\u00f4ng ty ho\u1ea1t \u0111\u1ed9ng trong l\u0129nh v\u1ef1c s\u1ea3n xu\u1ea5t th\u1ee9c \u0103n th\u1ee7y s\u1ea3n tr\u00ean 12 n\u0103m &#8211; l\u00e0 \u0111\u1ed1i t\u00e1c c\u1ee7a th\u1ee9c \u0103n ch\u0103n nu\u00f4i PROCONCO. Ch\u00fang t\u00f4i t\u1ef1 h\u00e0o v\u1ec1 ch\u1ea5t l\u01b0\u1ee3ng d\u1eabn \u0111\u1ea7u trong ng\u00e0nh su\u1ed1t nhi\u1ec1u n\u0103m qua.<\/p>\n<p>\t\t\t<img width=\"1300\" height=\"1056\" src=\"http:\/\/winmaxcocomvn724.chiliweb.org\/wp-content\/uploads\/2022\/06\/gt5.jpg\" alt=\"\" srcset=\"http:\/\/winmaxcocomvn724.chiliweb.org\/wp-content\/uploads\/2022\/06\/gt5.jpg 1300w, http:\/\/winmaxcocomvn724.chiliweb.org\/wp-content\/uploads\/2022\/06\/gt5-300x244.jpg 300w, http:\/\/winmaxcocomvn724.chiliweb.org\/wp-content\/uploads\/2022\/06\/gt5-1024x832.jpg 1024w, http:\/\/winmaxcocomvn724.chiliweb.org\/wp-content\/uploads\/2022\/06\/gt5-768x624.jpg 768w, http:\/\/winmaxcocomvn724.chiliweb.org\/wp-content\/uploads\/2022\/06\/gt5-600x487.jpg 600w\" sizes=\"(max-width: 1300px) 100vw, 1300px\" \/>\t\t<\/p>\n<h3 style=\"color: #223063\">\n\t\t\tL\u0129nh v\u1ef1c ho\u1ea1t \u0111\u1ed9ng\t<\/h3>\n<p >C\u00d4NG TY C\u1ed4 PH\u1ea6N NAM TI\u1ebeN (WINMAX) l\u00e0 nh\u00e0 \u0111\u1ea7u t\u01b0 nh\u00e0 m\u00e1y s\u1ea3n xu\u1ea5t thu\u1ed1c th\u00fa y c\u00f3 kinh nghi\u1ec7m ho\u1ea1t \u0111\u1ed9ng trong l\u0129nh v\u1ef1c s\u1ea3n xu\u1ea5t thu\u1ed1c th\u00fa y, th\u1ee9c \u0103n ch\u0103n nu\u00f4i, s\u1ea3n ph\u1ea9m th\u1ee7y s\u1ea3n t\u1eeb n\u0103m 1992. T\u1eeb n\u0103m 2018 \u0111\u1ebfn nay, WINMAX b\u01b0\u1edbc ch\u00e2n v\u00e0o th\u1ecb tr\u01b0\u1eddng Qu\u1ed1c t\u1ebf, \u0111\u01b0a th\u01b0\u01a1ng hi\u1ec7u \u0111\u1ebfn t\u1eadn tay ng\u01b0\u1eddi n\u00f4ng d\u00e2n tr\u00ean 18 Qu\u1ed1c gia. T\u1ef1 h\u00e0o v\u1edbi t\u1ed1c \u0111\u1ed9 th\u00e2m nh\u1eadp v\u00e0o th\u1ecb tr\u01b0\u1eddng xu\u1ea5t kh\u1ea9u, m\u1edf r\u1ed9ng th\u1ecb tr\u01b0\u1eddng s\u1ea3n ph\u1ea9m th\u1ee7y s\u1ea3n, thu\u1ed1c th\u00fa y, vaccine v\u00e0 th\u1ee9c \u0103n ch\u0103n nu\u00f4i.<\/p>\n<p>\t\t\t<img width=\"1300\" height=\"1056\" src=\"http:\/\/winmaxcocomvn724.chiliweb.org\/wp-content\/uploads\/2022\/06\/gt6.jpg\" alt=\"\" srcset=\"http:\/\/winmaxcocomvn724.chiliweb.org\/wp-content\/uploads\/2022\/06\/gt6.jpg 1300w, http:\/\/winmaxcocomvn724.chiliweb.org\/wp-content\/uploads\/2022\/06\/gt6-300x244.jpg 300w, http:\/\/winmaxcocomvn724.chiliweb.org\/wp-content\/uploads\/2022\/06\/gt6-1024x832.jpg 1024w, http:\/\/winmaxcocomvn724.chiliweb.org\/wp-content\/uploads\/2022\/06\/gt6-768x624.jpg 768w, http:\/\/winmaxcocomvn724.chiliweb.org\/wp-content\/uploads\/2022\/06\/gt6-600x487.jpg 600w\" sizes=\"(max-width: 1300px) 100vw, 1300px\" \/>\t\t<\/p>\n<h3 style=\"color: #FFFFFF\">\n\t\t\tM\u1ee5c ti\u00eau ho\u1ea1t \u0111\u1ed9ng\t<\/h3>\n<p style=\"color: #CECECE\">M\u1ee5c ti\u00eau c\u1ed1t l\u00f5i c\u1ee7a WINMAX kh\u00f4ng ch\u1ec9 m\u1edf r\u1ed9ng th\u1ecb tr\u01b0\u1eddng trong v\u00e0 ngo\u00e0i n\u01b0\u1edbc m\u00e0 c\u00f2n mu\u1ed1n \u0111\u01b0\u1ee3c tr\u1edf th\u00e0nh m\u1ed9t th\u01b0\u01a1ng hi\u1ec7u th\u00e2n thi\u1ec7n v\u1edbi nh\u00e0 n\u00f4ng. Ch\u00fang t\u00f4i tin r\u1eb1ng ch\u1ea5t l\u01b0\u1ee3ng s\u1ebd t\u1ea1o n\u00ean l\u00f2ng tin \u0111\u1ed1i v\u1edbi ng\u01b0\u1eddi ti\u00eau d\u00f9ng. <\/p>\n<p>\t\t\t\t\t<img width=\"25\" height=\"34\" src=\"http:\/\/winmaxcocomvn724.chiliweb.org\/wp-content\/uploads\/2021\/05\/p2-icon-01.png\" alt=\"t\" \/>\t\t<\/p>\n<h4 style=\"color: #223063\">\n\t\t\t\t\tS\u1ea3n ph\u1ea9m ch\u1ea5t l\u01b0\u1ee3ng<br \/>\n\t\t\t<\/h4>\n<p>\t\t\t\t\t<img width=\"35\" height=\"23\" src=\"http:\/\/winmaxcocomvn724.chiliweb.org\/wp-content\/uploads\/2021\/05\/p2-icon-02.png\" alt=\"t\" \/>\t\t<\/p>\n<h4 style=\"color: #223063\">\n\t\t\t\t\tThanh to\u00e1n linh ho\u1ea1t<br \/>\n\t\t\t<\/h4>\n<p>\t\t\t\t\t<img width=\"33\" height=\"26\" src=\"http:\/\/winmaxcocomvn724.chiliweb.org\/wp-content\/uploads\/2021\/05\/p2-icon-03.png\" alt=\"t\" \/>\t\t<\/p>\n<h4 style=\"color: #223063\">\n\t\t\t\t\tTh\u00e2n thi\u1ec7n m\u00f4i tr\u01b0\u1eddng<br \/>\n\t\t\t<\/h4>\n<p>\t\t\t\t\t<img width=\"25\" height=\"31\" src=\"http:\/\/winmaxcocomvn724.chiliweb.org\/wp-content\/uploads\/2021\/05\/p2-icon-04.png\" alt=\"t\" \/>\t\t<\/p>\n<h4 style=\"color: #223063\">\n\t\t\t\t\tC\u1eeda h\u00e0ng online<br \/>\n\t\t\t<\/h4>\n<p>\t\t\t\t\t<img width=\"35\" height=\"26\" src=\"http:\/\/winmaxcocomvn724.chiliweb.org\/wp-content\/uploads\/2021\/05\/p2-icon-05.png\" alt=\"t\" \/>\t\t<\/p>\n<h4 style=\"color: #223063\">\n\t\t\t\t\tMi\u1ec5n ph\u00ed v\u1eadn chuy\u1ec3n<br \/>\n\t\t\t<\/h4>\n<p>\t\t\t\t\t<img width=\"31\" height=\"24\" src=\"http:\/\/winmaxcocomvn724.chiliweb.org\/wp-content\/uploads\/2021\/05\/p2-icon-06.png\" alt=\"t\" \/>\t\t<\/p>\n<h4 style=\"color: #223063\">\n\t\t\t\t\tD\u1ec5 d\u00e0ng \u0111\u1ed5i tr\u1ea3<br \/>\n\t\t\t<\/h4>\n<h4 >\n\t\t\t\t\tNatural aroma\t\t\t<\/h4>\n<p style=\"margin-top: 14px\">Ultrices dui sapien miproin velit egestas duisefpal rateus. Vel facil siseros volutpat est.<\/p>\n<p>\t\t<var data-vertical-offset-3840=\"35\" style=\"font-size: 130px;top: 35px\"><br \/>\n\t\tnatural<br \/>\n\t<\/var><br \/>\n\t\tCandles &amp; difusers<\/p>\n<h2 >\n\t\t\t\t\tFind your routine\t\t\t<\/h2>\n<p>No posts were found for provided query parameters.<\/p>\n<style>\/*! elementor - v3.6.5 - 27-04-2022 *\/\n.elementor-image-gallery .gallery-item{display:inline-block;text-align:center;vertical-align:top;width:100%;max-width:100%;margin:0 auto}.elementor-image-gallery .gallery-item img{margin:0 auto}.elementor-image-gallery .gallery-item .gallery-caption{margin:0}.elementor-image-gallery figure img{display:block}.elementor-image-gallery figure figcaption{width:100%}.gallery-spacing-custom .elementor-image-gallery .gallery-icon{padding:0}@media (min-width:768px){.elementor-image-gallery .gallery-columns-2 .gallery-item{max-width:50%}.elementor-image-gallery .gallery-columns-3 .gallery-item{max-width:33.33%}.elementor-image-gallery .gallery-columns-4 .gallery-item{max-width:25%}.elementor-image-gallery .gallery-columns-5 .gallery-item{max-width:20%}.elementor-image-gallery .gallery-columns-6 .gallery-item{max-width:16.666%}.elementor-image-gallery .gallery-columns-7 .gallery-item{max-width:14.28%}.elementor-image-gallery .gallery-columns-8 .gallery-item{max-width:12.5%}.elementor-image-gallery .gallery-columns-9 .gallery-item{max-width:11.11%}.elementor-image-gallery .gallery-columns-10 .gallery-item{max-width:10%}}@media (min-width:480px) and (max-width:767px){.elementor-image-gallery .gallery.gallery-columns-2 .gallery-item,.elementor-image-gallery .gallery.gallery-columns-3 .gallery-item,.elementor-image-gallery .gallery.gallery-columns-4 .gallery-item,.elementor-image-gallery .gallery.gallery-columns-5 .gallery-item,.elementor-image-gallery .gallery.gallery-columns-6 .gallery-item,.elementor-image-gallery .gallery.gallery-columns-7 .gallery-item,.elementor-image-gallery .gallery.gallery-columns-8 .gallery-item,.elementor-image-gallery .gallery.gallery-columns-9 .gallery-item,.elementor-image-gallery .gallery.gallery-columns-10 .gallery-item{max-width:50%}}@media (max-width:479px){.elementor-image-gallery .gallery.gallery-columns-2 .gallery-item,.elementor-image-gallery .gallery.gallery-columns-3 .gallery-item,.elementor-image-gallery .gallery.gallery-columns-4 .gallery-item,.elementor-image-gallery .gallery.gallery-columns-5 .gallery-item,.elementor-image-gallery .gallery.gallery-columns-6 .gallery-item,.elementor-image-gallery .gallery.gallery-columns-7 .gallery-item,.elementor-image-gallery .gallery.gallery-columns-8 .gallery-item,.elementor-image-gallery .gallery.gallery-columns-9 .gallery-item,.elementor-image-gallery .gallery.gallery-columns-10 .gallery-item{max-width:100%}}<\/style>\n<style type=\"text\/css\">\n\t\t\t#gallery-1 {\n\t\t\t\tmargin: auto;\n\t\t\t}\n\t\t\t#gallery-1 .gallery-item {\n\t\t\t\tfloat: left;\n\t\t\t\tmargin-top: 10px;\n\t\t\t\ttext-align: center;\n\t\t\t\twidth: 25%;\n\t\t\t}\n\t\t\t#gallery-1 img {\n\t\t\t\tborder: 2px solid #cfcfcf;\n\t\t\t}\n\t\t\t#gallery-1 .gallery-caption {\n\t\t\t\tmargin-left: 0;\n\t\t\t}\n\t\t\t\/* see gallery_shortcode() in wp-includes\/media.php *\/\n\t\t<\/style>\n<dl class='gallery-item'>\n<dt class='gallery-icon portrait'>\n\t\t\t\t<a data-elementor-open-lightbox=\"yes\" data-elementor-lightbox-slideshow=\"7780c7a\" data-elementor-lightbox-title=\"gt3\" e-action-hash=\"#elementor-action%3Aaction%3Dlightbox%26settings%3DeyJpZCI6OTQ2MiwidXJsIjoiaHR0cDpcL1wvd2lubWF4Y29jb212bjcyNC5jaGlsaXdlYi5vcmdcL3dwLWNvbnRlbnRcL3VwbG9hZHNcLzIwMjJcLzA2XC9ndDMuanBnIiwic2xpZGVzaG93IjoiNzc4MGM3YSJ9\" href='http:\/\/winmaxcocomvn724.chiliweb.org\/wp-content\/uploads\/2022\/06\/gt3.jpg'><img width=\"1300\" height=\"1947\" src=\"http:\/\/winmaxcocomvn724.chiliweb.org\/wp-content\/uploads\/2022\/06\/gt3.jpg\" alt=\"\" srcset=\"http:\/\/winmaxcocomvn724.chiliweb.org\/wp-content\/uploads\/2022\/06\/gt3.jpg 1300w, http:\/\/winmaxcocomvn724.chiliweb.org\/wp-content\/uploads\/2022\/06\/gt3-200x300.jpg 200w, http:\/\/winmaxcocomvn724.chiliweb.org\/wp-content\/uploads\/2022\/06\/gt3-684x1024.jpg 684w, http:\/\/winmaxcocomvn724.chiliweb.org\/wp-content\/uploads\/2022\/06\/gt3-768x1150.jpg 768w, http:\/\/winmaxcocomvn724.chiliweb.org\/wp-content\/uploads\/2022\/06\/gt3-1026x1536.jpg 1026w, http:\/\/winmaxcocomvn724.chiliweb.org\/wp-content\/uploads\/2022\/06\/gt3-600x899.jpg 600w\" sizes=\"(max-width: 1300px) 100vw, 1300px\" \/><\/a>\n\t\t\t<\/dt>\n<\/dl>\n<dl class='gallery-item'>\n<dt class='gallery-icon portrait'>\n\t\t\t\t<a data-elementor-open-lightbox=\"yes\" data-elementor-lightbox-slideshow=\"7780c7a\" data-elementor-lightbox-title=\"gt4\" e-action-hash=\"#elementor-action%3Aaction%3Dlightbox%26settings%3DeyJpZCI6OTQ2NCwidXJsIjoiaHR0cDpcL1wvd2lubWF4Y29jb212bjcyNC5jaGlsaXdlYi5vcmdcL3dwLWNvbnRlbnRcL3VwbG9hZHNcLzIwMjJcLzA2XC9ndDQuanBnIiwic2xpZGVzaG93IjoiNzc4MGM3YSJ9\" href='http:\/\/winmaxcocomvn724.chiliweb.org\/wp-content\/uploads\/2022\/06\/gt4.jpg'><img width=\"1300\" height=\"1947\" src=\"http:\/\/winmaxcocomvn724.chiliweb.org\/wp-content\/uploads\/2022\/06\/gt4.jpg\" alt=\"\" srcset=\"http:\/\/winmaxcocomvn724.chiliweb.org\/wp-content\/uploads\/2022\/06\/gt4.jpg 1300w, http:\/\/winmaxcocomvn724.chiliweb.org\/wp-content\/uploads\/2022\/06\/gt4-200x300.jpg 200w, http:\/\/winmaxcocomvn724.chiliweb.org\/wp-content\/uploads\/2022\/06\/gt4-684x1024.jpg 684w, http:\/\/winmaxcocomvn724.chiliweb.org\/wp-content\/uploads\/2022\/06\/gt4-768x1150.jpg 768w, http:\/\/winmaxcocomvn724.chiliweb.org\/wp-content\/uploads\/2022\/06\/gt4-1026x1536.jpg 1026w, http:\/\/winmaxcocomvn724.chiliweb.org\/wp-content\/uploads\/2022\/06\/gt4-600x899.jpg 600w\" sizes=\"(max-width: 1300px) 100vw, 1300px\" \/><\/a>\n\t\t\t<\/dt>\n<\/dl>\n<dl class='gallery-item'>\n<dt class='gallery-icon portrait'>\n\t\t\t\t<a data-elementor-open-lightbox=\"yes\" data-elementor-lightbox-slideshow=\"7780c7a\" data-elementor-lightbox-title=\"gt1\" e-action-hash=\"#elementor-action%3Aaction%3Dlightbox%26settings%3DeyJpZCI6OTQ1NSwidXJsIjoiaHR0cDpcL1wvd2lubWF4Y29jb212bjcyNC5jaGlsaXdlYi5vcmdcL3dwLWNvbnRlbnRcL3VwbG9hZHNcLzIwMjJcLzA2XC9ndDEuanBnIiwic2xpZGVzaG93IjoiNzc4MGM3YSJ9\" href='http:\/\/winmaxcocomvn724.chiliweb.org\/wp-content\/uploads\/2022\/06\/gt1.jpg'><img width=\"1300\" height=\"1947\" src=\"http:\/\/winmaxcocomvn724.chiliweb.org\/wp-content\/uploads\/2022\/06\/gt1.jpg\" alt=\"\" srcset=\"http:\/\/winmaxcocomvn724.chiliweb.org\/wp-content\/uploads\/2022\/06\/gt1.jpg 1300w, http:\/\/winmaxcocomvn724.chiliweb.org\/wp-content\/uploads\/2022\/06\/gt1-200x300.jpg 200w, http:\/\/winmaxcocomvn724.chiliweb.org\/wp-content\/uploads\/2022\/06\/gt1-684x1024.jpg 684w, http:\/\/winmaxcocomvn724.chiliweb.org\/wp-content\/uploads\/2022\/06\/gt1-768x1150.jpg 768w, http:\/\/winmaxcocomvn724.chiliweb.org\/wp-content\/uploads\/2022\/06\/gt1-1026x1536.jpg 1026w, http:\/\/winmaxcocomvn724.chiliweb.org\/wp-content\/uploads\/2022\/06\/gt1-600x899.jpg 600w\" sizes=\"(max-width: 1300px) 100vw, 1300px\" \/><\/a>\n\t\t\t<\/dt>\n<\/dl>\n<dl class='gallery-item'>\n<dt class='gallery-icon portrait'>\n\t\t\t\t<a data-elementor-open-lightbox=\"yes\" data-elementor-lightbox-slideshow=\"7780c7a\" data-elementor-lightbox-title=\"gt2\" e-action-hash=\"#elementor-action%3Aaction%3Dlightbox%26settings%3DeyJpZCI6OTQ1NywidXJsIjoiaHR0cDpcL1wvd2lubWF4Y29jb212bjcyNC5jaGlsaXdlYi5vcmdcL3dwLWNvbnRlbnRcL3VwbG9hZHNcLzIwMjJcLzA2XC9ndDIuanBnIiwic2xpZGVzaG93IjoiNzc4MGM3YSJ9\" href='http:\/\/winmaxcocomvn724.chiliweb.org\/wp-content\/uploads\/2022\/06\/gt2.jpg'><img width=\"1300\" height=\"1947\" src=\"http:\/\/winmaxcocomvn724.chiliweb.org\/wp-content\/uploads\/2022\/06\/gt2.jpg\" alt=\"\" srcset=\"http:\/\/winmaxcocomvn724.chiliweb.org\/wp-content\/uploads\/2022\/06\/gt2.jpg 1300w, http:\/\/winmaxcocomvn724.chiliweb.org\/wp-content\/uploads\/2022\/06\/gt2-200x300.jpg 200w, http:\/\/winmaxcocomvn724.chiliweb.org\/wp-content\/uploads\/2022\/06\/gt2-684x1024.jpg 684w, http:\/\/winmaxcocomvn724.chiliweb.org\/wp-content\/uploads\/2022\/06\/gt2-768x1150.jpg 768w, http:\/\/winmaxcocomvn724.chiliweb.org\/wp-content\/uploads\/2022\/06\/gt2-1026x1536.jpg 1026w, http:\/\/winmaxcocomvn724.chiliweb.org\/wp-content\/uploads\/2022\/06\/gt2-600x899.jpg 600w\" sizes=\"(max-width: 1300px) 100vw, 1300px\" \/><\/a>\n\t\t\t<\/dt>\n<\/dl>\n<p><br style=\"clear: both\" \/><\/p>\n","protected":false},"excerpt":{"rendered":"<p>Winmax Gi\u1edbi thi\u1ec7u v\u1ec1 C\u00d4NG TY C\u1ed4 PH\u1ea6N NAM TI\u1ebeN (WINMAX) C\u00d4NG TY C\u1ed4 PH\u1ea6N NAM TI\u1ebeN (WINMAX) thu\u1ed9c t\u1eadp \u0111o\u00e0n Asia Pharma t\u1ea1i Vi\u1ec7t Nam. C\u00f4ng ty ho\u1ea1t \u0111\u1ed9ng trong l\u0129nh v\u1ef1c s\u1ea3n xu\u1ea5t th\u1ee9c \u0103n th\u1ee7y s\u1ea3n tr\u00ean 12 n\u0103m &#8211; l\u00e0 \u0111\u1ed1i t\u00e1c c\u1ee7a th\u1ee9c \u0103n ch\u0103n nu\u00f4i PROCONCO. Ch\u00fang t\u00f4i t\u1ef1 [&hellip;]<\/p>\n","protected":false},"author":1,"featured_media":0,"parent":0,"menu_order":0,"comment_status":"closed","ping_status":"closed","template":"","meta":[],"_links":{"self":[{"href":"https:\/\/promedic.com.vn\/vi\/wp-json\/wp\/v2\/pages\/9481"}],"collection":[{"href":"https:\/\/promedic.com.vn\/vi\/wp-json\/wp\/v2\/pages"}],"about":[{"href":"https:\/\/promedic.com.vn\/vi\/wp-json\/wp\/v2\/types\/page"}],"author":[{"embeddable":true,"href":"https:\/\/promedic.com.vn\/vi\/wp-json\/wp\/v2\/users\/1"}],"replies":[{"embeddable":true,"href":"https:\/\/promedic.com.vn\/vi\/wp-json\/wp\/v2\/comments?post=9481"}],"version-history":[{"count":24,"href":"https:\/\/promedic.com.vn\/vi\/wp-json\/wp\/v2\/pages\/9481\/revisions"}],"predecessor-version":[{"id":9817,"href":"https:\/\/promedic.com.vn\/vi\/wp-json\/wp\/v2\/pages\/9481\/revisions\/9817"}],"wp:attachment":[{"href":"https:\/\/promedic.com.vn\/vi\/wp-json\/wp\/v2\/media?parent=9481"}],"curies":[{"name":"wp","href":"https:\/\/api.w.org\/{rel}","templated":true}]}}